

{"id":566,"date":"2021-09-10T14:27:22","date_gmt":"2021-09-10T12:27:22","guid":{"rendered":"https:\/\/associations.lunel.com\/exemple\/?page_id=566"},"modified":"2023-04-18T09:56:43","modified_gmt":"2023-04-18T07:56:43","slug":"nos-activites","status":"publish","type":"page","link":"https:\/\/associations.lunel.com\/adal\/nos-activites\/","title":{"rendered":"Horaires"},"content":{"rendered":"\n<figure class=\"wp-block-table\"><table><thead><tr><th>Activit\u00e9s<\/th><th class=\"has-text-align-center\" data-align=\"center\">\u00c2ge<\/th><th>Date<\/th><th>Horaires<\/th><th>Lieu<\/th><\/tr><\/thead><tbody><tr><td>A\u00e9romod\u00e9lisme<\/td><td class=\"has-text-align-center\" data-align=\"center\">\u00c0 partir de 14 ans<\/td><td>Samedi<\/td><td>14 H &#8211; 17 H<\/td><td>Chemin de la Monnaie Lunel<\/td><\/tr><\/tbody><\/table><\/figure>\n\n\n\n<p><\/p>\n","protected":false},"excerpt":{"rendered":"<p>Activit\u00e9s \u00c2ge Date Horaires Lieu A\u00e9romod\u00e9lisme \u00c0 partir de 14 ans Samedi 14 H &#8211; 17 H Chemin de la Monnaie Lunel<\/p>\n","protected":false},"author":1,"featured_media":0,"parent":0,"menu_order":0,"comment_status":"closed","ping_status":"closed","template":"","meta":{"_uag_custom_page_level_css":"","footnotes":""},"class_list":["post-566","page","type-page","status-publish","hentry"],"uagb_featured_image_src":{"full":false,"thumbnail":false,"medium":false,"medium_large":false,"large":false,"1536x1536":false,"2048x2048":false,"post-thumbnail":false,"mesmerize-full-hd":false},"uagb_author_info":{"display_name":"admin","author_link":"https:\/\/associations.lunel.com\/adal\/author\/admin\/"},"uagb_comment_info":0,"uagb_excerpt":"Activit\u00e9s \u00c2ge Date Horaires Lieu A\u00e9romod\u00e9lisme \u00c0 partir de 14 ans Samedi 14 H &#8211; 17 H Chemin de la Monnaie Lunel","_links":{"self":[{"href":"https:\/\/associations.lunel.com\/adal\/wp-json\/wp\/v2\/pages\/566","targetHints":{"allow":["GET"]}}],"collection":[{"href":"https:\/\/associations.lunel.com\/adal\/wp-json\/wp\/v2\/pages"}],"about":[{"href":"https:\/\/associations.lunel.com\/adal\/wp-json\/wp\/v2\/types\/page"}],"author":[{"embeddable":true,"href":"https:\/\/associations.lunel.com\/adal\/wp-json\/wp\/v2\/users\/1"}],"replies":[{"embeddable":true,"href":"https:\/\/associations.lunel.com\/adal\/wp-json\/wp\/v2\/comments?post=566"}],"version-history":[{"count":0,"href":"https:\/\/associations.lunel.com\/adal\/wp-json\/wp\/v2\/pages\/566\/revisions"}],"wp:attachment":[{"href":"https:\/\/associations.lunel.com\/adal\/wp-json\/wp\/v2\/media?parent=566"}],"curies":[{"name":"wp","href":"https:\/\/api.w.org\/{rel}","templated":true}]}}