

{"id":18,"date":"2020-12-10T23:24:27","date_gmt":"2020-12-10T22:24:27","guid":{"rendered":"http:\/\/associations.lunel-avenue.com\/arts-et-cultures\/mesmerize\/"},"modified":"2023-07-26T10:22:53","modified_gmt":"2023-07-26T08:22:53","slug":"mesmerize","status":"publish","type":"page","link":"https:\/\/associations.lunel.com\/arts-et-cultures\/","title":{"rendered":"Arts &amp; Cultures"},"content":{"rendered":"\n<div style=\"height:100px\" aria-hidden=\"true\" class=\"wp-block-spacer\"><\/div>\n\n\n\n<section class=\"wp-block-uagb-columns uagb-columns__wrap uagb-columns__background-none uagb-columns__stack-mobile uagb-columns__valign- uagb-columns__gap-10 align uagb-block-78ad6987 uagb-columns__columns-1 uagb-columns__max_width-custom\"><div class=\"uagb-columns__overlay\"><\/div><div class=\"uagb-columns__inner-wrap uagb-columns__columns-1\">\n<div class=\"wp-block-uagb-column uagb-column__wrap uagb-column__background-undefined uagb-block-bfc0bc58\"><div class=\"uagb-column__overlay\"><\/div>\n<section class=\"wp-block-uagb-section uagb-section__wrap uagb-section__background-undefined uagb-block-f7e9e8e8\"><div class=\"uagb-section__overlay\"><\/div><div class=\"uagb-section__inner-wrap\">\n<figure class=\"wp-block-video\"><video height=\"720\" style=\"aspect-ratio: 1280 \/ 720;\" width=\"1280\" controls poster=\"\" src=\"https:\/\/associations.lunel.com\/arts-et-cultures\/wp-content\/uploads\/sites\/2\/2020\/12\/teaser-arts-et-cultures.mp4\"><\/video><\/figure>\n<\/div><\/section>\n\n\n\n<div style=\"height:30px\" aria-hidden=\"true\" class=\"wp-block-spacer\"><\/div>\n\n\n\n<div class=\"wp-block-group has-vivid-cyan-blue-background-color has-background\"><div class=\"wp-block-group__inner-container is-layout-flow wp-block-group-is-layout-flow\">\n<p class=\"has-text-align-center has-white-color has-text-color has-large-font-size\"> <br>\u00ab\u00a0Rechercher passionn\u00e9ment ce qui unit et non ce qui divise\u00a0\u00bb<\/p>\n\n\n\n<p class=\"has-text-align-center has-luminous-vivid-amber-color has-text-color has-normal-font-size\"> <em><strong>Andr\u00e9 Riccardi<\/strong><\/em> <br>   <br><\/p>\n<\/div><\/div>\n\n\n\n<div style=\"height:30px\" aria-hidden=\"true\" class=\"wp-block-spacer\"><\/div>\n\n\n\n<p class=\"has-black-color has-text-color has-medium-font-size\">Depuis plus de 20 ans, Arts et Cultures, association loi 1901, \u0153uvre pour le vivre ensemble sur le territoire Lunellois. Renouer le lien social d\u00e9grad\u00e9 au moyen de partages d\u2019id\u00e9es et de savoirs, et de moments d\u2019\u00e9changes interg\u00e9n\u00e9rationnels. <\/p>\n\n\n\n<p class=\"has-black-color has-text-color has-medium-font-size\">Depuis plus de 20 ans, ARTS ET CULTURES \u0153uvre pour l\u2019\u00e9ducation populaire des jeunes en QPV (quartiers prioritaires de la ville) mais surtout, de tous sans distinction. <\/p>\n\n\n\n<p class=\"has-black-color has-text-color has-medium-font-size\">L\u2019art et la culture par tous et pour tous : l\u2019apprentissage et le partage de valeurs humanistes et r\u00e9publicaines au travers d\u2019activit\u00e9s artistiques, culturelles et sportives.<\/p>\n\n\n\n<div style=\"height:20px\" aria-hidden=\"true\" class=\"wp-block-spacer\"><\/div>\n\n\n\n<h2 class=\"wp-block-heading has-vivid-cyan-blue-color has-text-color\">Nos objectifs<\/h2>\n\n\n\n<div class=\"wp-block-columns is-layout-flex wp-container-core-columns-is-layout-9d6595d7 wp-block-columns-is-layout-flex\">\n<div class=\"wp-block-column is-layout-flow wp-block-column-is-layout-flow\">\n<ul class=\"wp-block-list\">\n<li>R\u00e9unir autour de centres d\u2019int\u00e9r\u00eats communs<\/li>\n\n\n\n<li>Partager sa culture et son savoir<\/li>\n\n\n\n<li>\u00c9changer des points de vues diff\u00e9rents<\/li>\n\n\n\n<li>R\u00e9affirmer des valeurs universelles communes<\/li>\n\n\n\n<li>\u00c9duquer \u00e0 la citoyennet\u00e9<\/li>\n<\/ul>\n<\/div>\n\n\n\n<div class=\"wp-block-column is-layout-flow wp-block-column-is-layout-flow\">\n<ul class=\"wp-block-list\">\n<li>S\u2019investir dans la vie de sa commune<\/li>\n\n\n\n<li>Se d\u00e9couvrir des aptitudes nouvelles<\/li>\n\n\n\n<li>Apprendre \u00e0 se conna\u00eetre<\/li>\n\n\n\n<li>Former \u00e0 la diff\u00e9rence<\/li>\n\n\n\n<li>Ouvrir de nouvelles perspectives<\/li>\n\n\n\n<li>Panser le pass\u00e9 et penser l\u2019avenir ensemble<\/li>\n<\/ul>\n<\/div>\n<\/div>\n\n\n\n<h2 class=\"wp-block-heading has-vivid-cyan-blue-color has-text-color\">Nos derni\u00e8res Actualit\u00e9s<\/h2>\n\n\n\n\t\t\t<div class=\"wp-block-uagb-post-grid uagb-post-grid  uagb-post__image-position-top uagb-post__image-enabled uagb-block-80ea3edd     uagb-post__items uagb-post__columns-3 is-grid uagb-post__columns-tablet-2 uagb-post__columns-mobile-1 uagb-post__equal-height\" data-total=\"2\" style=\"\">\n\n\t\t\t\t\t\t\t\t\t\t\t\t<article class=\"uagb-post__inner-wrap\">\t\t\t\t\t\t\t\t<div class='uagb-post__image'>\n\t\t\t\t\t\t\t\t\t<a href=\"https:\/\/associations.lunel.com\/arts-et-cultures\/2022\/03\/08\/vacances-hiver-2022\/\" target=\"_self\" rel=\"bookmark noopener noreferrer\" class='uagb-image-ratio-inherit'><img loading=\"lazy\" decoding=\"async\" width=\"1024\" height=\"724\" src=\"https:\/\/associations.lunel.com\/arts-et-cultures\/wp-content\/uploads\/sites\/2\/2022\/03\/VACANCES-HIVER-2022-1024x724.jpg\" class=\"attachment-large size-large\" alt=\"\" srcset=\"https:\/\/associations.lunel.com\/arts-et-cultures\/wp-content\/uploads\/sites\/2\/2022\/03\/VACANCES-HIVER-2022-1024x724.jpg 1024w, https:\/\/associations.lunel.com\/arts-et-cultures\/wp-content\/uploads\/sites\/2\/2022\/03\/VACANCES-HIVER-2022-300x212.jpg 300w, https:\/\/associations.lunel.com\/arts-et-cultures\/wp-content\/uploads\/sites\/2\/2022\/03\/VACANCES-HIVER-2022-768x543.jpg 768w, https:\/\/associations.lunel.com\/arts-et-cultures\/wp-content\/uploads\/sites\/2\/2022\/03\/VACANCES-HIVER-2022.jpg 1123w\" sizes=\"auto, (max-width: 1024px) 100vw, 1024px\" \/>\t\t\t\t\t<\/a>\n\t\t\t\t\t\t\t<\/div>\n\t\t\t\t\t\t<h4 class=\"uagb-post__title uagb-post__text\">\n\t\t\t\t<a href=\"https:\/\/associations.lunel.com\/arts-et-cultures\/2022\/03\/08\/vacances-hiver-2022\/\" target=\"_self\" rel=\"bookmark noopener noreferrer\">Vacances hiver 2022<\/a>\n\t\t\t<\/h4>\n\t\t\t\t\t\t<div class='uagb-post__text uagb-post-grid-byline'>\n\t\t\t\t\t\t\t\t<time datetime=\"2022-03-08T12:03:25+01:00\" class=\"uagb-post__date\">\n\t\t\t\t<span class=\"dashicons-calendar dashicons\"><\/span>\t\t\t\t\t8 mars 2022\t\t\t\t<\/time>\n\t\t\t\t\t\t\t<span class=\"uagb-post__comment\">\n\t\t\t\t<span class=\"dashicons-admin-comments dashicons\"><\/span>\t\t\t\t\tAucun commentaire\t\t\t\t<\/span>\n\t\t\t\t\t\t<\/div>\n\t\t\t\t\t\t\t<div class='uagb-post__text uagb-post__excerpt'>\n\t\t\t\t\t<p>L&rsquo;\u00e9quipe d&rsquo;animation : Arts et Culture : Nawel, Linda, Basile,&#8230;\t\t\t\t<\/div>\n\t\t\t\t\t\t<div class=\"uagb-post__text uagb-post__cta wp-block-button\">\n\t\t\t\t<a class=\"wp-block-button__link uagb-text-link\" style=\"\" href=\"https:\/\/associations.lunel.com\/arts-et-cultures\/2022\/03\/08\/vacances-hiver-2022\/\" target=\"_self\" rel=\"bookmark noopener noreferrer\">Lire la suite<\/a>\n\t\t\t<\/div>\n\t\t\t\n\t\t\t\t\t\t\t\t\t<\/article>\n\t\t\t\t\t\t\t\t\t\t\t\t\t\t\t\t<article class=\"uagb-post__inner-wrap\">\t\t\t\t\t\t\t\t<div class='uagb-post__image'>\n\t\t\t\t\t\t\t\t\t<a href=\"https:\/\/associations.lunel.com\/arts-et-cultures\/2021\/12\/22\/vacances-de-noel-2021\/\" target=\"_self\" rel=\"bookmark noopener noreferrer\" class='uagb-image-ratio-inherit'><img loading=\"lazy\" decoding=\"async\" width=\"1024\" height=\"724\" src=\"https:\/\/associations.lunel.com\/arts-et-cultures\/wp-content\/uploads\/sites\/2\/2021\/12\/21-Affiche-vacances-noel-1024x724.jpg\" class=\"attachment-large size-large\" alt=\"\" srcset=\"https:\/\/associations.lunel.com\/arts-et-cultures\/wp-content\/uploads\/sites\/2\/2021\/12\/21-Affiche-vacances-noel-1024x724.jpg 1024w, https:\/\/associations.lunel.com\/arts-et-cultures\/wp-content\/uploads\/sites\/2\/2021\/12\/21-Affiche-vacances-noel-300x212.jpg 300w, https:\/\/associations.lunel.com\/arts-et-cultures\/wp-content\/uploads\/sites\/2\/2021\/12\/21-Affiche-vacances-noel-768x543.jpg 768w, https:\/\/associations.lunel.com\/arts-et-cultures\/wp-content\/uploads\/sites\/2\/2021\/12\/21-Affiche-vacances-noel.jpg 1169w\" sizes=\"auto, (max-width: 1024px) 100vw, 1024px\" \/>\t\t\t\t\t<\/a>\n\t\t\t\t\t\t\t<\/div>\n\t\t\t\t\t\t<h4 class=\"uagb-post__title uagb-post__text\">\n\t\t\t\t<a href=\"https:\/\/associations.lunel.com\/arts-et-cultures\/2021\/12\/22\/vacances-de-noel-2021\/\" target=\"_self\" rel=\"bookmark noopener noreferrer\">Vacances de No\u00ebl 2021<\/a>\n\t\t\t<\/h4>\n\t\t\t\t\t\t<div class='uagb-post__text uagb-post-grid-byline'>\n\t\t\t\t\t\t\t\t<time datetime=\"2021-12-22T09:51:43+01:00\" class=\"uagb-post__date\">\n\t\t\t\t<span class=\"dashicons-calendar dashicons\"><\/span>\t\t\t\t\t22 d\u00e9cembre 2021\t\t\t\t<\/time>\n\t\t\t\t\t\t\t<span class=\"uagb-post__comment\">\n\t\t\t\t<span class=\"dashicons-admin-comments dashicons\"><\/span>\t\t\t\t\tAucun commentaire\t\t\t\t<\/span>\n\t\t\t\t\t\t<\/div>\n\t\t\t\t\t\t\t<div class='uagb-post__text uagb-post__excerpt'>\n\t\t\t\t\t<p>Venez nous retrouver pour ces vacances de No\u00ebl ! Au&#8230;\t\t\t\t<\/div>\n\t\t\t\t\t\t<div class=\"uagb-post__text uagb-post__cta wp-block-button\">\n\t\t\t\t<a class=\"wp-block-button__link uagb-text-link\" style=\"\" href=\"https:\/\/associations.lunel.com\/arts-et-cultures\/2021\/12\/22\/vacances-de-noel-2021\/\" target=\"_self\" rel=\"bookmark noopener noreferrer\">Lire la suite<\/a>\n\t\t\t<\/div>\n\t\t\t\n\t\t\t\t\t\t\t\t\t<\/article>\n\t\t\t\t\t\t\t\t\t\t\t\t\t\t\t\t<article class=\"uagb-post__inner-wrap\">\t\t\t\t\t\t\t\t<div class='uagb-post__image'>\n\t\t\t\t\t\t\t\t\t<a href=\"https:\/\/associations.lunel.com\/arts-et-cultures\/2021\/11\/25\/exposition-lunel-femmes-multiples\/\" target=\"_self\" rel=\"bookmark noopener noreferrer\" class='uagb-image-ratio-inherit'><img loading=\"lazy\" decoding=\"async\" width=\"827\" height=\"555\" src=\"https:\/\/associations.lunel.com\/arts-et-cultures\/wp-content\/uploads\/sites\/2\/2021\/11\/Affiche_JC-Cesar.jpg\" class=\"attachment-large size-large\" alt=\"\" srcset=\"https:\/\/associations.lunel.com\/arts-et-cultures\/wp-content\/uploads\/sites\/2\/2021\/11\/Affiche_JC-Cesar.jpg 827w, https:\/\/associations.lunel.com\/arts-et-cultures\/wp-content\/uploads\/sites\/2\/2021\/11\/Affiche_JC-Cesar-300x201.jpg 300w, https:\/\/associations.lunel.com\/arts-et-cultures\/wp-content\/uploads\/sites\/2\/2021\/11\/Affiche_JC-Cesar-768x515.jpg 768w\" sizes=\"auto, (max-width: 827px) 100vw, 827px\" \/>\t\t\t\t\t<\/a>\n\t\t\t\t\t\t\t<\/div>\n\t\t\t\t\t\t<h4 class=\"uagb-post__title uagb-post__text\">\n\t\t\t\t<a href=\"https:\/\/associations.lunel.com\/arts-et-cultures\/2021\/11\/25\/exposition-lunel-femmes-multiples\/\" target=\"_self\" rel=\"bookmark noopener noreferrer\">Exposition Lunel Femmes Multiples<\/a>\n\t\t\t<\/h4>\n\t\t\t\t\t\t<div class='uagb-post__text uagb-post-grid-byline'>\n\t\t\t\t\t\t\t\t<time datetime=\"2021-11-25T13:01:46+01:00\" class=\"uagb-post__date\">\n\t\t\t\t<span class=\"dashicons-calendar dashicons\"><\/span>\t\t\t\t\t25 novembre 2021\t\t\t\t<\/time>\n\t\t\t\t\t\t\t<span class=\"uagb-post__comment\">\n\t\t\t\t<span class=\"dashicons-admin-comments dashicons\"><\/span>\t\t\t\t\tAucun commentaire\t\t\t\t<\/span>\n\t\t\t\t\t\t<\/div>\n\t\t\t\t\t\t\t<div class='uagb-post__text uagb-post__excerpt'>\n\t\t\t\t\t<p>Jean-Claude C\u00e9sar \u2013 Photographies Du 30 novembre 2021 au 30&#8230;\t\t\t\t<\/div>\n\t\t\t\t\t\t<div class=\"uagb-post__text uagb-post__cta wp-block-button\">\n\t\t\t\t<a class=\"wp-block-button__link uagb-text-link\" style=\"\" href=\"https:\/\/associations.lunel.com\/arts-et-cultures\/2021\/11\/25\/exposition-lunel-femmes-multiples\/\" target=\"_self\" rel=\"bookmark noopener noreferrer\">Lire la suite<\/a>\n\t\t\t<\/div>\n\t\t\t\n\t\t\t\t\t\t\t\t\t<\/article>\n\t\t\t\t\t\t\t\t\t\t\t<\/div>\n\t\t\t<\/div>\n<\/div><\/section>\n","protected":false},"excerpt":{"rendered":"<p>\u00ab\u00a0Rechercher passionn\u00e9ment ce qui unit et non ce qui divise\u00a0\u00bb Andr\u00e9 Riccardi Depuis plus de 20 ans, Arts et Cultures, association loi 1901, \u0153uvre pour le vivre ensemble sur le territoire Lunellois. Renouer le lien social d\u00e9grad\u00e9 au moyen de partages d\u2019id\u00e9es et de savoirs, et de moments d\u2019\u00e9changes interg\u00e9n\u00e9rationnels. Depuis plus de 20 ans,&hellip; <br \/> <a class=\"read-more\" href=\"https:\/\/associations.lunel.com\/arts-et-cultures\/\">Lire la suite<\/a><\/p>\n","protected":false},"author":9,"featured_media":488,"parent":0,"menu_order":0,"comment_status":"closed","ping_status":"closed","template":"","meta":{"_uag_custom_page_level_css":"","footnotes":""},"class_list":["post-18","page","type-page","status-publish","has-post-thumbnail","hentry"],"uagb_featured_image_src":{"full":["https:\/\/associations.lunel.com\/arts-et-cultures\/wp-content\/uploads\/sites\/2\/2020\/12\/logoaetc_transp.png",311,320,false],"thumbnail":["https:\/\/associations.lunel.com\/arts-et-cultures\/wp-content\/uploads\/sites\/2\/2020\/12\/logoaetc_transp-150x150.png",150,150,true],"medium":["https:\/\/associations.lunel.com\/arts-et-cultures\/wp-content\/uploads\/sites\/2\/2020\/12\/logoaetc_transp-292x300.png",292,300,true],"medium_large":["https:\/\/associations.lunel.com\/arts-et-cultures\/wp-content\/uploads\/sites\/2\/2020\/12\/logoaetc_transp.png",311,320,false],"large":["https:\/\/associations.lunel.com\/arts-et-cultures\/wp-content\/uploads\/sites\/2\/2020\/12\/logoaetc_transp.png",311,320,false],"1536x1536":["https:\/\/associations.lunel.com\/arts-et-cultures\/wp-content\/uploads\/sites\/2\/2020\/12\/logoaetc_transp.png",311,320,false],"2048x2048":["https:\/\/associations.lunel.com\/arts-et-cultures\/wp-content\/uploads\/sites\/2\/2020\/12\/logoaetc_transp.png",311,320,false],"post-thumbnail":["https:\/\/associations.lunel.com\/arts-et-cultures\/wp-content\/uploads\/sites\/2\/2020\/12\/logoaetc_transp.png",311,320,false],"mesmerize-full-hd":["https:\/\/associations.lunel.com\/arts-et-cultures\/wp-content\/uploads\/sites\/2\/2020\/12\/logoaetc_transp.png",311,320,false]},"uagb_author_info":{"display_name":"arts-et-cultures","author_link":"https:\/\/associations.lunel.com\/arts-et-cultures\/author\/arts-et-cultures\/"},"uagb_comment_info":0,"uagb_excerpt":"\u00ab\u00a0Rechercher passionn\u00e9ment ce qui unit et non ce qui divise\u00a0\u00bb Andr\u00e9 Riccardi Depuis plus de 20 ans, Arts et Cultures, association loi 1901, \u0153uvre pour le vivre ensemble sur le territoire Lunellois. Renouer le lien social d\u00e9grad\u00e9 au moyen de partages d\u2019id\u00e9es et de savoirs, et de moments d\u2019\u00e9changes interg\u00e9n\u00e9rationnels. Depuis plus de 20 ans,&hellip;\u2026","_links":{"self":[{"href":"https:\/\/associations.lunel.com\/arts-et-cultures\/wp-json\/wp\/v2\/pages\/18","targetHints":{"allow":["GET"]}}],"collection":[{"href":"https:\/\/associations.lunel.com\/arts-et-cultures\/wp-json\/wp\/v2\/pages"}],"about":[{"href":"https:\/\/associations.lunel.com\/arts-et-cultures\/wp-json\/wp\/v2\/types\/page"}],"author":[{"embeddable":true,"href":"https:\/\/associations.lunel.com\/arts-et-cultures\/wp-json\/wp\/v2\/users\/9"}],"replies":[{"embeddable":true,"href":"https:\/\/associations.lunel.com\/arts-et-cultures\/wp-json\/wp\/v2\/comments?post=18"}],"version-history":[{"count":2,"href":"https:\/\/associations.lunel.com\/arts-et-cultures\/wp-json\/wp\/v2\/pages\/18\/revisions"}],"predecessor-version":[{"id":2427,"href":"https:\/\/associations.lunel.com\/arts-et-cultures\/wp-json\/wp\/v2\/pages\/18\/revisions\/2427"}],"wp:featuredmedia":[{"embeddable":true,"href":"https:\/\/associations.lunel.com\/arts-et-cultures\/wp-json\/wp\/v2\/media\/488"}],"wp:attachment":[{"href":"https:\/\/associations.lunel.com\/arts-et-cultures\/wp-json\/wp\/v2\/media?parent=18"}],"curies":[{"name":"wp","href":"https:\/\/api.w.org\/{rel}","templated":true}]}}