

{"id":25,"date":"2020-12-11T10:10:25","date_gmt":"2020-12-11T09:10:25","guid":{"rendered":"http:\/\/associations.lunel-avenue.com\/arts-et-cultures\/?page_id=25"},"modified":"2022-03-10T11:54:37","modified_gmt":"2022-03-10T10:54:37","slug":"nos-actions","status":"publish","type":"page","link":"https:\/\/associations.lunel.com\/arts-et-cultures\/nos-actions\/","title":{"rendered":"Nos actions"},"content":{"rendered":"\n<p>Arts et Cultures propose des activit\u00e9s sportives, culturelles et artistiques \u00e0 destination de jeunes publics, plus particuli\u00e8rement ceux issus des quartiers prioritaires de la ville, et de leur entourage dans le but de :<\/p>\n\n\n\n<ul class=\"wp-block-list\"><li>R\u00e9unir autour de centres d\u2019int\u00e9r\u00eats communs<\/li><li>Partager sa culture et son savoir<\/li><li>\u00c9changer des points de vue diff\u00e9rents<\/li><li>R\u00e9affirmer des valeurs universelles communes<\/li><li>\u00c9duquer \u00e0 la citoyennet\u00e9<\/li><li>S\u2019investir dans la vie de sa commune<\/li><li>Se d\u00e9couvrir des aptitudes nouvelles<\/li><li>Apprendre \u00e0 se conna\u00eetre-Former \u00e0 la diff\u00e9rence<\/li><\/ul>\n\n\n\n<p>(soirs, mercredis, weekend, vacances) Plusieurs tranches d\u2019\u00e2ge: 6-12 ans<\/p>\n","protected":false},"excerpt":{"rendered":"<p>Arts et Cultures propose des activit\u00e9s sportives, culturelles et artistiques \u00e0 destination de jeunes publics, plus particuli\u00e8rement ceux issus des quartiers prioritaires de la ville, et de leur entourage dans le but de : R\u00e9unir autour de centres d\u2019int\u00e9r\u00eats communs Partager sa culture et son savoir \u00c9changer des points de vue diff\u00e9rents R\u00e9affirmer des valeurs&hellip; <br \/> <a class=\"read-more\" href=\"https:\/\/associations.lunel.com\/arts-et-cultures\/nos-actions\/\">Lire la suite<\/a><\/p>\n","protected":false},"author":9,"featured_media":0,"parent":0,"menu_order":0,"comment_status":"closed","ping_status":"closed","template":"","meta":{"_uag_custom_page_level_css":"","footnotes":""},"class_list":["post-25","page","type-page","status-publish","hentry"],"uagb_featured_image_src":{"full":false,"thumbnail":false,"medium":false,"medium_large":false,"large":false,"1536x1536":false,"2048x2048":false,"post-thumbnail":false,"mesmerize-full-hd":false},"uagb_author_info":{"display_name":"arts-et-cultures","author_link":"https:\/\/associations.lunel.com\/arts-et-cultures\/author\/arts-et-cultures\/"},"uagb_comment_info":0,"uagb_excerpt":"Arts et Cultures propose des activit\u00e9s sportives, culturelles et artistiques \u00e0 destination de jeunes publics, plus particuli\u00e8rement ceux issus des quartiers prioritaires de la ville, et de leur entourage dans le but de : R\u00e9unir autour de centres d\u2019int\u00e9r\u00eats communs Partager sa culture et son savoir \u00c9changer des points de vue diff\u00e9rents R\u00e9affirmer des valeurs&hellip;\u2026","_links":{"self":[{"href":"https:\/\/associations.lunel.com\/arts-et-cultures\/wp-json\/wp\/v2\/pages\/25","targetHints":{"allow":["GET"]}}],"collection":[{"href":"https:\/\/associations.lunel.com\/arts-et-cultures\/wp-json\/wp\/v2\/pages"}],"about":[{"href":"https:\/\/associations.lunel.com\/arts-et-cultures\/wp-json\/wp\/v2\/types\/page"}],"author":[{"embeddable":true,"href":"https:\/\/associations.lunel.com\/arts-et-cultures\/wp-json\/wp\/v2\/users\/9"}],"replies":[{"embeddable":true,"href":"https:\/\/associations.lunel.com\/arts-et-cultures\/wp-json\/wp\/v2\/comments?post=25"}],"version-history":[{"count":0,"href":"https:\/\/associations.lunel.com\/arts-et-cultures\/wp-json\/wp\/v2\/pages\/25\/revisions"}],"wp:attachment":[{"href":"https:\/\/associations.lunel.com\/arts-et-cultures\/wp-json\/wp\/v2\/media?parent=25"}],"curies":[{"name":"wp","href":"https:\/\/api.w.org\/{rel}","templated":true}]}}