

{"id":8,"date":"2018-02-26T08:51:24","date_gmt":"2018-02-26T08:51:24","guid":{"rendered":"http:\/\/10.44.205.152\/free-1\/mesmerize\/"},"modified":"2023-04-20T11:29:35","modified_gmt":"2023-04-20T09:29:35","slug":"mesmerize","status":"publish","type":"page","link":"https:\/\/associations.lunel.com\/arttitude\/","title":{"rendered":"Front Page"},"content":{"rendered":"<div  data-label=\"Activites\" data-id=\"features-13-card-bordered\" data-export-id=\"features-13-card-bordered\" data-category=\"features\" class=\"features-13 content-section content-section-spacing\" id=\"activites\" style=\"background-color: #f5fafd;\">\n    <div  class=\"gridContainer\">\n    <div  class=\"row text-center\">\n    <div  class=\"section-title-col\" data-type=\"column\">\n    <h2  class=\"\">NOS ACTIVIT\u00c9S<\/h2>\n    \n    \n    <\/div>\n    <\/div>\n    <div  class=\"row spaced-cols content-center-sm\" data-type=\"row\">\n    <div  class=\"col-sm-4\">\n    <div  class=\"card bordered y-move\" data-type=\"column\">\n    \n    <i  class=\"fa icon color1 fa-music reverse round small\"> <\/i>\n    <h4  class=\"\">Chorale Adulte<\/h4>\n    <p  class=\"\"><br >Chaque mardi de 19 h \u00e0 21 h Salle Vauban \u00e0 Lunel<\/p>\n    <a class=\"button small y-move color2\" href=\"#\" target=\"_self\" data-cp-link=\"1\" rel=\"noopener\"> D\u00c9COUVRIR <\/a>\n    \n    <img decoding=\"async\"  class=\"custom-image\" src=\"http:\/\/associations.lunel.com\/arttitude\/wp-content\/uploads\/sites\/21\/2021\/10\/cropped-chorale-1.jpg\" title=\"cropped-chorale-1.jpg\" alt=\"\"><\/div>\n    <\/div>\n    <div  class=\"col-sm-4\">\n    <div  class=\"card bordered y-move\" data-type=\"column\">\n    \n    <i  class=\"fa icon color1 fa-child reverse round small\"> <\/i>\n    <h4  class=\"\">Activit\u00e9s musicales enfants\n<br >Com\u00e9die musicale\n<br >Chant danse percussion<\/h4>\n    \n    <a class=\"button small y-move color2\" href=\"#\" target=\"_self\" data-cp-link=\"1\" rel=\"noopener\"> D\u00c9COUVRIR <\/a>\n    \n    <img decoding=\"async\"  class=\"custom-image\" src=\"http:\/\/associations.lunel.com\/arttitude\/wp-content\/uploads\/sites\/21\/2021\/10\/cropped-enfant-1.jpg\" title=\"cropped-enfant-1.jpg\" alt=\"\"><\/div>\n    <\/div>\n    <div  class=\"col-sm-4\">\n    <div  class=\"card bordered y-move\" data-type=\"column\">\n    \n    <i  class=\"fa icon color1 fa-slideshare reverse round small\"> <\/i>\n    <h4  class=\"\">Cours de danse\n<br >Salsa Bachata Kizomba Rueda<\/h4>\n    \n    <a class=\"button small y-move color2\" href=\"#\" target=\"_self\" data-cp-link=\"1\" rel=\"noopener\"> D\u00c9COUVRIR <\/a>\n    \n    <img decoding=\"async\"  class=\"custom-image\" src=\"http:\/\/associations.lunel.com\/arttitude\/wp-content\/uploads\/sites\/21\/2021\/10\/salsa.jpg\" title=\"salsa\" alt=\"\"><\/div>\n    <\/div>\n    <div  class=\"col-sm-4\">\n    <div  class=\"card bordered y-move\" data-type=\"column\">\n    \n    <i  class=\"fa icon color1 fa-music reverse round small\"> <\/i>\n    <h4  class=\"\">Cours particulier de Piano, chant, solf\u00e8ge, harmonie, percussions<\/h4>\n    \n    \n    \n    <\/div>\n    <\/div><\/div>\n    <\/div>\n    <\/div><div  data-label=\"En Bref\" data-id=\"counters--1\" data-export-id=\"counters-2\" data-category=\"counters\" class=\"counters-2 content-section content-section-spacing\" id=\"en-bref\"><div  class=\"gridContainer\"> <div  class=\"row text-center\"><div  class=\"section-title-col\" data-type=\"column\"> <h2  class=\"\">EN BREF<\/h2> <p  class=\"lead\">A completer<br >&nbsp;et \u00e0 personnaliser<\/p><\/div> <\/div> <div  class=\"row\" data-type=\"row\"> <div  class=\"col-xs-12 col-sm-4 text-center space-bottom\"> <i  class=\"fa icon color1 fa-users\"><\/i> <h3  class=\"font-400\" data-min=\"0\" data-max=\"87\" data-duration=\"2000\" data-prefix=\"\" data-suffix=\"\" data-countup=\"true\"><\/h3> <h5  class=\"upper color2\">ADHERENTS<\/h5><\/div> <div  class=\"col-xs-12 col-sm-4 text-center space-bottom\"><i  class=\"fa fa-smile-o icon color1\"><\/i> <h3  class=\"font-400\" data-min=\"10000\" data-max=\"140\" data-duration=\"2000\" data-prefix=\"\" data-suffix=\"+\" data-countup=\"true\"><\/h3> <h5  class=\"upper color2\">EVENEMENTS<\/h5><\/div> <div  class=\"col-xs-12 col-sm-4 text-center space-bottom\"><i  class=\"fa fa-trophy icon color1\"><\/i> <h3  class=\"font-400\" data-min=\"0\" data-max=\"14\" data-duration=\"2000\" data-prefix=\"\" data-suffix=\"\" data-countup=\"true\"><\/h3> <h5  class=\"upper color2\">RECOMPENSES<\/h5><\/div> <\/div><\/div> <\/div><div  data-label=\"Actualites\" data-id=\"blog-section\" data-export-id=\"blog-section\" data-category=\"latest_news\" class=\"blog-section content-section content-section-spacing\" id=\"actualites\" style=\"background-color: #f5fafd;\">\n    <div  class=\"gridContainer\">\n    <div  class=\"row\">\n    <div  data-type=\"column\" class=\"section-title-col\">\n    <h2  class=\"\">NOTRE ACTUALIT\u00c9<\/h2>\n    \n    \n    <\/div>\n    <\/div>\n    <div  class=\"row\">\n    <div  data-type=\"row\" data-dynamic-columns=\"handled\" data-content-shortcode=\"mesmerize_latest_news\">\t\t<div class=\"row center-sm content-left-sm\">\n\t\t\t\t\t<div id=\"post-639\" class=\"col-sm-6 col-md-4 space-bottom space-bottom-xs\">\n\t\t\t\t<div class=\"post-content card y-move bordered\">\n\t\t\t\t\t<div class=\"post-thumbnail\">\n   <a href=\"https:\/\/associations.lunel.com\/arttitude\/639-2\/\" class=\"post-list-item-thumb \">\n      \n            <svg class=\"mesmerize-post-list-item-thumb-placeholder\" width=\"890\" height=\"580\" viewBox=\"0 0 890 580\"\n         preserveAspectRatio=\"none\">\n         <rect width=\"890\" height=\"580\" style=\"fill:#FF9800;\"><\/rect>\n      <\/svg>\n               <\/a>\n<\/div>\n\t\t\t\t\t<div class=\"col-padding col-padding-xs\">\n\t\t\t\t\t\t<h3 class=\"post-title space-bottom-small\">\n\t\t\t\t\t\t\t<a href=\"https:\/\/associations.lunel.com\/arttitude\/639-2\/\" rel=\"bookmark\">\n\t\t\t\t\t\t\t\t\t\t\t\t\t\t\t<\/a>\n\t\t\t\t\t\t<\/h3>\n\t\t\t\t\t\t\t\t\t\t\t\t<a class=\"read-more link\" href=\"https:\/\/associations.lunel.com\/arttitude\/639-2\/\">\n\t\t\t\t\t\t\tRead more\t\t\t\t\t\t<\/a>\n\t\t\t\t\t<\/div>\n\t\t\t\t<\/div>\n\t\t\t<\/div>\n\t\t\t\t\t\t<div id=\"post-588\" class=\"col-sm-6 col-md-4 space-bottom space-bottom-xs\">\n\t\t\t\t<div class=\"post-content card y-move bordered\">\n\t\t\t\t\t<div class=\"post-thumbnail\">\n   <a href=\"https:\/\/associations.lunel.com\/arttitude\/588-2\/\" class=\"post-list-item-thumb \">\n      \n            <svg class=\"mesmerize-post-list-item-thumb-placeholder\" width=\"890\" height=\"580\" viewBox=\"0 0 890 580\"\n         preserveAspectRatio=\"none\">\n         <rect width=\"890\" height=\"580\" style=\"fill:#FF9800;\"><\/rect>\n      <\/svg>\n               <\/a>\n<\/div>\n\t\t\t\t\t<div class=\"col-padding col-padding-xs\">\n\t\t\t\t\t\t<h3 class=\"post-title space-bottom-small\">\n\t\t\t\t\t\t\t<a href=\"https:\/\/associations.lunel.com\/arttitude\/588-2\/\" rel=\"bookmark\">\n\t\t\t\t\t\t\t\t\t\t\t\t\t\t\t<\/a>\n\t\t\t\t\t\t<\/h3>\n\t\t\t\t\t\t\t\t\t\t\t\t<a class=\"read-more link\" href=\"https:\/\/associations.lunel.com\/arttitude\/588-2\/\">\n\t\t\t\t\t\t\tRead more\t\t\t\t\t\t<\/a>\n\t\t\t\t\t<\/div>\n\t\t\t\t<\/div>\n\t\t\t<\/div>\n\t\t\t\t<\/div>\n\t<\/div>\n    <\/div>\n    <div  class=\"row\">\n    <div  class=\"text-center\"><a class=\"button color1\" data-attr-shortcode=\"href:mesmerize_blog_link\" href=\"https:\/\/associations.lunel.com\/arttitude\/blog\/\" target=\"_self\" rel=\"noopener noreferrer\">Toute l\u2019actualit\u00e9<\/a><\/div>\n    <\/div>\n    <\/div>\n    <\/div><div  data-label=\"Contact\" data-id=\"contact-1\" data-export-id=\"contact-1\" data-category=\"contact\" class=\"contact-1 content-section content-section-spacing white-text\" data-parallax-depth=\"20\" id=\"contact-1\" style=\"background-color: #ffffff; background-image: url('http:\/\/associations.lunel.com\/necara\/wp-content\/uploads\/sites\/3\/2018\/02\/contact-bg.jpg'); background-size: cover; background-position: center top;\">\n    <div  class=\"\">\n    <div  class=\"row text-center\">\n    <div  class=\"section-title-col\" data-type=\"column\">\n    <h2  class=\"\">NOUS CONTACTER<\/h2>\n    <p  class=\"lead\"><\/p>\n    \n    <\/div>\n    <\/div>\n    <div  class=\"row text-center\">\n    <div  class=\"col-xs-12 col-sm-8 col-sm-offset-2 contact-form-wrapper inline-info\">\n    <div  class=\"card large-padding\">\n    <div  class=\"\" data-content-shortcode=\"mesmerize_contact_form shortcode=&quot;contact-form-7 id=&amp;amp;quot;4&amp;amp;quot; title=&amp;amp;quot;Contact form 1&amp;amp;quot;&quot;\" data-editable=\"true\">\n<div class=\"wpcf7 no-js\" id=\"wpcf7-f9-o1\" lang=\"en-US\" dir=\"ltr\" data-wpcf7-id=\"9\">\n<div class=\"screen-reader-response\"><p role=\"status\" aria-live=\"polite\" aria-atomic=\"true\"><\/p> <ul><\/ul><\/div>\n<form action=\"\/arttitude\/wp-json\/wp\/v2\/pages\/8#wpcf7-f9-o1\" method=\"post\" class=\"wpcf7-form init\" aria-label=\"Contact form\" novalidate=\"novalidate\" data-status=\"init\">\n<fieldset class=\"hidden-fields-container\"><input type=\"hidden\" name=\"_wpcf7\" value=\"9\" \/><input type=\"hidden\" name=\"_wpcf7_version\" value=\"6.1.5\" \/><input type=\"hidden\" name=\"_wpcf7_locale\" value=\"en_US\" \/><input type=\"hidden\" name=\"_wpcf7_unit_tag\" value=\"wpcf7-f9-o1\" \/><input type=\"hidden\" name=\"_wpcf7_container_post\" value=\"0\" \/><input type=\"hidden\" name=\"_wpcf7_posted_data_hash\" value=\"\" \/>\n<\/fieldset>\n<p><label> Votre nom (requis)<br \/>\n<span class=\"wpcf7-form-control-wrap\" data-name=\"your-name\"><input size=\"40\" maxlength=\"400\" class=\"wpcf7-form-control wpcf7-text wpcf7-validates-as-required\" aria-required=\"true\" aria-invalid=\"false\" value=\"\" type=\"text\" name=\"your-name\" \/><\/span> <\/label>\n<\/p>\n<p><label> Votre Email (requis)<br \/>\n<span class=\"wpcf7-form-control-wrap\" data-name=\"your-email\"><input size=\"40\" maxlength=\"400\" class=\"wpcf7-form-control wpcf7-email wpcf7-validates-as-required wpcf7-text wpcf7-validates-as-email\" aria-required=\"true\" aria-invalid=\"false\" value=\"\" type=\"email\" name=\"your-email\" \/><\/span> <\/label>\n<\/p>\n<p><label> Objet<br \/>\n<span class=\"wpcf7-form-control-wrap\" data-name=\"your-subject\"><input size=\"40\" maxlength=\"400\" class=\"wpcf7-form-control wpcf7-text\" aria-invalid=\"false\" value=\"\" type=\"text\" name=\"your-subject\" \/><\/span> <\/label>\n<\/p>\n<p><label> votre Message<br \/>\n<span class=\"wpcf7-form-control-wrap\" data-name=\"your-message\"><textarea cols=\"40\" rows=\"10\" maxlength=\"2000\" class=\"wpcf7-form-control wpcf7-textarea\" aria-invalid=\"false\" name=\"your-message\"><\/textarea><\/span> <\/label>\n<\/p>\n<p><input class=\"wpcf7-form-control wpcf7-submit has-spinner\" type=\"submit\" value=\"Envoyer\" \/>\n<\/p><div class=\"wpcf7-response-output\" aria-hidden=\"true\"><\/div>\n<\/form>\n<\/div>\n<\/div>\n    <\/div>\n    <\/div>\n    <\/div>\n    <\/div>\n    <\/div>","protected":false},"excerpt":{"rendered":"<p>NOS ACTIVIT\u00c9S Chorale Adulte Chaque mardi de 19 h \u00e0 21 h Salle Vauban \u00e0 Lunel D\u00c9COUVRIR Activit\u00e9s musicales enfants Com\u00e9die musicale Chant danse percussion D\u00c9COUVRIR Cours de danse Salsa Bachata Kizomba Rueda D\u00c9COUVRIR Cours particulier de Piano, chant, solf\u00e8ge, harmonie, percussions EN BREF A completer&nbsp;et \u00e0 personnaliser ADHERENTS EVENEMENTS RECOMPENSES NOTRE ACTUALIT\u00c9 Toute l\u2019actualit\u00e9&hellip; <br \/> <a class=\"read-more\" href=\"https:\/\/associations.lunel.com\/arttitude\/588-2\/\">Lire la suite<\/a><\/p>\n","protected":false},"author":1,"featured_media":0,"parent":0,"menu_order":0,"comment_status":"closed","ping_status":"closed","template":"page-templates\/homepage.php","meta":{"_uag_custom_page_level_css":"","footnotes":""},"class_list":["post-8","page","type-page","status-publish","hentry"],"uagb_featured_image_src":{"full":false,"thumbnail":false,"medium":false,"medium_large":false,"large":false,"1536x1536":false,"2048x2048":false,"post-thumbnail":false,"mesmerize-full-hd":false},"uagb_author_info":{"display_name":"admin","author_link":"https:\/\/associations.lunel.com\/arttitude\/author\/admin\/"},"uagb_comment_info":0,"uagb_excerpt":"NOS ACTIVIT\u00c9S Chorale Adulte Chaque mardi de 19 h \u00e0 21 h Salle Vauban \u00e0 Lunel D\u00c9COUVRIR Activit\u00e9s musicales enfants Com\u00e9die musicale Chant danse percussion D\u00c9COUVRIR Cours de danse Salsa Bachata Kizomba Rueda D\u00c9COUVRIR Cours particulier de Piano, chant, solf\u00e8ge, harmonie, percussions EN BREF A completer&nbsp;et \u00e0 personnaliser ADHERENTS EVENEMENTS RECOMPENSES NOTRE ACTUALIT\u00c9 Toute l\u2019actualit\u00e9&hellip;\u2026","_links":{"self":[{"href":"https:\/\/associations.lunel.com\/arttitude\/wp-json\/wp\/v2\/pages\/8","targetHints":{"allow":["GET"]}}],"collection":[{"href":"https:\/\/associations.lunel.com\/arttitude\/wp-json\/wp\/v2\/pages"}],"about":[{"href":"https:\/\/associations.lunel.com\/arttitude\/wp-json\/wp\/v2\/types\/page"}],"author":[{"embeddable":true,"href":"https:\/\/associations.lunel.com\/arttitude\/wp-json\/wp\/v2\/users\/1"}],"replies":[{"embeddable":true,"href":"https:\/\/associations.lunel.com\/arttitude\/wp-json\/wp\/v2\/comments?post=8"}],"version-history":[{"count":0,"href":"https:\/\/associations.lunel.com\/arttitude\/wp-json\/wp\/v2\/pages\/8\/revisions"}],"wp:attachment":[{"href":"https:\/\/associations.lunel.com\/arttitude\/wp-json\/wp\/v2\/media?parent=8"}],"curies":[{"name":"wp","href":"https:\/\/api.w.org\/{rel}","templated":true}]}}