

{"id":8,"date":"2018-02-26T08:51:24","date_gmt":"2018-02-26T08:51:24","guid":{"rendered":"http:\/\/10.44.205.152\/free-1\/mesmerize\/"},"modified":"2024-01-14T09:18:33","modified_gmt":"2024-01-14T08:18:33","slug":"mesmerize","status":"publish","type":"page","link":"https:\/\/associations.lunel.com\/au-ptit-rendez-vous\/","title":{"rendered":"Front Page"},"content":{"rendered":"<div id=\"le-local\" class=\"about-images-right-section content-section content-section-spacing\" data-label=\"le local\" data-id=\"about--2\" data-export-id=\"about-images-right-section\" data-category=\"about\">\n<div class=\"gridContainer\">\n<div class=\"row middle-sm text-center\">\n<div class=\"col-sm-5 content-left-sm\" data-type=\"column\">\n<h1 class=\"\">En septembre 2023<\/h1>\n<h2 class=\"\">nous nous installons \u00e0 la salle Gerard Bonnet<\/h2>\n<h2 class=\"\">89 rue des quatre vents 34400 lunel<\/h2>\n<img decoding=\"async\" class=\"custom-image\" title=\"Capture d\u2019\u00e9cran 2023-07-22 \u00e0 05.08.50\" src=\"http:\/\/associations.lunel.com\/au-ptit-rendez-vous\/wp-content\/uploads\/sites\/32\/2023\/07\/cropped-Capture-decran-2023-07-22-a-05.08.50-scaled-1.jpg\" alt=\"\">\n\n<\/div>\n<div class=\"col-sm-7 space-bottom-xs\">\n<div class=\"image-group-side-3-img\"><img decoding=\"async\" class=\"topimg shadow-large\" title=\"cropped-cropped-Capture-decran-2022-07-08-a-02.44.23-1.jpg\" src=\"http:\/\/associations.lunel.com\/au-ptit-rendez-vous\/wp-content\/uploads\/sites\/32\/2022\/07\/cropped-cropped-Capture-decran-2022-07-08-a-02.44.23-1.jpg\" alt=\"\"> <img decoding=\"async\" class=\"rightimg shadow-large\" title=\"cropped-gerard-bonnet-1.png\" src=\"http:\/\/associations.lunel.com\/au-ptit-rendez-vous\/wp-content\/uploads\/sites\/32\/2023\/07\/cropped-gerard-bonnet-1.png\" alt=\"\">\n<div class=\"leftimg\"><img decoding=\"async\" class=\"shadow-large\" title=\"cropped-gerard-bonnet.png\" src=\"http:\/\/associations.lunel.com\/au-ptit-rendez-vous\/wp-content\/uploads\/sites\/32\/2023\/07\/cropped-gerard-bonnet.png\" alt=\"\"><\/div>\n<\/div>\n<\/div>\n<\/div>\n<\/div>\n<\/div><div id=\"activites\" class=\"features-13 content-section content-section-spacing\" style=\"background-color: #f5fafd\" data-label=\"Activites\" data-id=\"features-13-card-bordered\" data-export-id=\"features-13-card-bordered\" data-category=\"features\">\n<div class=\"gridContainer\">\n<div class=\"row text-center\">\n<div class=\"section-title-col\" data-type=\"column\">\n<h2 class=\"\">Nos activit\u00e9s<\/h2>\n<p class=\"lead\">nous proposons des activit\u00e9s bas\u00e9es sur le savoir faire et la volont\u00e9 de partage de nos adh\u00e9rents. La liste pr\u00e9sent\u00e9e ci dessous n\u2019est pas exhautive<\/p>\n<p class=\"lead\"><b>pour le moment le calendrier des activit\u00e9s propos\u00e9es est \u00e0 consulter sur notre page facebook. \u00c0 partir de septembre 2023, nous nous installons salle G\u00e9rard Bonnet dans le quartier de la Roquette et nous proposerons un calendrier plus r\u00e9gulier.<\/b><\/p>\n<a class=\"link\" href=\"https:\/\/www.facebook.com\/Leptitrdv\" target=\"_blank\" rel=\"noopener\" data-cp-link=\"1\">notre page Facebook<\/a>\n\n<\/div>\n<\/div>\n<div class=\"row spaced-cols content-center-sm\" data-type=\"row\">\n<div class=\"col-sm-4\">\n<div class=\"card bordered y-move\" data-type=\"column\">\n<h4 class=\"\">des soir\u00e9es \u00e0 th\u00e8me<\/h4>\n<p class=\"\">sciences\n\nlitt\u00e9rature<\/p>\n<img decoding=\"async\" class=\"custom-image\" title=\"23:09:2022\" src=\"http:\/\/associations.lunel.com\/au-ptit-rendez-vous\/wp-content\/uploads\/sites\/32\/2023\/07\/23092022.png\" alt=\"\">\n\n<a class=\"link\" href=\"https:\/\/associations.lunel.com\/au-ptit-rendez-vous\/savoirs-nouveaux-pouvoirs-nouveaux\" target=\"_blank\" data-cp-link=\"1\" rel=\"noopener\">diaporama<\/a><\/div>\n<\/div>\n<div class=\"col-sm-4\">\n<div class=\"card bordered y-move\" data-type=\"column\">\n<h4 class=\"\">des ateliers jeux<\/h4>\n<p class=\"\">d\u00e9couverte de jeux de soci\u00e9t\u00e9\n\njeux en bois\u2026<\/p>\n<img decoding=\"async\" class=\"custom-image\" title=\"cropped-IMG_8127-1.jpeg\" src=\"http:\/\/associations.lunel.com\/au-ptit-rendez-vous\/wp-content\/uploads\/sites\/32\/2022\/07\/cropped-IMG_8127-1.jpeg\" alt=\"\">\n\n<a class=\"link\" href=\"https:\/\/associations.lunel.com\/au-ptit-rendez-vous\/journee-jeux-en-bois\" target=\"_blank\" data-cp-link=\"1\" rel=\"noopener\">quelques photos<\/a><\/div>\n<\/div>\n<div class=\"col-sm-4\">\n<div class=\"card bordered y-move\" data-type=\"column\">\n<h4 class=\"\">des ateliers culturels<\/h4>\n<p class=\"\">peinture, &nbsp;cuisine\n\nautres\u2026<\/p>\n<img decoding=\"async\" class=\"custom-image\" title=\"cropped-IMG_0335.jpeg\" src=\"http:\/\/associations.lunel.com\/au-ptit-rendez-vous\/wp-content\/uploads\/sites\/32\/2022\/07\/cropped-IMG_0335.jpeg\" alt=\"\">\n\n<a class=\"link\" href=\"https:\/\/associations.lunel.com\/au-ptit-rendez-vous\/exposition-de-tableaux\" target=\"_self\" data-cp-link=\"1\" rel=\"noopener\">premi\u00e8re expo<\/a><\/div>\n<\/div>\n<\/div>\n<\/div>\n<\/div><div id=\"content-1\" class=\"content-12 content-section content-section-spacing\" data-label=\"Content\" data-id=\"content--1\" data-export-id=\"content-12\" data-category=\"content\">\n<div class=\"\">\n<div class=\"row text-center\">\n<div class=\"section-title-col\" data-type=\"column\"><img decoding=\"async\" class=\"custom-image\" title=\"cropped-Capture-decran-2022-07-08-a-02.44.23-2.jpg\" src=\"http:\/\/associations.lunel.com\/au-ptit-rendez-vous\/wp-content\/uploads\/sites\/32\/2022\/07\/cropped-Capture-decran-2022-07-08-a-02.44.23-2.jpg\" alt=\"\"><\/div>\n<\/div>\n<div class=\"row center-xs middle-xs\">\n<div class=\"col-sm-9\" data-type=\"column\"><\/div>\n<\/div>\n<\/div>\n<\/div><div id=\"evenements\" class=\"features-13 content-section content-section-spacing\" data-label=\"Evenements\" data-id=\"features--1\" data-export-id=\"features-13\" data-category=\"features\">\n<div class=\"\">\n<div class=\"row text-center\">\n<div class=\"section-title-col\" data-type=\"column\">\n<h2 class=\"\">Nos \u00e9v\u00e8nements<\/h2>\n<p class=\"lead\">depuis 2021 nous organisons des \u00e9v\u00e8nements \u00e0 th\u00e8me \u00e0 l\u2019ancienne gare. \u00e0 partir d\u2019octobre 2023 nous serons localis\u00e9 \u00e0 l\u2019espace G\u00e9rard Bonnet dans le quartier de la Roquette \u00e0 Lunel<\/p>\n<a class=\"button blue\" href=\"https:\/\/associations.lunel.com\/au-ptit-rendez-vous\/evenements-2022\" target=\"_self\" rel=\"noopener\" data-cp-link=\"1\">2022<\/a>\n<h1 class=\"\">2023<\/h1>\n<\/div>\n<\/div>\n<div class=\"row spaced-cols center-sm content-center-sm\" data-type=\"row\">\n\n<div class=\"col col-sm-6 space-bottom col-md-12\"><a data-cp-link=\"1\" href=\"https:\/\/associations.lunel.com\/au-ptit-rendez-vous\/inauguration\" class=\"\" target=\"_self\" rel=\"noopener\"><img decoding=\"async\" class=\"custom-image\" src=\"http:\/\/associations.lunel.com\/au-ptit-rendez-vous\/wp-content\/uploads\/sites\/32\/2023\/10\/cropped-cropped-Capture-decran-2023-10-15-a-18.19.34.jpg\" title=\"cropped-cropped-Capture-decran-2023-10-15-a-18.19.34.jpg\" alt=\"\"><\/a> <a class=\"link\" href=\"#\" target=\"_self\" data-cp-link=\"1\" rel=\"noopener\"><\/a><img decoding=\"async\" class=\"custom-image\" src=\"http:\/\/associations.lunel.com\/au-ptit-rendez-vous\/wp-content\/uploads\/sites\/32\/2024\/01\/Capture-decran-2024-01-14-a-07.18.21-1.jpg\" title=\"Capture d\u2019\u00e9cran 2024-01-14 \u00e0 07.18.21\" alt=\"\"><img decoding=\"async\" class=\"custom-image\" src=\"http:\/\/associations.lunel.com\/au-ptit-rendez-vous\/wp-content\/uploads\/sites\/32\/2023\/10\/cropped-cropped-Capture-decran-2023-10-24-a-15.56.41.jpg\" title=\"cropped-cropped-Capture-decran-2023-10-24-a-15.56.41.jpg\" alt=\"\"><\/div>\n\n<div class=\"col col-sm-6 space-bottom col-md-12\"><img decoding=\"async\" class=\"custom-image\" title=\"cropped-Capture-decran-2023-10-24-a-16.31.57-1.jpg\" src=\"http:\/\/associations.lunel.com\/au-ptit-rendez-vous\/wp-content\/uploads\/sites\/32\/2023\/10\/cropped-Capture-decran-2023-10-24-a-16.31.57-1.jpg\" alt=\"\"> <img decoding=\"async\" class=\"custom-image\" src=\"http:\/\/associations.lunel.com\/au-ptit-rendez-vous\/wp-content\/uploads\/sites\/32\/2024\/01\/cropped-Capture-decran-2024-01-14-a-07.18.33.jpg\" title=\"cropped-Capture-decran-2024-01-14-a-07.18.33.jpg\" alt=\"\"><img decoding=\"async\" class=\"custom-image\" src=\"http:\/\/associations.lunel.com\/au-ptit-rendez-vous\/wp-content\/uploads\/sites\/32\/2024\/01\/Capture-decran-2024-01-14-a-07.29.08.jpg\" title=\"Capture d\u2019\u00e9cran 2024-01-14 \u00e0 07.29.08\" alt=\"\"><\/div>\n<div class=\"col col-sm-6 space-bottom col-md-12\"><h1 class=\"\">2024<\/h1> <img decoding=\"async\" class=\"custom-image\" src=\"http:\/\/associations.lunel.com\/au-ptit-rendez-vous\/wp-content\/uploads\/sites\/32\/2024\/01\/cropped-Capture-decran-2023-11-29-a-14.00.38.jpg\" title=\"cropped-Capture-decran-2023-11-29-a-14.00.38.jpg\" alt=\"\"><img decoding=\"async\" class=\"custom-image\" src=\"http:\/\/associations.lunel.com\/au-ptit-rendez-vous\/wp-content\/uploads\/sites\/32\/2024\/01\/Capture-decran-2024-01-14-a-08.00.45.jpg\" title=\"Capture d\u2019\u00e9cran 2024-01-14 \u00e0 08.00.45\" alt=\"\"><img decoding=\"async\" class=\"custom-image\" src=\"http:\/\/associations.lunel.com\/au-ptit-rendez-vous\/wp-content\/uploads\/sites\/32\/2024\/01\/Capture-decran-2024-01-14-a-09.08.44.jpg\" title=\"Capture d\u2019\u00e9cran 2024-01-14 \u00e0 09.08.44\" alt=\"\"><img decoding=\"async\" class=\"custom-image\" src=\"#\"><\/div><\/div>\n<\/div>\n<\/div><div id=\"equipe\" class=\"team-5 content-section content-section-spacing\" style=\"background-color: #ffffff\" data-label=\"Equipe\" data-id=\"team-5\" data-export-id=\"team-5\" data-category=\"team\">\n<div class=\"gridContainer\">\n<div class=\"row text-center\">\n<div class=\"section-title-col\" data-type=\"column\">\n<h2 class=\"\">NOTRE \u00c9QUIPE<\/h2>\n<p class=\"lead\">Presentez vous<\/p>\n\n<\/div>\n<\/div>\n<div class=\"row spaced-cols content-center-sm\" data-type=\"row\">\n<div class=\"col-xs-12 col-sm-6 col-md-3 col-padding\">\n<div class=\"row \">\n<div class=\"col-xs-12 col-sm-12\" data-type=\"column\">\n\n<img decoding=\"async\" class=\"round face\" title=\"IMG_7955\" src=\"http:\/\/associations.lunel.com\/au-ptit-rendez-vous\/wp-content\/uploads\/sites\/32\/2022\/07\/cropped-IMG_7955-scaled-1.jpeg\" alt=\"\">\n<h4 class=\"end font-500\">Chantal Berthet<\/h4>\n<p class=\"italic\">Pr\u00e9sidente<\/p>\n\n<div class=\"social-icons-group\" data-type=\"group\"><\/div>\n<\/div>\n<\/div>\n<\/div>\n<div class=\"col-xs-12 col-sm-6 col-md-3 col-padding\">\n<div class=\"row \">\n<div class=\"col-xs-12 col-sm-12\" data-type=\"column\">\n\n<img decoding=\"async\" class=\"round face\" title=\"DSC_1208\" src=\"http:\/\/associations.lunel.com\/au-ptit-rendez-vous\/wp-content\/uploads\/sites\/32\/2022\/07\/cropped-DSC_1208-scaled-1.jpeg\" alt=\"\">\n<h4 class=\"end font-500\">Patrick Morange<\/h4>\n<p class=\"italic\">Vice tr\u00e9sorier<\/p>\n\n<div class=\"social-icons-group\" data-type=\"group\"><\/div>\n<\/div>\n<\/div>\n<\/div>\n<div class=\"col-xs-12 col-sm-6 col-md-3 col-padding\">\n<div class=\"row \">\n<div class=\"col-xs-12 col-sm-12\" data-type=\"column\">\n\n<img decoding=\"async\" class=\"round face\" title=\"cropped-IMG_8990.jpeg\" src=\"http:\/\/associations.lunel.com\/au-ptit-rendez-vous\/wp-content\/uploads\/sites\/32\/2022\/07\/cropped-IMG_8990.jpeg\" alt=\"\">\n<h4 class=\"end font-500\">Dominique Faure-Billet<\/h4>\n<p class=\"italic\">Tr\u00e9soriere<\/p>\n\n<div class=\"social-icons-group\" data-type=\"group\"><\/div>\n<\/div>\n<\/div>\n<\/div>\n<div class=\"col-xs-12 col-sm-6 col-md-3 col-padding\">\n<div class=\"row \">\n<div class=\"col-xs-12 col-sm-12\" data-type=\"column\">\n\n<img decoding=\"async\" class=\"round face\" title=\"IMG_8272\" src=\"http:\/\/associations.lunel.com\/au-ptit-rendez-vous\/wp-content\/uploads\/sites\/32\/2023\/11\/cropped-IMG_8272-scaled-1.jpeg\" alt=\"\">\n<h4 class=\"end font-500\">Cathy Morange<\/h4>\n<p class=\"italic\">Secr\u00e9taire<\/p>\n\n<\/div>\n<\/div>\n<\/div>\n<\/div>\n<\/div>\n<\/div>","protected":false},"excerpt":{"rendered":"<p>En septembre 2023 nous nous installons \u00e0 la salle Gerard Bonnet 89 rue des quatre vents 34400 lunel Nos activit\u00e9s nous proposons des activit\u00e9s bas\u00e9es sur le savoir faire et la volont\u00e9 de partage de nos adh\u00e9rents. La liste pr\u00e9sent\u00e9e ci dessous n\u2019est pas exhautive pour le moment le calendrier des activit\u00e9s propos\u00e9es est \u00e0&hellip; <br \/> <a class=\"read-more\" href=\"https:\/\/associations.lunel.com\/au-ptit-rendez-vous\/\">Lire la suite<\/a><\/p>\n","protected":false},"author":1,"featured_media":0,"parent":0,"menu_order":0,"comment_status":"closed","ping_status":"closed","template":"page-templates\/homepage.php","meta":{"_uag_custom_page_level_css":"","footnotes":""},"class_list":["post-8","page","type-page","status-publish","hentry"],"uagb_featured_image_src":{"full":false,"thumbnail":false,"medium":false,"medium_large":false,"large":false,"1536x1536":false,"2048x2048":false,"post-thumbnail":false,"mesmerize-full-hd":false},"uagb_author_info":{"display_name":"admin","author_link":"https:\/\/associations.lunel.com\/au-ptit-rendez-vous\/author\/admin\/"},"uagb_comment_info":0,"uagb_excerpt":"En septembre 2023 nous nous installons \u00e0 la salle Gerard Bonnet 89 rue des quatre vents 34400 lunel Nos activit\u00e9s nous proposons des activit\u00e9s bas\u00e9es sur le savoir faire et la volont\u00e9 de partage de nos adh\u00e9rents. La liste pr\u00e9sent\u00e9e ci dessous n\u2019est pas exhautive pour le moment le calendrier des activit\u00e9s propos\u00e9es est \u00e0&hellip;\u2026","_links":{"self":[{"href":"https:\/\/associations.lunel.com\/au-ptit-rendez-vous\/wp-json\/wp\/v2\/pages\/8","targetHints":{"allow":["GET"]}}],"collection":[{"href":"https:\/\/associations.lunel.com\/au-ptit-rendez-vous\/wp-json\/wp\/v2\/pages"}],"about":[{"href":"https:\/\/associations.lunel.com\/au-ptit-rendez-vous\/wp-json\/wp\/v2\/types\/page"}],"author":[{"embeddable":true,"href":"https:\/\/associations.lunel.com\/au-ptit-rendez-vous\/wp-json\/wp\/v2\/users\/1"}],"replies":[{"embeddable":true,"href":"https:\/\/associations.lunel.com\/au-ptit-rendez-vous\/wp-json\/wp\/v2\/comments?post=8"}],"version-history":[{"count":70,"href":"https:\/\/associations.lunel.com\/au-ptit-rendez-vous\/wp-json\/wp\/v2\/pages\/8\/revisions"}],"predecessor-version":[{"id":1260,"href":"https:\/\/associations.lunel.com\/au-ptit-rendez-vous\/wp-json\/wp\/v2\/pages\/8\/revisions\/1260"}],"wp:attachment":[{"href":"https:\/\/associations.lunel.com\/au-ptit-rendez-vous\/wp-json\/wp\/v2\/media?parent=8"}],"curies":[{"name":"wp","href":"https:\/\/api.w.org\/{rel}","templated":true}]}}