

{"id":852,"date":"2023-07-17T20:25:15","date_gmt":"2023-07-17T18:25:15","guid":{"rendered":"https:\/\/associations.lunel.com\/au-ptit-rendez-vous\/?page_id=852"},"modified":"2023-11-01T17:56:51","modified_gmt":"2023-11-01T16:56:51","slug":"savoirs-nouveaux-pouvoirs-nouveaux","status":"publish","type":"page","link":"https:\/\/associations.lunel.com\/au-ptit-rendez-vous\/savoirs-nouveaux-pouvoirs-nouveaux\/","title":{"rendered":"savoirs nouveaux, pouvoirs nouveaux"},"content":{"rendered":"\n<p>l&rsquo;\u00e9tique en question : pr\u00e9sentation d\u00e9bat \u00e0 l&rsquo;ancienne gare<\/p>\n\n\n\n<figure class=\"wp-block-video\"><video height=\"720\" style=\"aspect-ratio: 960 \/ 720;\" width=\"960\" controls src=\"http:\/\/associations.lunel.com\/au-ptit-rendez-vous\/wp-content\/uploads\/sites\/32\/2023\/11\/expoetic-texte-copie.m4v\"><\/video><\/figure>\n\n\n\n<figure class=\"wp-block-video\"><video height=\"720\" style=\"aspect-ratio: 960 \/ 720;\" width=\"960\" controls src=\"http:\/\/associations.lunel.com\/au-ptit-rendez-vous\/wp-content\/uploads\/sites\/32\/2023\/11\/expoetic-texte-copie-1.m4v\"><\/video><\/figure>\n","protected":false},"excerpt":{"rendered":"<p>l&rsquo;\u00e9tique en question : pr\u00e9sentation d\u00e9bat \u00e0 l&rsquo;ancienne gare<\/p>\n","protected":false},"author":38,"featured_media":0,"parent":0,"menu_order":1,"comment_status":"closed","ping_status":"closed","template":"","meta":{"_uag_custom_page_level_css":"","footnotes":""},"class_list":["post-852","page","type-page","status-publish","hentry"],"uagb_featured_image_src":{"full":false,"thumbnail":false,"medium":false,"medium_large":false,"large":false,"1536x1536":false,"2048x2048":false,"post-thumbnail":false,"mesmerize-full-hd":false},"uagb_author_info":{"display_name":"au-ptit-rendez-vous","author_link":"https:\/\/associations.lunel.com\/au-ptit-rendez-vous\/author\/au-ptit-rendez-vous\/"},"uagb_comment_info":0,"uagb_excerpt":"l&rsquo;\u00e9tique en question : pr\u00e9sentation d\u00e9bat \u00e0 l&rsquo;ancienne gare","_links":{"self":[{"href":"https:\/\/associations.lunel.com\/au-ptit-rendez-vous\/wp-json\/wp\/v2\/pages\/852","targetHints":{"allow":["GET"]}}],"collection":[{"href":"https:\/\/associations.lunel.com\/au-ptit-rendez-vous\/wp-json\/wp\/v2\/pages"}],"about":[{"href":"https:\/\/associations.lunel.com\/au-ptit-rendez-vous\/wp-json\/wp\/v2\/types\/page"}],"author":[{"embeddable":true,"href":"https:\/\/associations.lunel.com\/au-ptit-rendez-vous\/wp-json\/wp\/v2\/users\/38"}],"replies":[{"embeddable":true,"href":"https:\/\/associations.lunel.com\/au-ptit-rendez-vous\/wp-json\/wp\/v2\/comments?post=852"}],"version-history":[{"count":2,"href":"https:\/\/associations.lunel.com\/au-ptit-rendez-vous\/wp-json\/wp\/v2\/pages\/852\/revisions"}],"predecessor-version":[{"id":1171,"href":"https:\/\/associations.lunel.com\/au-ptit-rendez-vous\/wp-json\/wp\/v2\/pages\/852\/revisions\/1171"}],"wp:attachment":[{"href":"https:\/\/associations.lunel.com\/au-ptit-rendez-vous\/wp-json\/wp\/v2\/media?parent=852"}],"curies":[{"name":"wp","href":"https:\/\/api.w.org\/{rel}","templated":true}]}}