

{"id":2305,"date":"2023-11-28T22:06:27","date_gmt":"2023-11-28T21:06:27","guid":{"rendered":"https:\/\/associations.lunel.com\/billard-club-lunel\/?page_id=2305"},"modified":"2024-06-28T12:59:22","modified_gmt":"2024-06-28T10:59:22","slug":"recherche-de-sponsors-partenaires","status":"publish","type":"page","link":"https:\/\/associations.lunel.com\/billard-club-lunel\/recherche-de-sponsors-partenaires\/","title":{"rendered":"Recherche de sponsors"},"content":{"rendered":"\n<figure class=\"wp-block-image size-large\"><img loading=\"lazy\" decoding=\"async\" width=\"724\" height=\"1024\" src=\"https:\/\/associations.lunel.com\/billard-club-lunel\/wp-content\/uploads\/sites\/16\/2024\/04\/60ANS-2-1-724x1024.jpg\" alt=\"\" class=\"wp-image-2417\" srcset=\"https:\/\/associations.lunel.com\/billard-club-lunel\/wp-content\/uploads\/sites\/16\/2024\/04\/60ANS-2-1-724x1024.jpg 724w, https:\/\/associations.lunel.com\/billard-club-lunel\/wp-content\/uploads\/sites\/16\/2024\/04\/60ANS-2-1-212x300.jpg 212w, https:\/\/associations.lunel.com\/billard-club-lunel\/wp-content\/uploads\/sites\/16\/2024\/04\/60ANS-2-1-768x1086.jpg 768w, https:\/\/associations.lunel.com\/billard-club-lunel\/wp-content\/uploads\/sites\/16\/2024\/04\/60ANS-2-1-1086x1536.jpg 1086w, https:\/\/associations.lunel.com\/billard-club-lunel\/wp-content\/uploads\/sites\/16\/2024\/04\/60ANS-2-1-1448x2048.jpg 1448w, https:\/\/associations.lunel.com\/billard-club-lunel\/wp-content\/uploads\/sites\/16\/2024\/04\/60ANS-2-1-1024x1448.jpg 1024w, https:\/\/associations.lunel.com\/billard-club-lunel\/wp-content\/uploads\/sites\/16\/2024\/04\/60ANS-2-1-764x1080.jpg 764w, https:\/\/associations.lunel.com\/billard-club-lunel\/wp-content\/uploads\/sites\/16\/2024\/04\/60ANS-2-1-scaled.jpg 1810w\" sizes=\"auto, (max-width: 724px) 100vw, 724px\" \/><\/figure>\n\n\n\n<p class=\"has-medium-font-size\"><strong>Le Billard Club Lunel recherche des sponsors  afin de faire vivre le club.<\/strong><\/p>\n\n\n\n<p class=\"has-medium-font-size\"><strong>Si cela vous int\u00e9resse, contactez-nous.  <\/strong><\/p>\n\n\n\n<p class=\"has-luminous-vivid-orange-color has-text-color has-link-color has-medium-font-size wp-elements-7f425cb5812f6c086f152bc09034fe83\"><strong>Billardclublunel@gmail.com<\/strong><\/p>\n\n\n\n<p class=\"has-large-font-size\"><strong><a href=\"http:\/\/associations.lunel.com\/billard-club-lunel\/wp-content\/uploads\/sites\/16\/2023\/11\/doc-sponsoring-1.pdf\">Dossier de partenariat en t\u00e9l\u00e9chargement &#8230;<\/a><\/strong><\/p>\n","protected":false},"excerpt":{"rendered":"<p>Le Billard Club Lunel recherche des sponsors afin de faire vivre le club. Si cela vous int\u00e9resse, contactez-nous. Billardclublunel@gmail.com Dossier de partenariat en t\u00e9l\u00e9chargement &#8230;<\/p>\n","protected":false},"author":22,"featured_media":2415,"parent":0,"menu_order":0,"comment_status":"closed","ping_status":"closed","template":"","meta":{"_uag_custom_page_level_css":"","footnotes":""},"class_list":["post-2305","page","type-page","status-publish","has-post-thumbnail","hentry"],"uagb_featured_image_src":{"full":["https:\/\/associations.lunel.com\/billard-club-lunel\/wp-content\/uploads\/sites\/16\/2024\/04\/60ANS-2-scaled.jpg",1810,2560,false],"thumbnail":["https:\/\/associations.lunel.com\/billard-club-lunel\/wp-content\/uploads\/sites\/16\/2024\/04\/60ANS-2-150x150.jpg",150,150,true],"medium":["https:\/\/associations.lunel.com\/billard-club-lunel\/wp-content\/uploads\/sites\/16\/2024\/04\/60ANS-2-212x300.jpg",212,300,true],"medium_large":["https:\/\/associations.lunel.com\/billard-club-lunel\/wp-content\/uploads\/sites\/16\/2024\/04\/60ANS-2-768x1086.jpg",768,1086,true],"large":["https:\/\/associations.lunel.com\/billard-club-lunel\/wp-content\/uploads\/sites\/16\/2024\/04\/60ANS-2-724x1024.jpg",724,1024,true],"1536x1536":["https:\/\/associations.lunel.com\/billard-club-lunel\/wp-content\/uploads\/sites\/16\/2024\/04\/60ANS-2-1086x1536.jpg",1086,1536,true],"2048x2048":["https:\/\/associations.lunel.com\/billard-club-lunel\/wp-content\/uploads\/sites\/16\/2024\/04\/60ANS-2-1448x2048.jpg",1448,2048,true],"post-thumbnail":["https:\/\/associations.lunel.com\/billard-club-lunel\/wp-content\/uploads\/sites\/16\/2024\/04\/60ANS-2-1024x1448.jpg",1024,1448,true],"mesmerize-full-hd":["https:\/\/associations.lunel.com\/billard-club-lunel\/wp-content\/uploads\/sites\/16\/2024\/04\/60ANS-2-764x1080.jpg",764,1080,true]},"uagb_author_info":{"display_name":"billard-club-lunel","author_link":"https:\/\/associations.lunel.com\/billard-club-lunel\/author\/billard-club-lunel\/"},"uagb_comment_info":0,"uagb_excerpt":"Le Billard Club Lunel recherche des sponsors afin de faire vivre le club. Si cela vous int\u00e9resse, contactez-nous. Billardclublunel@gmail.com Dossier de partenariat en t\u00e9l\u00e9chargement &#8230;","_links":{"self":[{"href":"https:\/\/associations.lunel.com\/billard-club-lunel\/wp-json\/wp\/v2\/pages\/2305","targetHints":{"allow":["GET"]}}],"collection":[{"href":"https:\/\/associations.lunel.com\/billard-club-lunel\/wp-json\/wp\/v2\/pages"}],"about":[{"href":"https:\/\/associations.lunel.com\/billard-club-lunel\/wp-json\/wp\/v2\/types\/page"}],"author":[{"embeddable":true,"href":"https:\/\/associations.lunel.com\/billard-club-lunel\/wp-json\/wp\/v2\/users\/22"}],"replies":[{"embeddable":true,"href":"https:\/\/associations.lunel.com\/billard-club-lunel\/wp-json\/wp\/v2\/comments?post=2305"}],"version-history":[{"count":6,"href":"https:\/\/associations.lunel.com\/billard-club-lunel\/wp-json\/wp\/v2\/pages\/2305\/revisions"}],"predecessor-version":[{"id":2424,"href":"https:\/\/associations.lunel.com\/billard-club-lunel\/wp-json\/wp\/v2\/pages\/2305\/revisions\/2424"}],"wp:featuredmedia":[{"embeddable":true,"href":"https:\/\/associations.lunel.com\/billard-club-lunel\/wp-json\/wp\/v2\/media\/2415"}],"wp:attachment":[{"href":"https:\/\/associations.lunel.com\/billard-club-lunel\/wp-json\/wp\/v2\/media?parent=2305"}],"curies":[{"name":"wp","href":"https:\/\/api.w.org\/{rel}","templated":true}]}}