

{"id":617,"date":"2021-08-29T16:25:29","date_gmt":"2021-08-29T14:25:29","guid":{"rendered":"https:\/\/associations.lunel.com\/billard-club-lunel\/?page_id=617"},"modified":"2023-08-29T02:09:29","modified_gmt":"2023-08-29T00:09:29","slug":"histoire","status":"publish","type":"page","link":"https:\/\/associations.lunel.com\/billard-club-lunel\/histoire\/","title":{"rendered":"L&rsquo;Histoire du B.C.L"},"content":{"rendered":"\n<p class=\"has-text-align-left has-black-color has-text-color has-large-font-size\">                   <strong>L&rsquo;HISTOIRE DU B.C.L <\/strong><\/p>\n\n\n\n<p class=\"has-medium-font-size\"><strong>Le club de Lunel a \u00e9t\u00e9 cr\u00e9\u00e9 en 1964.&nbsp;<br>Il a \u00e9t\u00e9 h\u00e9berg\u00e9, comme beaucoup de clubs \u00e0 l&rsquo;\u00e9poque, dans diverses arri\u00e8re-salles de caf\u00e9s et \u00e9tait locataire de son mat\u00e9riel.&nbsp;<br>Il a grandi au fil des ann\u00e9es puis a trouv\u00e9 les moyens d&rsquo;acheter son propre mat\u00e9riel. Il se trouve maintenant h\u00e9berg\u00e9 dans une salle municipale depuis plus de 20 ans.&nbsp;<br><\/strong><\/p>\n\n\n\n<p class=\"has-medium-font-size\"><strong>Vous y trouverez 8 tables de billard fran\u00e7ais sur lesquelles vous pourrez apprendre, vous perfectionner ou plus simplement vous distraire.&nbsp;<br>L&rsquo;ambiance y est conviviale, chaleureuse et familiale.<br>Les Week ends d&rsquo;octobre \u00e0 avril accueillent des comp\u00e9titions de ligue et nationales que vous pourrez suivre sur place.<br><\/strong><\/p>\n\n\n\n<figure class=\"wp-block-image size-large\"><img loading=\"lazy\" decoding=\"async\" width=\"1024\" height=\"468\" src=\"http:\/\/associations.lunel.com\/billard-club-lunel\/wp-content\/uploads\/sites\/16\/2021\/10\/billard-lunel-2-1024x468.jpg\" alt=\"\" class=\"wp-image-1224\" srcset=\"https:\/\/associations.lunel.com\/billard-club-lunel\/wp-content\/uploads\/sites\/16\/2021\/10\/billard-lunel-2-1024x468.jpg 1024w, https:\/\/associations.lunel.com\/billard-club-lunel\/wp-content\/uploads\/sites\/16\/2021\/10\/billard-lunel-2-300x137.jpg 300w, https:\/\/associations.lunel.com\/billard-club-lunel\/wp-content\/uploads\/sites\/16\/2021\/10\/billard-lunel-2-768x351.jpg 768w, https:\/\/associations.lunel.com\/billard-club-lunel\/wp-content\/uploads\/sites\/16\/2021\/10\/billard-lunel-2-1536x701.jpg 1536w, https:\/\/associations.lunel.com\/billard-club-lunel\/wp-content\/uploads\/sites\/16\/2021\/10\/billard-lunel-2-2048x935.jpg 2048w, https:\/\/associations.lunel.com\/billard-club-lunel\/wp-content\/uploads\/sites\/16\/2021\/10\/billard-lunel-2-1920x877.jpg 1920w\" sizes=\"auto, (max-width: 1024px) 100vw, 1024px\" \/><\/figure>\n\n\n\n<p class=\"has-medium-font-size\"><strong>Nous organisons \u00e9galement chaque ann\u00e9e un grand tournoi open au 3 bandes qui nous am\u00e8ne des joueurs de toute la France.<\/strong><\/p>\n\n\n\n<figure class=\"wp-block-image size-large\"><img loading=\"lazy\" decoding=\"async\" width=\"1024\" height=\"683\" src=\"http:\/\/associations.lunel.com\/billard-club-lunel\/wp-content\/uploads\/sites\/16\/2021\/09\/cropped-cropped-billard-1-1024x683.jpg\" alt=\"\" class=\"wp-image-789\" srcset=\"https:\/\/associations.lunel.com\/billard-club-lunel\/wp-content\/uploads\/sites\/16\/2021\/09\/cropped-cropped-billard-1-1024x683.jpg 1024w, https:\/\/associations.lunel.com\/billard-club-lunel\/wp-content\/uploads\/sites\/16\/2021\/09\/cropped-cropped-billard-1-300x200.jpg 300w, https:\/\/associations.lunel.com\/billard-club-lunel\/wp-content\/uploads\/sites\/16\/2021\/09\/cropped-cropped-billard-1-768x512.jpg 768w, https:\/\/associations.lunel.com\/billard-club-lunel\/wp-content\/uploads\/sites\/16\/2021\/09\/cropped-cropped-billard-1.jpg 1440w\" sizes=\"auto, (max-width: 1024px) 100vw, 1024px\" \/><figcaption class=\"wp-element-caption\"><strong><em>A la journ\u00e9e des associations <\/em><\/strong><\/figcaption><\/figure>\n\n\n\n<p><\/p>\n","protected":false},"excerpt":{"rendered":"<p>L&rsquo;HISTOIRE DU B.C.L Le club de Lunel a \u00e9t\u00e9 cr\u00e9\u00e9 en 1964.&nbsp;Il a \u00e9t\u00e9 h\u00e9berg\u00e9, comme beaucoup de clubs \u00e0 l&rsquo;\u00e9poque, dans diverses arri\u00e8re-salles de caf\u00e9s et \u00e9tait locataire de son mat\u00e9riel.&nbsp;Il a grandi au fil des ann\u00e9es puis a trouv\u00e9 les moyens d&rsquo;acheter son propre mat\u00e9riel. Il se trouve maintenant h\u00e9berg\u00e9 dans une salle&hellip; <br \/> <a class=\"read-more\" href=\"https:\/\/associations.lunel.com\/billard-club-lunel\/histoire\/\">Lire la suite<\/a><\/p>\n","protected":false},"author":22,"featured_media":0,"parent":0,"menu_order":0,"comment_status":"closed","ping_status":"closed","template":"","meta":{"_uag_custom_page_level_css":"","footnotes":""},"class_list":["post-617","page","type-page","status-publish","hentry"],"uagb_featured_image_src":{"full":false,"thumbnail":false,"medium":false,"medium_large":false,"large":false,"1536x1536":false,"2048x2048":false,"post-thumbnail":false,"mesmerize-full-hd":false},"uagb_author_info":{"display_name":"billard-club-lunel","author_link":"https:\/\/associations.lunel.com\/billard-club-lunel\/author\/billard-club-lunel\/"},"uagb_comment_info":0,"uagb_excerpt":"L&rsquo;HISTOIRE DU B.C.L Le club de Lunel a \u00e9t\u00e9 cr\u00e9\u00e9 en 1964.&nbsp;Il a \u00e9t\u00e9 h\u00e9berg\u00e9, comme beaucoup de clubs \u00e0 l&rsquo;\u00e9poque, dans diverses arri\u00e8re-salles de caf\u00e9s et \u00e9tait locataire de son mat\u00e9riel.&nbsp;Il a grandi au fil des ann\u00e9es puis a trouv\u00e9 les moyens d&rsquo;acheter son propre mat\u00e9riel. Il se trouve maintenant h\u00e9berg\u00e9 dans une salle&hellip;\u2026","_links":{"self":[{"href":"https:\/\/associations.lunel.com\/billard-club-lunel\/wp-json\/wp\/v2\/pages\/617","targetHints":{"allow":["GET"]}}],"collection":[{"href":"https:\/\/associations.lunel.com\/billard-club-lunel\/wp-json\/wp\/v2\/pages"}],"about":[{"href":"https:\/\/associations.lunel.com\/billard-club-lunel\/wp-json\/wp\/v2\/types\/page"}],"author":[{"embeddable":true,"href":"https:\/\/associations.lunel.com\/billard-club-lunel\/wp-json\/wp\/v2\/users\/22"}],"replies":[{"embeddable":true,"href":"https:\/\/associations.lunel.com\/billard-club-lunel\/wp-json\/wp\/v2\/comments?post=617"}],"version-history":[{"count":2,"href":"https:\/\/associations.lunel.com\/billard-club-lunel\/wp-json\/wp\/v2\/pages\/617\/revisions"}],"predecessor-version":[{"id":2167,"href":"https:\/\/associations.lunel.com\/billard-club-lunel\/wp-json\/wp\/v2\/pages\/617\/revisions\/2167"}],"wp:attachment":[{"href":"https:\/\/associations.lunel.com\/billard-club-lunel\/wp-json\/wp\/v2\/media?parent=617"}],"curies":[{"name":"wp","href":"https:\/\/api.w.org\/{rel}","templated":true}]}}