

{"id":815,"date":"2021-09-16T16:33:42","date_gmt":"2021-09-16T14:33:42","guid":{"rendered":"https:\/\/associations.lunel.com\/billard-club-lunel\/?page_id=815"},"modified":"2023-05-09T09:26:11","modified_gmt":"2023-05-09T07:26:11","slug":"son-histoire","status":"publish","type":"page","link":"https:\/\/associations.lunel.com\/billard-club-lunel\/son-histoire\/","title":{"rendered":"Son histoire&#8230;"},"content":{"rendered":"\n<p class=\"has-black-color has-text-color has-large-font-size\"><strong>LE BILLARD , SON HISTOIRE &#8230;.<\/strong><\/p>\n\n\n\n<p><\/p>\n\n\n\n<p><em><strong>\u00ab\u00a0Jamais le soleil ne se couche sur l&#8217;empire du billard\u00a0\u00bb, <\/strong><\/em><\/p>\n\n\n\n<p><em><strong>il faut pourtant savoir que quelle que soit l&rsquo;heure o\u00f9 vous parcourez ces lignes, m\u00eame si vous \u00eates insomniaques, que des billes courent et s&rsquo;entrechoquent sur des tapis verts en maints lieux de par l&rsquo;univers, et qu&rsquo;il en est ainsi depuis\u2026 depuis bien longtemps.\u00a0\u00bb<\/strong><\/em><\/p>\n\n\n\n<p><strong>Ainsi parlait Andr\u00e9 Heurtebise, ancien pr\u00e9sident de la F\u00e9d\u00e9ration fran\u00e7aise de billard<\/strong>.<\/p>\n\n\n\n<h2 class=\"has-black-color has-text-color wp-block-heading\"><img decoding=\"async\" src=\"https:\/\/www.ffbillard.com\/medias\/pages\/histoire-du-billard\/histoire3.jpg\" alt=\"\"><strong>Au tout d\u00e9but\u2026<\/strong><\/h2>\n\n\n\n<p><strong>Ce jeu \u00e9tait pratiqu\u00e9 \u00e0 m\u00eame le sol et \u00e9tait une vari\u00e9t\u00e9 de croquet avec des arceaux.<br>En Angleterre, en Italie, en Espagne, il avait des r\u00e8gles \u00e0 peu pr\u00e8s identiques et exigeait l&#8217;emploi de boules de bois ou billes de 10 centim\u00e8tres de diam\u00e8tre, manipul\u00e9es \u00e0 l&rsquo;aide d&rsquo;un b\u00e2ton recourb\u00e9 appel\u00e9 baliyard en Angleterre, velorto en Espagne, biglia en Italie et lihard en France. Cela dura environ deux si\u00e8cles, puis le billard se manifesta sur des tables o\u00f9 il conserva la plupart de ses principes ant\u00e9rieurs.<\/strong><\/p>\n\n\n\n<h2 class=\"has-black-color has-text-color wp-block-heading\"><strong>Au cours du XV<sup>e<\/sup>&nbsp;si\u00e8cle\u2026<\/strong><\/h2>\n\n\n\n<p><strong>Le premier mod\u00e8le de table connu est attribu\u00e9 au ma\u00eetre \u00e9b\u00e9niste\u2013menuisier Henri De Vigne qui l&rsquo;aurait con\u00e7u et r\u00e9alis\u00e9 en&nbsp;1469sur commande du roi Louis XI pour sa r\u00e9sidence parisienne pr\u00e9f\u00e9r\u00e9e, le ch\u00e2teau de la Bastille, o\u00f9 il aimait particuli\u00e8rement faire retraite. Ses dimensions \u00e9taient de 8 pieds de long (244&nbsp;cm environ) et 4 de large&nbsp;(122 cm environ)&nbsp;et pesait 618 livres (280 kg environ). Quatre aulnes de drap d&rsquo;Elbeuf recouvraient une dalle de pierre. Il co\u00fbta la somme de 317 livres&nbsp;parisis, 7 sois et 6 deniers.<\/strong><\/p>\n\n\n\n<h2 class=\"has-black-color has-text-color wp-block-heading\"><strong>XVI<sup>e<\/sup>&nbsp;et XVII<sup>e<\/sup>&nbsp;si\u00e8cles<\/strong><\/h2>\n\n\n\n<p><strong>Mais c&rsquo;est&nbsp;entre les ann\u00e9es 1550 et 1630 que le jeu du billard entre dans les m\u0153urs. Il existait alors \u00e0 Paris de 120 \u00e0 150 billards dont les tables avaient les formats suivants : 12 pieds sur 6 pour les plus grands, d&rsquo;autres 10 pieds sur 5, les plus petits 8 pieds sur 4 et m\u00eame 6 pieds sur 3 (1 pied = 0.324 m). Ce jeu \u00e9tait alors pratiqu\u00e9 aussi bien par des nobles que par des bourgeois, des \u00e9coliers ou des valets.<\/strong><\/p>\n\n\n\n<h3 class=\"wp-block-heading\"><img decoding=\"async\" alt=\"\" src=\"https:\/\/www.ffbillard.com\/medias\/pages\/histoire-du-billard\/histoire4.jpg\"><\/h3>\n\n\n\n<p><strong>Le&nbsp;16 mai 1634, pour la premi\u00e8re fois, le mot \u00ab\u00a0acad\u00e9mie\u00a0\u00bb fut utilis\u00e9 pour une salle de billard. Le cardinal de Richelieu aimait le billard et, en 1636, il installa dans la rue Vieille-du-Temple l&rsquo;Acad\u00e9mie royale pour la noblesse.<br>Il accorda 22 000 livres pour cet \u00e9tablissement destin\u00e9 \u00e0 l&rsquo;\u00e9ducation de 20 fils de gentilshommes pauvres, h\u00e9berg\u00e9s gratuitement et de 50 autres cadets payant pension. Le programme d&rsquo;\u00e9ducation comportait les exercices militaires, les math\u00e9matiques, l&rsquo;histoire, l&rsquo;escrime et le billard. La connaissance compl\u00e8te de ce jeu \u00e9tait exig\u00e9e lors des examens de sortie donnant droit \u00e0 l&rsquo;admission dans la compagnie des mousquetaires du Roi.<\/strong><\/p>\n\n\n\n<p><strong>Louis XIV joua au billard d\u00e8s l&rsquo;\u00e2ge de 15 ans.<\/strong><\/p>\n\n\n\n<p><strong>C&rsquo;est en&nbsp;1680que fut cr\u00e9\u00e9 \u00e0 Verviers, en Belgique, un tissage de laine qui allait prendre une extension consid\u00e9rable et devenir la plus c\u00e9l\u00e8bre fabrique de draps de billard du monde. Henri-Simon Simonis et son fils Guillaume en furent les fondateurs.<\/strong><\/p>\n\n\n\n<p><strong>Le premier trait\u00e9 de billard fut imprim\u00e9 \u00e0 Paris en&nbsp;1588. Il fallut attendre d\u00e9cembre&nbsp;1696 pour voir para\u00eetre le deuxi\u00e8me ouvrage relatif au billard, \u00e9dit\u00e9 sur le continent, \u00e0 La Haye.<\/strong><\/p>\n\n\n\n<h2 class=\"has-black-color has-text-color wp-block-heading\"><strong>XVIII<sup>e<\/sup>&nbsp;si\u00e8cle<\/strong><\/h2>\n\n\n\n<p><strong>Mais on peut dire que la premi\u00e8re \u00e9tude sur le billard fut l&rsquo;\u0153uvre de M. de Mairan, datant de 1728. Cette \u00e9tude tr\u00e8s importante fut d\u00e9pos\u00e9e \u00e0 l&rsquo;Acad\u00e9mie royale des sciences le 14 avril 1728. Le jeu du billard prit un tel essor qu&rsquo;en&nbsp;1790, on en comptait 800 dans les salles de la capitale. Les parties jou\u00e9es en 16 points jusque-l\u00e0 arrivaient \u00e0 partir de&nbsp;1790 \u00e0 30 points, augmentation due \u00e0 l&rsquo;am\u00e9lioration d\u00e9j\u00e0 certaine du mat\u00e9riel.<\/strong><\/p>\n\n\n\n<h2 class=\"has-black-color has-text-color wp-block-heading\"><strong>XIX<sup>e&nbsp;<\/sup>si\u00e8cle<\/strong><\/h2>\n\n\n\n<p><strong>L&rsquo;actuel billard fran\u00e7ais n&rsquo;appara\u00eet qu&rsquo;en&nbsp;1850.<\/strong><\/p>\n\n\n\n<p><strong>Les queues de billard venaient de subir un changement r\u00e9volutionnaire, sans doute depuis&nbsp;1823. Le proc\u00e9d\u00e9 (rondelle de cuir) invent\u00e9 par le professeur Fran\u00e7ois Mingaud permettait d&rsquo;ex\u00e9cuter des coups inconnus jusqu&rsquo;alors. Celui-ci se couvrait d&rsquo;une craie appel\u00e9e \u00ab\u00a0blanc d&rsquo;Espagne\u00a0\u00bb. Mingaud avait fait para\u00eetre en&nbsp;1827 un trait\u00e9 intitul\u00e9 \u00ab\u00a0Noble Jeu de Billard. Coups Extraordinaires et Surprenans, Execut\u00e9s par M. Mingaud, Ancien Capitaine d\u2019Infanterie au Service de France\u00a0\u00bb.<\/strong><\/p>\n\n\n\n<p><strong>N&rsquo;avait-il pas le premier travaill\u00e9 et invent\u00e9 \u00ab\u00a0le r\u00e9tro\u00a0\u00bb ?<\/strong><\/p>\n\n\n\n<p><strong>Mingaud \u00e9tait d\u00e9sormais c\u00e9l\u00e8bre et nous lui devons une seconde \u00e9dition de son trait\u00e9 paru \u00e0 Londres en&nbsp;1836.<\/strong><\/p>\n\n\n\n<p><strong>On peut situer la d\u00e9couverte et l&rsquo;application des bandes de caoutchouc ainsi que l&rsquo;ardoise pour les tables en&nbsp;1835.<\/strong><\/p>\n\n\n\n<p><strong>En&nbsp;1840, le Palais Royal, splendide bazar ouvert \u00e0 tous les plaisirs, alignait 40 billards occup\u00e9s jour et nuit !<\/strong><\/p>\n\n\n\n<p><strong>Sous l&rsquo;Empire, m\u00eame Napol\u00e9on jouait au billard alors qu&rsquo;il pr\u00e9f\u00e9rait les jeux de cartes et les d\u00e9s, car il trichait admirablement. Au billard, ce n&rsquo;\u00e9tait pas facile ! La queue dont il se servait \u00e9tait de palissandre avec des incrustations d&rsquo;ivoire repr\u00e9sentant la croix de la L\u00e9gion d&rsquo;Honneur, la couronne imp\u00e9riale, une \u00e9p\u00e9e \u00e0 poign\u00e9e d&rsquo;or, la tiare et les attributs imp\u00e9riaux ! C&rsquo;\u00e9tait l&rsquo;\u0153uvre d&rsquo;un \u00e9b\u00e9niste italien.<\/strong><\/p>\n\n\n\n<p><strong>En&nbsp;1813, un billard valait 63 napol\u00e9ons, soit 1260 francs-or.<\/strong><\/p>\n\n\n\n<p><strong>Le jeu \u00e0 3 billes, en France, remonte \u00e0&nbsp;1850. A partir de&nbsp;1860, le chauffage des tables de billard s&rsquo;effectuait avec des lampes \u00e0 p\u00e9trole plac\u00e9es au-dessous.<\/strong><\/p>\n\n\n\n<p><strong>C&rsquo;est en&nbsp;1873qu&rsquo;eut lieu le premier championnat du monde professionnel, il fut remport\u00e9 par le fran\u00e7ais Garnier qui r\u00e9alisa une moyenne g\u00e9n\u00e9rale de 9,32 avec une s\u00e9rie de 113. En&nbsp;1874, la victoire revint \u00e0 Vignaux, \u00e9galement fran\u00e7ais, avec 10,56 de moyenne g\u00e9n\u00e9rale et une s\u00e9rie de 159.<\/strong><\/p>\n\n\n\n<h2 class=\"has-black-color has-text-color wp-block-heading\"><strong>XX<sup>e<\/sup>&nbsp;si\u00e8cle<\/strong><\/h2>\n\n\n\n<p><strong>En&nbsp;1900, on chauffa au gaz et enfin, en&nbsp;1925, \u00e0 l&rsquo;\u00e9lectricit\u00e9.<\/strong><\/p>\n\n\n\n<p><strong>L&rsquo;ivoire, connu depuis&nbsp;1364, devait permettre par la suite la fabrication des billes de billard. Mais, depuis&nbsp;1935, la recherche dans la fabrication des mati\u00e8res de synth\u00e8se, mise au point par diff\u00e9rentes m\u00e9thodes, donne aujourd&rsquo;hui toute satisfaction et est employ\u00e9e pour tous les modes de jeux.<\/strong><\/p>\n\n\n\n<p><strong>Plusieurs dizaines de millions de joueurs par le monde pratiquent le billard dans les diff\u00e9rents modes de jeux.<\/strong><\/p>\n\n\n\n<p><strong>Savez-vous :<\/strong><\/p>\n\n\n\n<ul class=\"wp-block-list\">\n<li><strong>que le Japon a plus de 1 500 000 licenci\u00e9s ?<\/strong><\/li>\n\n\n\n<li><strong>que le Mexique est le 2<sup>e<\/sup>&nbsp;pays par ordre d&rsquo;importance dans le monde \u00e0 pratiquer le billard ?<\/strong><\/li>\n\n\n\n<li><strong>que le Guatemala, pour une population de 25 millions d&rsquo;habitants, dispose de 90 000 Billards de 3,10 m ?<\/strong><\/li>\n<\/ul>\n\n\n\n<p><strong>Aujourd&rsquo;hui, un nombre extraordinaire de jeux diff\u00e9rents peuvent \u00eatre pratiqu\u00e9s sur une table de billard. On en d\u00e9crit au moins 300 sur papier, et les variations se comptent par milliers.<\/strong><\/p>\n\n\n\n<p><strong>Parmi ces nombreux modes de jeux, sont reconnues<\/strong> <strong>officiellement par la F\u00e9d\u00e9ration fran\u00e7aise de billard les disciplines<\/strong> <strong>suivantes :<\/strong><\/p>\n\n\n\n<ul class=\"wp-block-list\">\n<li><strong>Le billard carambole ou billard fran\u00e7ais<\/strong><\/li>\n\n\n\n<li><strong>Le billard am\u00e9ricain<\/strong><\/li>\n\n\n\n<li><strong>Le blackball<\/strong><\/li>\n\n\n\n<li><strong>Le snooker<\/strong><\/li>\n<\/ul>\n\n\n\n<p><\/p>\n","protected":false},"excerpt":{"rendered":"<p>LE BILLARD , SON HISTOIRE &#8230;. \u00ab\u00a0Jamais le soleil ne se couche sur l&#8217;empire du billard\u00a0\u00bb, il faut pourtant savoir que quelle que soit l&rsquo;heure o\u00f9 vous parcourez ces lignes, m\u00eame si vous \u00eates insomniaques, que des billes courent et s&rsquo;entrechoquent sur des tapis verts en maints lieux de par l&rsquo;univers, et qu&rsquo;il en est&hellip; <br \/> <a class=\"read-more\" href=\"https:\/\/associations.lunel.com\/billard-club-lunel\/son-histoire\/\">Lire la suite<\/a><\/p>\n","protected":false},"author":22,"featured_media":0,"parent":0,"menu_order":0,"comment_status":"closed","ping_status":"closed","template":"","meta":{"_uag_custom_page_level_css":"","footnotes":""},"class_list":["post-815","page","type-page","status-publish","hentry"],"uagb_featured_image_src":{"full":false,"thumbnail":false,"medium":false,"medium_large":false,"large":false,"1536x1536":false,"2048x2048":false,"post-thumbnail":false,"mesmerize-full-hd":false},"uagb_author_info":{"display_name":"billard-club-lunel","author_link":"https:\/\/associations.lunel.com\/billard-club-lunel\/author\/billard-club-lunel\/"},"uagb_comment_info":0,"uagb_excerpt":"LE BILLARD , SON HISTOIRE &#8230;. \u00ab\u00a0Jamais le soleil ne se couche sur l&#8217;empire du billard\u00a0\u00bb, il faut pourtant savoir que quelle que soit l&rsquo;heure o\u00f9 vous parcourez ces lignes, m\u00eame si vous \u00eates insomniaques, que des billes courent et s&rsquo;entrechoquent sur des tapis verts en maints lieux de par l&rsquo;univers, et qu&rsquo;il en est&hellip;\u2026","_links":{"self":[{"href":"https:\/\/associations.lunel.com\/billard-club-lunel\/wp-json\/wp\/v2\/pages\/815","targetHints":{"allow":["GET"]}}],"collection":[{"href":"https:\/\/associations.lunel.com\/billard-club-lunel\/wp-json\/wp\/v2\/pages"}],"about":[{"href":"https:\/\/associations.lunel.com\/billard-club-lunel\/wp-json\/wp\/v2\/types\/page"}],"author":[{"embeddable":true,"href":"https:\/\/associations.lunel.com\/billard-club-lunel\/wp-json\/wp\/v2\/users\/22"}],"replies":[{"embeddable":true,"href":"https:\/\/associations.lunel.com\/billard-club-lunel\/wp-json\/wp\/v2\/comments?post=815"}],"version-history":[{"count":0,"href":"https:\/\/associations.lunel.com\/billard-club-lunel\/wp-json\/wp\/v2\/pages\/815\/revisions"}],"wp:attachment":[{"href":"https:\/\/associations.lunel.com\/billard-club-lunel\/wp-json\/wp\/v2\/media?parent=815"}],"curies":[{"name":"wp","href":"https:\/\/api.w.org\/{rel}","templated":true}]}}