

{"id":831,"date":"2021-09-16T17:05:20","date_gmt":"2021-09-16T15:05:20","guid":{"rendered":"https:\/\/associations.lunel.com\/billard-club-lunel\/?page_id=831"},"modified":"2021-10-05T10:12:10","modified_gmt":"2021-10-05T08:12:10","slug":"le-billard-artistique","status":"publish","type":"page","link":"https:\/\/associations.lunel.com\/billard-club-lunel\/le-billard-artistique\/","title":{"rendered":"Billard Artistique"},"content":{"rendered":"\n<h1 class=\"has-black-color has-text-color has-large-font-size wp-block-heading\"><strong>BILLARD ARTISTIQUE<\/strong><\/h1>\n\n\n\n<figure class=\"wp-block-image\"><img decoding=\"async\" src=\"https:\/\/www.ffbillard.com\/medias\/pages\/discipline-carambole\/carambole-artistique1.png\" alt=\"\" \/><\/figure>\n\n\n\n<h2 class=\"wp-block-heading\">\u00a0<strong>Principes<\/strong><\/h2>\n\n\n\n<p><strong>Ce jeu\u00a0comporte 100 figures dont les trajets sont impos\u00e9s. Il se d\u00e9roule suivant un programme fix\u00e9 par les instances europ\u00e9ennes du billard. Ces figures sont ex\u00e9cut\u00e9es par groupes et dans un ordre d\u00e9termin\u00e9. Trois tentatives sont autoris\u00e9es pour leur r\u00e9alisation.\u00a0<\/strong><\/p>\n\n\n\n<p><strong>Cette sp\u00e9cialit\u00e9 ne peut \u00eatre envisag\u00e9e sans une exp\u00e9rience r\u00e9elle de la pratique du billard.<\/strong><\/p>\n\n\n\n<figure class=\"wp-block-image size-full is-resized\"><img loading=\"lazy\" decoding=\"async\" src=\"https:\/\/associations.lunel.com\/billard-club-lunel\/wp-content\/uploads\/sites\/16\/2021\/10\/artistique.jpg\" alt=\"\" class=\"wp-image-1192\" width=\"528\" height=\"351\" \/><\/figure>\n","protected":false},"excerpt":{"rendered":"<p>BILLARD ARTISTIQUE \u00a0Principes Ce jeu\u00a0comporte 100 figures dont les trajets sont impos\u00e9s. Il se d\u00e9roule suivant un programme fix\u00e9 par les instances europ\u00e9ennes du billard. Ces figures sont ex\u00e9cut\u00e9es par groupes et dans un ordre d\u00e9termin\u00e9. Trois tentatives sont autoris\u00e9es pour leur r\u00e9alisation.\u00a0 Cette sp\u00e9cialit\u00e9 ne peut \u00eatre envisag\u00e9e sans une exp\u00e9rience r\u00e9elle de la&hellip; <br \/> <a class=\"read-more\" href=\"https:\/\/associations.lunel.com\/billard-club-lunel\/le-billard-artistique\/\">Lire la suite<\/a><\/p>\n","protected":false},"author":22,"featured_media":0,"parent":0,"menu_order":0,"comment_status":"closed","ping_status":"closed","template":"","meta":{"_uag_custom_page_level_css":"","footnotes":""},"class_list":["post-831","page","type-page","status-publish","hentry"],"uagb_featured_image_src":{"full":false,"thumbnail":false,"medium":false,"medium_large":false,"large":false,"1536x1536":false,"2048x2048":false,"post-thumbnail":false,"mesmerize-full-hd":false},"uagb_author_info":{"display_name":"billard-club-lunel","author_link":"https:\/\/associations.lunel.com\/billard-club-lunel\/author\/billard-club-lunel\/"},"uagb_comment_info":0,"uagb_excerpt":"BILLARD ARTISTIQUE \u00a0Principes Ce jeu\u00a0comporte 100 figures dont les trajets sont impos\u00e9s. Il se d\u00e9roule suivant un programme fix\u00e9 par les instances europ\u00e9ennes du billard. Ces figures sont ex\u00e9cut\u00e9es par groupes et dans un ordre d\u00e9termin\u00e9. Trois tentatives sont autoris\u00e9es pour leur r\u00e9alisation.\u00a0 Cette sp\u00e9cialit\u00e9 ne peut \u00eatre envisag\u00e9e sans une exp\u00e9rience r\u00e9elle de la&hellip;\u2026","_links":{"self":[{"href":"https:\/\/associations.lunel.com\/billard-club-lunel\/wp-json\/wp\/v2\/pages\/831","targetHints":{"allow":["GET"]}}],"collection":[{"href":"https:\/\/associations.lunel.com\/billard-club-lunel\/wp-json\/wp\/v2\/pages"}],"about":[{"href":"https:\/\/associations.lunel.com\/billard-club-lunel\/wp-json\/wp\/v2\/types\/page"}],"author":[{"embeddable":true,"href":"https:\/\/associations.lunel.com\/billard-club-lunel\/wp-json\/wp\/v2\/users\/22"}],"replies":[{"embeddable":true,"href":"https:\/\/associations.lunel.com\/billard-club-lunel\/wp-json\/wp\/v2\/comments?post=831"}],"version-history":[{"count":0,"href":"https:\/\/associations.lunel.com\/billard-club-lunel\/wp-json\/wp\/v2\/pages\/831\/revisions"}],"wp:attachment":[{"href":"https:\/\/associations.lunel.com\/billard-club-lunel\/wp-json\/wp\/v2\/media?parent=831"}],"curies":[{"name":"wp","href":"https:\/\/api.w.org\/{rel}","templated":true}]}}