

{"id":833,"date":"2021-09-16T17:06:18","date_gmt":"2021-09-16T15:06:18","guid":{"rendered":"https:\/\/associations.lunel.com\/billard-club-lunel\/?page_id=833"},"modified":"2021-10-05T10:09:31","modified_gmt":"2021-10-05T08:09:31","slug":"le-5-quilles","status":"publish","type":"page","link":"https:\/\/associations.lunel.com\/billard-club-lunel\/le-5-quilles\/","title":{"rendered":"Le 5 quilles"},"content":{"rendered":"\n<h1 class=\"has-black-color has-text-color has-large-font-size wp-block-heading\"><strong>CARAMBOLE &#8211; LE 5-QUILLES<\/strong><\/h1>\n\n\n\n<figure class=\"wp-block-image\"><img decoding=\"async\" src=\"https:\/\/www.ffbillard.com\/medias\/pages\/discipline-carambole\/carambole-5quilles1.png\" alt=\"\" \/><\/figure>\n\n\n\n<h2 class=\"wp-block-heading\">\u00a0<strong>Principes<\/strong><\/h2>\n\n\n\n<p><strong>Les joueurs jouent alternativement, chacun jouant un seul coup. Le joueur doit faire chuter les quilles par l&rsquo;interm\u00e9diare de la bille adverse dans les conditions d\u00e9crites ci-dessous.<\/strong><\/p>\n\n\n\n<p><strong>Un joueur est cr\u00e9dit\u00e9 de points lorsque le coup est r\u00e9gulier et que des points ont \u00e9t\u00e9 r\u00e9alis\u00e9s. Le joueur commettant<\/strong> <strong>une faute est frapp\u00e9 de points de faute, lesquels sont autant de points attribu\u00e9s \u00e0 son adversaire.<\/strong><\/p>\n\n\n\n<p><strong>Les r\u00e8gles d\u00e9taill\u00e9es officielles se trouvent dans le Titre II &#8211; chapitre 3 du Code<\/strong> <strong>Sportif.<\/strong>\u00a0<strong>Seul le code sportif en vigueur fait foi.<\/strong><\/p>\n\n\n\n<figure class=\"wp-block-image size-full is-resized\"><img loading=\"lazy\" decoding=\"async\" src=\"https:\/\/associations.lunel.com\/billard-club-lunel\/wp-content\/uploads\/sites\/16\/2021\/10\/5quilles.jpg\" alt=\"\" class=\"wp-image-1189\" width=\"509\" height=\"339\" \/><\/figure>\n\n\n\n<p><\/p>\n","protected":false},"excerpt":{"rendered":"<p>CARAMBOLE &#8211; LE 5-QUILLES \u00a0Principes Les joueurs jouent alternativement, chacun jouant un seul coup. Le joueur doit faire chuter les quilles par l&rsquo;interm\u00e9diare de la bille adverse dans les conditions d\u00e9crites ci-dessous. Un joueur est cr\u00e9dit\u00e9 de points lorsque le coup est r\u00e9gulier et que des points ont \u00e9t\u00e9 r\u00e9alis\u00e9s. Le joueur commettant une faute&hellip; <br \/> <a class=\"read-more\" href=\"https:\/\/associations.lunel.com\/billard-club-lunel\/le-5-quilles\/\">Lire la suite<\/a><\/p>\n","protected":false},"author":22,"featured_media":0,"parent":0,"menu_order":0,"comment_status":"closed","ping_status":"closed","template":"","meta":{"_uag_custom_page_level_css":"","footnotes":""},"class_list":["post-833","page","type-page","status-publish","hentry"],"uagb_featured_image_src":{"full":false,"thumbnail":false,"medium":false,"medium_large":false,"large":false,"1536x1536":false,"2048x2048":false,"post-thumbnail":false,"mesmerize-full-hd":false},"uagb_author_info":{"display_name":"billard-club-lunel","author_link":"https:\/\/associations.lunel.com\/billard-club-lunel\/author\/billard-club-lunel\/"},"uagb_comment_info":0,"uagb_excerpt":"CARAMBOLE &#8211; LE 5-QUILLES \u00a0Principes Les joueurs jouent alternativement, chacun jouant un seul coup. Le joueur doit faire chuter les quilles par l&rsquo;interm\u00e9diare de la bille adverse dans les conditions d\u00e9crites ci-dessous. Un joueur est cr\u00e9dit\u00e9 de points lorsque le coup est r\u00e9gulier et que des points ont \u00e9t\u00e9 r\u00e9alis\u00e9s. Le joueur commettant une faute&hellip;\u2026","_links":{"self":[{"href":"https:\/\/associations.lunel.com\/billard-club-lunel\/wp-json\/wp\/v2\/pages\/833","targetHints":{"allow":["GET"]}}],"collection":[{"href":"https:\/\/associations.lunel.com\/billard-club-lunel\/wp-json\/wp\/v2\/pages"}],"about":[{"href":"https:\/\/associations.lunel.com\/billard-club-lunel\/wp-json\/wp\/v2\/types\/page"}],"author":[{"embeddable":true,"href":"https:\/\/associations.lunel.com\/billard-club-lunel\/wp-json\/wp\/v2\/users\/22"}],"replies":[{"embeddable":true,"href":"https:\/\/associations.lunel.com\/billard-club-lunel\/wp-json\/wp\/v2\/comments?post=833"}],"version-history":[{"count":0,"href":"https:\/\/associations.lunel.com\/billard-club-lunel\/wp-json\/wp\/v2\/pages\/833\/revisions"}],"wp:attachment":[{"href":"https:\/\/associations.lunel.com\/billard-club-lunel\/wp-json\/wp\/v2\/media?parent=833"}],"curies":[{"name":"wp","href":"https:\/\/api.w.org\/{rel}","templated":true}]}}