

{"id":838,"date":"2021-09-16T17:11:02","date_gmt":"2021-09-16T15:11:02","guid":{"rendered":"https:\/\/associations.lunel.com\/billard-club-lunel\/?page_id=838"},"modified":"2021-10-05T10:18:46","modified_gmt":"2021-10-05T08:18:46","slug":"le-billard-americain","status":"publish","type":"page","link":"https:\/\/associations.lunel.com\/billard-club-lunel\/le-billard-americain\/","title":{"rendered":"Billard Am\u00e9ricain"},"content":{"rendered":"\n<h1 class=\"has-black-color has-text-color has-large-font-size wp-block-heading\"><strong>LE BILLARD AM\u00c9RICAIN<\/strong><\/h1>\n\n\n\n<figure class=\"wp-block-image\"><img decoding=\"async\" src=\"https:\/\/www.ffbillard.com\/medias\/pages\/discipline-americain\/americain1.png\" alt=\"\" \/><\/figure>\n\n\n\n<ul class=\"has-vivid-red-color has-text-color wp-block-list\"><li><strong>Le jeu de la 8<\/strong><\/li><li><strong>Le jeu de la 9<\/strong><\/li><li><strong>Le jeu de la 10<\/strong><\/li><li><strong>Le 14\/1 continu<\/strong><\/li><\/ul>\n\n\n\n<h2 class=\"wp-block-heading\"><strong>Principes<\/strong><\/h2>\n\n\n\n<p><strong>Le billard am\u00e9ricain est un jeu de billard \u00e0 poches comme ses cousins anglo-saxons tels que le blackball ou encore le<\/strong> <strong>snooker.\u00a0Le principe g\u00e9n\u00e9ral de ces derniers est d\u2019envoyer les billes color\u00e9es ou num\u00e9rot\u00e9es dans les poches (ou les \u00ab\u00a0empocher\u00a0\u00bb) par l\u2019interm\u00e9diaire de la bille blanche.<\/strong><\/p>\n\n\n\n<p><\/p>\n\n\n\n<figure class=\"wp-block-image size-full is-resized\"><img loading=\"lazy\" decoding=\"async\" src=\"https:\/\/associations.lunel.com\/billard-club-lunel\/wp-content\/uploads\/sites\/16\/2021\/10\/billard-americain.jpg\" alt=\"\" class=\"wp-image-1196\" width=\"661\" height=\"412\" \/><\/figure>\n\n\n\n<h2 class=\"wp-block-heading\"><strong>Le mat\u00e9riel<\/strong><\/h2>\n\n\n\n<h3 class=\"wp-block-heading\"><strong>La surface de jeu :<\/strong><\/h3>\n\n\n\n<p><strong>La surface de jeu est constitu\u00e9e d\u2019une ardoise recouverte d\u2019un drap dont les dimensions sont de 2,54 m x 1,27 m. La<\/strong> <strong>d\u00e9limitation de la surface de jeu se fait par l\u2019opposition de bandes de caoutchouc, fix\u00e9es sur un cadre, hautes de 36 \u00e0 37 mm. Les dimensions du cadre sont de 2,80 m x 1,527 m. Le cadre supporte des rep\u00e8res appel\u00e9s \u00ab mouches \u00bb.<\/strong><\/p>\n\n\n\n<p><strong>La hauteur du billard entre le sol et la surface sup\u00e9rieure du cadre doit \u00eatre comprise entre 0,75 m et 0 80 m. La dimension des poches d\u2019angles peut varier de 125 mm \u00e0 140 mm \u00e0 l\u2019intersection des bandes et 105 mm \u00e0 120 mm \u00e0<\/strong> <strong>l\u2019entr\u00e9e de la poche ; la dimension des poches lat\u00e9rales est comprise entre 135 mm et 150 mm et 110 mm \u00e0 125 mm \u00e0 l\u2019entr\u00e9e de la poche.<\/strong><\/p>\n\n\n\n<h3 class=\"wp-block-heading\"><strong>Les billes :<\/strong><\/h3>\n\n\n\n<p><strong>Les billes, de mati\u00e8re synth\u00e9tique, sont au nombre de 16 pour le jeu de la 8 ou du 14\/1 continu et 10 pour le jeu de la neuf. Ces billes sont num\u00e9rot\u00e9es de 1 \u00e0 8 pour les billes dites pleines et 9 \u00e0 15 pour les cercl\u00e9es. La seizi\u00e8me est blanche et est appel\u00e9e bille de choc. Leur masse est comprise entre 170,10 g et 184,27 g et leur diam\u00e8tre entre 56,35 mm et 57,95 mm.<\/strong><\/p>\n\n\n\n<h3 class=\"wp-block-heading\"><strong>La queue de billard :<\/strong><\/h3>\n\n\n\n<p><strong>La queue est en bois ou mati\u00e8re composite et comprend plusieurs parties : le proc\u00e9d\u00e9 (en cuir) d\u2019un diam\u00e8tre de 10 \u00e0 12 mm, la virole (en mati\u00e8re synth\u00e9tique), la fl\u00e8che et le talon (ou f\u00fbt).<\/strong><\/p>\n","protected":false},"excerpt":{"rendered":"<p>LE BILLARD AM\u00c9RICAIN Le jeu de la 8 Le jeu de la 9 Le jeu de la 10 Le 14\/1 continu Principes Le billard am\u00e9ricain est un jeu de billard \u00e0 poches comme ses cousins anglo-saxons tels que le blackball ou encore le snooker.\u00a0Le principe g\u00e9n\u00e9ral de ces derniers est d\u2019envoyer les billes color\u00e9es ou&hellip; <br \/> <a class=\"read-more\" href=\"https:\/\/associations.lunel.com\/billard-club-lunel\/le-billard-americain\/\">Lire la suite<\/a><\/p>\n","protected":false},"author":22,"featured_media":0,"parent":0,"menu_order":0,"comment_status":"closed","ping_status":"closed","template":"","meta":{"_uag_custom_page_level_css":"","footnotes":""},"class_list":["post-838","page","type-page","status-publish","hentry"],"uagb_featured_image_src":{"full":false,"thumbnail":false,"medium":false,"medium_large":false,"large":false,"1536x1536":false,"2048x2048":false,"post-thumbnail":false,"mesmerize-full-hd":false},"uagb_author_info":{"display_name":"billard-club-lunel","author_link":"https:\/\/associations.lunel.com\/billard-club-lunel\/author\/billard-club-lunel\/"},"uagb_comment_info":0,"uagb_excerpt":"LE BILLARD AM\u00c9RICAIN Le jeu de la 8 Le jeu de la 9 Le jeu de la 10 Le 14\/1 continu Principes Le billard am\u00e9ricain est un jeu de billard \u00e0 poches comme ses cousins anglo-saxons tels que le blackball ou encore le snooker.\u00a0Le principe g\u00e9n\u00e9ral de ces derniers est d\u2019envoyer les billes color\u00e9es ou&hellip;\u2026","_links":{"self":[{"href":"https:\/\/associations.lunel.com\/billard-club-lunel\/wp-json\/wp\/v2\/pages\/838","targetHints":{"allow":["GET"]}}],"collection":[{"href":"https:\/\/associations.lunel.com\/billard-club-lunel\/wp-json\/wp\/v2\/pages"}],"about":[{"href":"https:\/\/associations.lunel.com\/billard-club-lunel\/wp-json\/wp\/v2\/types\/page"}],"author":[{"embeddable":true,"href":"https:\/\/associations.lunel.com\/billard-club-lunel\/wp-json\/wp\/v2\/users\/22"}],"replies":[{"embeddable":true,"href":"https:\/\/associations.lunel.com\/billard-club-lunel\/wp-json\/wp\/v2\/comments?post=838"}],"version-history":[{"count":0,"href":"https:\/\/associations.lunel.com\/billard-club-lunel\/wp-json\/wp\/v2\/pages\/838\/revisions"}],"wp:attachment":[{"href":"https:\/\/associations.lunel.com\/billard-club-lunel\/wp-json\/wp\/v2\/media?parent=838"}],"curies":[{"name":"wp","href":"https:\/\/api.w.org\/{rel}","templated":true}]}}