

{"id":844,"date":"2021-09-16T17:13:32","date_gmt":"2021-09-16T15:13:32","guid":{"rendered":"https:\/\/associations.lunel.com\/billard-club-lunel\/?page_id=844"},"modified":"2021-10-05T11:53:02","modified_gmt":"2021-10-05T09:53:02","slug":"le-snooker","status":"publish","type":"page","link":"https:\/\/associations.lunel.com\/billard-club-lunel\/le-snooker\/","title":{"rendered":"Billard Snooker"},"content":{"rendered":"\n<h1 class=\"has-black-color has-text-color has-large-font-size wp-block-heading\"><strong>LE BILLARD SNOOKER<\/strong><\/h1>\n\n\n\n<figure class=\"wp-block-image\"><img decoding=\"async\" src=\"https:\/\/www.ffbillard.com\/medias\/pages\/discipline-snooker\/snooker1.jpg\" alt=\"\" \/><\/figure>\n\n\n\n<h2 class=\"wp-block-heading\"><strong>Principes<\/strong><\/h2>\n\n\n\n<p><strong>Le snooker se joue avec la bille blanche, 15 billes rouges et 6 billes de couleurs diff\u00e9rentes.\u00a0Chaque joueur doit r\u00e9aliser la plus grande s\u00e9rie de points possible en alternant bille rouge et bille de couleur diff\u00e9rente.<\/strong><\/p>\n\n\n\n<p><strong>Les billes rouges valent un point 1 point, les autres billes valent un certain nombre de points selon leur couleur :<\/strong><\/p>\n\n\n\n<p class=\"has-vivid-red-color has-text-color\"><strong>Jaune = 2 points &#8211; Verte = 3 points &#8211; Marron = 4 points &#8211; Bleue = 5 points &#8211; Rose = 6 points &#8211; Noire = 7 points<\/strong><\/p>\n\n\n\n<p><strong>Une fois empoch\u00e9es, les billes rouges restent dans leur poche.\u00a0Les autres billes sont replac\u00e9es sur leur point d\u2019origine jusqu\u2019\u00e0 ce que toutes les billes rouges aient \u00e9t\u00e9 empoch\u00e9es.\u00a0Apr\u00e8s la derni\u00e8re bille rouge entr\u00e9e, il y a obligation d&#8217;empocher les billes de couleur par ordre croissant de leur valeur num\u00e9rique.\u00a0Le vainqueur sera celui qui a le plus de points en fin de partie.<\/strong><\/p>\n\n\n\n<figure class=\"wp-block-image size-full is-resized\"><img loading=\"lazy\" decoding=\"async\" src=\"https:\/\/associations.lunel.com\/billard-club-lunel\/wp-content\/uploads\/sites\/16\/2021\/10\/sulivan.jpg\" alt=\"\" class=\"wp-image-1217\" width=\"539\" height=\"303\" \/><\/figure>\n\n\n\n<h2 class=\"wp-block-heading\"><strong>Strat\u00e9gie<\/strong><\/h2>\n\n\n\n<p><strong>Ex\u00e9cutez une casse de \u00ab\u00a0s\u00e9curit\u00e9\u00a0\u00bb (en cassant tr\u00e8s peu le triangle) car l\u2019empoche d\u2019une bille \u00e0 la casse est trop al\u00e9atoire et risque de laisser l\u2019adversaire dans une position id\u00e9ale d\u2019attaque.<\/strong><\/p>\n\n\n\n<p><strong>La casse de s\u00e9curit\u00e9 s\u2019ex\u00e9cute en faisant redescendre la bille blanche dans la partie inf\u00e9rieure du billard.<\/strong><\/p>\n\n\n\n<p><strong>S\u2019il est impossible d\u2019empocher, envisagez un coup de d\u00e9fense en laissant la bille blanche dans une position inconfortable pour l\u2019adversaire ou en effectuant un snook.<\/strong><\/p>\n\n\n\n<p><strong>Les billes trop \u00e9loign\u00e9es, au regard de la difficult\u00e9 \u00e0 les empocher, seront plus id\u00e9alement jou\u00e9es en coup de d\u00e9fense en repla\u00e7ant judicieusement la bille blanche.<\/strong><\/p>\n\n\n\n<p><strong>Dans le cas ou un joueur doit toucher une bille et n&rsquo;y parvient pas,\u00a0par exemple \u00e0 la suite d&rsquo;un snook, il donne \u00e0 son adversaire 4 points de p\u00e9nalit\u00e9 dans le cas o\u00f9 il joue une rouge, une jaune, une verte ou encore une marron, et la valeur de la bille jou\u00e9e dans le cas o\u00f9 il joue une bille de couleur diff\u00e9rente (s&rsquo;il joue la bleue, 5 points de p\u00e9nalit\u00e9, une rose, 6 points, une noire, 7 points.)<\/strong><\/p>\n\n\n\n<p>\u00a0<strong>Dans cette situation, son adversaire a une double possibilit\u00e9 de choix de jeu :<\/strong><\/p>\n\n\n\n<p><strong>&#8211; soit il prend la main s&rsquo;il juge la position favorable pour lui,<\/strong><\/p>\n\n\n\n<p><strong>&#8211; soit il d\u00e9cide de demander \u00e0 l&rsquo;arbitre de repositionner les billes dans la situation de snook pr\u00e9c\u00e9dente et demande \u00e0 son adversaire de jouer une nouvelle fois le coup.<\/strong><\/p>\n\n\n\n<figure class=\"wp-block-image size-full is-resized\"><img loading=\"lazy\" decoding=\"async\" src=\"https:\/\/associations.lunel.com\/billard-club-lunel\/wp-content\/uploads\/sites\/16\/2021\/10\/bryan.jpg\" alt=\"\" class=\"wp-image-1218\" width=\"567\" height=\"377\" \/><figcaption> <strong><em>Bryan OCHOISKI Num\u00e9ro 1 fran\u00e7ais<\/em><\/strong><\/figcaption><\/figure>\n\n\n\n<h2 class=\"wp-block-heading\"><strong>Le mat\u00e9riel<\/strong><\/h2>\n\n\n\n<h3 class=\"wp-block-heading\"><strong>La surface de jeu :<\/strong><\/h3>\n\n\n\n<p><strong>La surface de jeu est constitu\u00e9e d\u2019une ardoise recouverte d\u2019un drap dont les dimensions sont de 3,5687 m x 1,7778 m.<\/strong><br><br><strong>La d\u00e9limitation de la surface de jeu se fait par l\u2019opposition de bandes de caoutchouc, fix\u00e9es sur un cadre, hautes de 36 \u00e0 37 mm.<\/strong><br><br><strong>La hauteur du billard entre le sol et la surface sup\u00e9rieure du cadre doit \u00eatre comprise entre 0,8509 m et 0,8763 m.<\/strong><br>\u00a0<\/p>\n\n\n\n<h3 class=\"wp-block-heading\"><strong>Les billes :<\/strong><\/h3>\n\n\n\n<p><strong>Les billes en mati\u00e8re synth\u00e9tique et de 52,5 mm de diam\u00e8tre sont au nombre de 22 :<\/strong><\/p>\n\n\n\n<p><strong>&#8211; les 15 billes rouges et 6 billes de couleurs diff\u00e9rentes repr\u00e9sentent les billes de but,<\/strong><\/p>\n\n\n\n<p><strong>&#8211; la 22<sup>e<\/sup>\u00a0bille est blanche et elle est appel\u00e9e bille de choc.<\/strong><\/p>\n\n\n\n<h3 class=\"wp-block-heading\"><strong>La queue de billard :<\/strong><\/h3>\n\n\n\n<p><strong>La queue est en bois et comprend plusieurs parties :<\/strong><\/p>\n\n\n\n<p><strong>&#8211; le proc\u00e9d\u00e9 (en cuir) d\u2019un diam\u00e8tre de 8 \u00e0 9 mm,<\/strong><\/p>\n\n\n\n<p><strong>&#8211; la virole (mati\u00e8re synth\u00e9tique),<\/strong><\/p>\n\n\n\n<p><strong>&#8211; la fl\u00e8che,<\/strong><\/p>\n\n\n\n<p><strong>&#8211; le talon (ou f\u00fbt).<\/strong><br><br><strong>Elle doit mesurer au minimum 3 pieds de long soit 910 mm. Il est recommand\u00e9 une queue \u00be (voir page pr\u00e9c\u00e9dente) pour adapter un plus grand talon lorsque la bille de choc est trop \u00e9loign\u00e9e.<\/strong><\/p>\n","protected":false},"excerpt":{"rendered":"<p>LE BILLARD SNOOKER Principes Le snooker se joue avec la bille blanche, 15 billes rouges et 6 billes de couleurs diff\u00e9rentes.\u00a0Chaque joueur doit r\u00e9aliser la plus grande s\u00e9rie de points possible en alternant bille rouge et bille de couleur diff\u00e9rente. Les billes rouges valent un point 1 point, les autres billes valent un certain nombre&hellip; <br \/> <a class=\"read-more\" href=\"https:\/\/associations.lunel.com\/billard-club-lunel\/le-snooker\/\">Lire la suite<\/a><\/p>\n","protected":false},"author":22,"featured_media":0,"parent":0,"menu_order":0,"comment_status":"closed","ping_status":"closed","template":"","meta":{"_uag_custom_page_level_css":"","footnotes":""},"class_list":["post-844","page","type-page","status-publish","hentry"],"uagb_featured_image_src":{"full":false,"thumbnail":false,"medium":false,"medium_large":false,"large":false,"1536x1536":false,"2048x2048":false,"post-thumbnail":false,"mesmerize-full-hd":false},"uagb_author_info":{"display_name":"billard-club-lunel","author_link":"https:\/\/associations.lunel.com\/billard-club-lunel\/author\/billard-club-lunel\/"},"uagb_comment_info":0,"uagb_excerpt":"LE BILLARD SNOOKER Principes Le snooker se joue avec la bille blanche, 15 billes rouges et 6 billes de couleurs diff\u00e9rentes.\u00a0Chaque joueur doit r\u00e9aliser la plus grande s\u00e9rie de points possible en alternant bille rouge et bille de couleur diff\u00e9rente. Les billes rouges valent un point 1 point, les autres billes valent un certain nombre&hellip;\u2026","_links":{"self":[{"href":"https:\/\/associations.lunel.com\/billard-club-lunel\/wp-json\/wp\/v2\/pages\/844","targetHints":{"allow":["GET"]}}],"collection":[{"href":"https:\/\/associations.lunel.com\/billard-club-lunel\/wp-json\/wp\/v2\/pages"}],"about":[{"href":"https:\/\/associations.lunel.com\/billard-club-lunel\/wp-json\/wp\/v2\/types\/page"}],"author":[{"embeddable":true,"href":"https:\/\/associations.lunel.com\/billard-club-lunel\/wp-json\/wp\/v2\/users\/22"}],"replies":[{"embeddable":true,"href":"https:\/\/associations.lunel.com\/billard-club-lunel\/wp-json\/wp\/v2\/comments?post=844"}],"version-history":[{"count":0,"href":"https:\/\/associations.lunel.com\/billard-club-lunel\/wp-json\/wp\/v2\/pages\/844\/revisions"}],"wp:attachment":[{"href":"https:\/\/associations.lunel.com\/billard-club-lunel\/wp-json\/wp\/v2\/media?parent=844"}],"curies":[{"name":"wp","href":"https:\/\/api.w.org\/{rel}","templated":true}]}}