

{"id":847,"date":"2021-09-16T17:16:37","date_gmt":"2021-09-16T15:16:37","guid":{"rendered":"https:\/\/associations.lunel.com\/billard-club-lunel\/?page_id=847"},"modified":"2021-10-05T11:13:42","modified_gmt":"2021-10-05T09:13:42","slug":"le-jeu-de-la-8","status":"publish","type":"page","link":"https:\/\/associations.lunel.com\/billard-club-lunel\/le-jeu-de-la-8\/","title":{"rendered":"Le jeu de la 8"},"content":{"rendered":"\n<h1 class=\"has-black-color has-text-color has-large-font-size wp-block-heading\"><strong>JEU DE LA 8<\/strong><\/h1>\n\n\n\n<figure class=\"wp-block-image\"><img decoding=\"async\" src=\"https:\/\/www.ffbillard.com\/medias\/pages\/discipline-americain\/americain-lejeudela81.png\" alt=\"\" \/><\/figure>\n\n\n\n<h2 class=\"has-black-color has-text-color wp-block-heading\"><strong>Principe<\/strong><\/h2>\n\n\n\n<p><strong>Le jeu de la 8 se joue avec la bille blanche et les billes num\u00e9rot\u00e9es de 1 \u00e0 15.<\/strong><\/p>\n\n\n\n<p><strong>Le joueur doit toujours toucher en premier une bille de son groupe, soit les pleines, soit les cercl\u00e9es (si le joueur cassant le triangle empoche une bille, il peut conserver le groupe auquel appartient cette bille ou choisir l\u2019autre groupe<\/strong> <strong>en<\/strong> <strong>empochant obligatoirement une bille de ce groupe).<\/strong><\/p>\n\n\n\n<ul class=\"wp-block-list\"><li><strong>Si le joueur cassant le triangle n\u2019empoche pas de bille, le joueur adverse doit empocher obligatoirement une bille pour confirmer son groupe.<\/strong><\/li><li><strong>Si le joueur empoche correctement une bille, il continue \u00e0 jouer jusqu\u2019\u00e0 ce qu\u2019il manque, commette une faute ou qu\u2019il gagne en empochant r\u00e9guli\u00e8rement la bille noire num\u00e9ro 8 apr\u00e8s toutes les billes de son groupe.<\/strong><\/li><\/ul>\n\n\n\n<p><strong>Apr\u00e8s une faute, l\u2019adversaire a bille en main et il peut placer la blanche o\u00f9 il le souhaite sur la surface de jeu.<\/strong><\/p>\n\n\n\n<p><strong>Le<\/strong> <strong>vainqueur de la partie est celui qui empoche la bille 8 r\u00e9guli\u00e8rement.<\/strong><\/p>\n\n\n\n<figure class=\"wp-block-image size-full is-resized\"><img loading=\"lazy\" decoding=\"async\" src=\"https:\/\/associations.lunel.com\/billard-club-lunel\/wp-content\/uploads\/sites\/16\/2021\/10\/8ball.jpg\" alt=\"\" class=\"wp-image-1198\" width=\"492\" height=\"327\" \/><\/figure>\n\n\n\n<h2 class=\"has-black-color has-text-color wp-block-heading\"><strong>Strat\u00e9gie<\/strong><\/h2>\n\n\n\n<p><strong>Ex\u00e9cutez une casse d\u2019attaque avec un coup puissant. Apr\u00e8s la casse, choisissez le meilleur jeu (si possible) en \u00e9vitant les billes trop difficiles \u00e0 jouer.<\/strong><\/p>\n\n\n\n<p><strong>Pour les billes au contact des bandes, \u00e9vitez les coups par bandes et essayez de vous replacer pour les jouer le long<\/strong> <strong>de la bande.<\/strong><\/p>\n\n\n\n<p><strong>Le billard am\u00e9ricain permet une empoche plus facile que les autres billards sur ces coups. Ne tentez pas d\u2019occuper les<\/strong> <strong>poches avec les billes de son groupe, car leurs dimensions permettent souvent aux autres billes de passer.<\/strong><\/p>\n\n\n\n<p><strong>S\u2019il est impossible d\u2019empocher, envisagez un coup de d\u00e9fense :<\/strong><\/p>\n\n\n\n<ul class=\"wp-block-list\"><li><strong>soit par snook, mais le coup est difficile pour le d\u00e9butant car la r\u00e8gle exige une bande apr\u00e8s le contact de sa bille,<\/strong><\/li><li><strong>soit en laissant la bille de choc dans une position inconfortable pour l\u2019adversaire.<\/strong><\/li><\/ul>\n","protected":false},"excerpt":{"rendered":"<p>JEU DE LA 8 Principe Le jeu de la 8 se joue avec la bille blanche et les billes num\u00e9rot\u00e9es de 1 \u00e0 15. Le joueur doit toujours toucher en premier une bille de son groupe, soit les pleines, soit les cercl\u00e9es (si le joueur cassant le triangle empoche une bille, il peut conserver le&hellip; <br \/> <a class=\"read-more\" href=\"https:\/\/associations.lunel.com\/billard-club-lunel\/le-jeu-de-la-8\/\">Lire la suite<\/a><\/p>\n","protected":false},"author":22,"featured_media":0,"parent":0,"menu_order":0,"comment_status":"closed","ping_status":"closed","template":"","meta":{"_uag_custom_page_level_css":"","footnotes":""},"class_list":["post-847","page","type-page","status-publish","hentry"],"uagb_featured_image_src":{"full":false,"thumbnail":false,"medium":false,"medium_large":false,"large":false,"1536x1536":false,"2048x2048":false,"post-thumbnail":false,"mesmerize-full-hd":false},"uagb_author_info":{"display_name":"billard-club-lunel","author_link":"https:\/\/associations.lunel.com\/billard-club-lunel\/author\/billard-club-lunel\/"},"uagb_comment_info":0,"uagb_excerpt":"JEU DE LA 8 Principe Le jeu de la 8 se joue avec la bille blanche et les billes num\u00e9rot\u00e9es de 1 \u00e0 15. Le joueur doit toujours toucher en premier une bille de son groupe, soit les pleines, soit les cercl\u00e9es (si le joueur cassant le triangle empoche une bille, il peut conserver le&hellip;\u2026","_links":{"self":[{"href":"https:\/\/associations.lunel.com\/billard-club-lunel\/wp-json\/wp\/v2\/pages\/847","targetHints":{"allow":["GET"]}}],"collection":[{"href":"https:\/\/associations.lunel.com\/billard-club-lunel\/wp-json\/wp\/v2\/pages"}],"about":[{"href":"https:\/\/associations.lunel.com\/billard-club-lunel\/wp-json\/wp\/v2\/types\/page"}],"author":[{"embeddable":true,"href":"https:\/\/associations.lunel.com\/billard-club-lunel\/wp-json\/wp\/v2\/users\/22"}],"replies":[{"embeddable":true,"href":"https:\/\/associations.lunel.com\/billard-club-lunel\/wp-json\/wp\/v2\/comments?post=847"}],"version-history":[{"count":0,"href":"https:\/\/associations.lunel.com\/billard-club-lunel\/wp-json\/wp\/v2\/pages\/847\/revisions"}],"wp:attachment":[{"href":"https:\/\/associations.lunel.com\/billard-club-lunel\/wp-json\/wp\/v2\/media?parent=847"}],"curies":[{"name":"wp","href":"https:\/\/api.w.org\/{rel}","templated":true}]}}