

{"id":853,"date":"2021-09-16T17:19:12","date_gmt":"2021-09-16T15:19:12","guid":{"rendered":"https:\/\/associations.lunel.com\/billard-club-lunel\/?page_id=853"},"modified":"2021-10-05T11:31:06","modified_gmt":"2021-10-05T09:31:06","slug":"le-14-1-continu","status":"publish","type":"page","link":"https:\/\/associations.lunel.com\/billard-club-lunel\/le-14-1-continu\/","title":{"rendered":"Le 14\/1 continu"},"content":{"rendered":"\n<h1 class=\"has-black-color has-text-color has-large-font-size wp-block-heading\"><strong>LE 14\/1 CONTINU<\/strong><\/h1>\n\n\n\n<figure class=\"wp-block-image\"><img decoding=\"async\" src=\"https:\/\/www.ffbillard.com\/medias\/pages\/discipline-americain\/americain-lejeudela1411.png\" alt=\"\" \/><\/figure>\n\n\n\n<h2 class=\"wp-block-heading\"><strong>Principes<\/strong><\/h2>\n\n\n\n<p><strong>Le jeu du 14\/1 continu se joue avec la bille blanche et les billes num\u00e9rot\u00e9es de 1 \u00e0 15.<\/strong><\/p>\n\n\n\n<p><strong>Le joueur doit empocher le plus de billes possible \u00e0 chaque tour de jeu, quel que soit leur num\u00e9ro. A chaque fois, le joueur doit d\u00e9signer la bille et la poche dans laquelle elle sera empoch\u00e9e. Chaque bille vaut un point.<\/strong><\/p>\n\n\n\n<ul class=\"wp-block-list\"><li><strong>Si le joueur empoche correctement une bille, il continue \u00e0 jouer jusqu\u2019\u00e0 ce qu\u2019il manque, commette une faute ou qu\u2019il gagne en atteignant un quota de points fix\u00e9 \u00e0 l\u2019avance.<\/strong><\/li><li><strong>Apr\u00e8s une faute, l\u2019adversaire a bille en main et il peut placer la blanche n\u2019importe o\u00f9 derri\u00e8re la ligne de d\u00e9part.<\/strong><\/li><\/ul>\n\n\n\n<p><strong>Lorsqu\u2019il ne reste qu\u2019une bille \u00e0 empocher, on reforme le triangle sans la derni\u00e8re bille, le principe \u00e9tant alors d\u2019empocher la bille isol\u00e9e, puis avec la bille blanche venir casser le triangle afin de pouvoir rentrer d\u2019autres billes et continuer la s\u00e9rie. Ceci n\u2019est pas obligatoire, le joueur peut toucher une bille du triangle plut\u00f4t que la bille isol\u00e9e.<\/strong><\/p>\n\n\n\n<p><strong>Le vainqueur de la partie est celui qui atteint son quota de points.<\/strong><\/p>\n\n\n\n<figure class=\"wp-block-image size-full is-resized\"><img loading=\"lazy\" decoding=\"async\" src=\"https:\/\/associations.lunel.com\/billard-club-lunel\/wp-content\/uploads\/sites\/16\/2021\/10\/14-11.jpg\" alt=\"\" class=\"wp-image-1210\" width=\"474\" height=\"474\" srcset=\"https:\/\/associations.lunel.com\/billard-club-lunel\/wp-content\/uploads\/sites\/16\/2021\/10\/14-11.jpg 225w, https:\/\/associations.lunel.com\/billard-club-lunel\/wp-content\/uploads\/sites\/16\/2021\/10\/14-11-150x150.jpg 150w\" sizes=\"auto, (max-width: 474px) 100vw, 474px\" \/><\/figure>\n\n\n\n<h2 class=\"wp-block-heading\"><strong>Strat\u00e9gie<\/strong><\/h2>\n\n\n\n<p><strong>Ex\u00e9cutez une casse avec un coup peu puissant car l\u2019empoche d\u2019une bille d\u00e9sign\u00e9e \u00e0 la casse est trop al\u00e9atoire. Cette casse ne laissera pas un jeu trop ouvert \u00e0 l\u2019adversaire.<\/strong><\/p>\n\n\n\n<p><strong>Pour les billes au contact des bandes \u00e9vitez les coups par bandes et essayez de vous replacer pour les jouer le long de la bande, le billard am\u00e9ricain permettant une empoche facile sur ces coups. Ne tentez pas d\u2019occuper les poches car la bille restant sur la table sera jou\u00e9e par l\u2019adversaire.<\/strong><\/p>\n\n\n\n<p><strong>S\u2019il est impossible d\u2019empocher, envisagez un coup de d\u00e9fense en laissant la bille de choc dans une position inconfortable pour l\u2019adversaire.<\/strong><\/p>\n\n\n\n<p><strong>Pensez \u00e0 garder la quinzi\u00e8me bille dans une position favorable pour continuer la s\u00e9rie.<\/strong><\/p>\n","protected":false},"excerpt":{"rendered":"<p>LE 14\/1 CONTINU Principes Le jeu du 14\/1 continu se joue avec la bille blanche et les billes num\u00e9rot\u00e9es de 1 \u00e0 15. Le joueur doit empocher le plus de billes possible \u00e0 chaque tour de jeu, quel que soit leur num\u00e9ro. A chaque fois, le joueur doit d\u00e9signer la bille et la poche dans&hellip; <br \/> <a class=\"read-more\" href=\"https:\/\/associations.lunel.com\/billard-club-lunel\/le-14-1-continu\/\">Lire la suite<\/a><\/p>\n","protected":false},"author":22,"featured_media":0,"parent":0,"menu_order":0,"comment_status":"closed","ping_status":"closed","template":"","meta":{"_uag_custom_page_level_css":"","footnotes":""},"class_list":["post-853","page","type-page","status-publish","hentry"],"uagb_featured_image_src":{"full":false,"thumbnail":false,"medium":false,"medium_large":false,"large":false,"1536x1536":false,"2048x2048":false,"post-thumbnail":false,"mesmerize-full-hd":false},"uagb_author_info":{"display_name":"billard-club-lunel","author_link":"https:\/\/associations.lunel.com\/billard-club-lunel\/author\/billard-club-lunel\/"},"uagb_comment_info":0,"uagb_excerpt":"LE 14\/1 CONTINU Principes Le jeu du 14\/1 continu se joue avec la bille blanche et les billes num\u00e9rot\u00e9es de 1 \u00e0 15. Le joueur doit empocher le plus de billes possible \u00e0 chaque tour de jeu, quel que soit leur num\u00e9ro. A chaque fois, le joueur doit d\u00e9signer la bille et la poche dans&hellip;\u2026","_links":{"self":[{"href":"https:\/\/associations.lunel.com\/billard-club-lunel\/wp-json\/wp\/v2\/pages\/853","targetHints":{"allow":["GET"]}}],"collection":[{"href":"https:\/\/associations.lunel.com\/billard-club-lunel\/wp-json\/wp\/v2\/pages"}],"about":[{"href":"https:\/\/associations.lunel.com\/billard-club-lunel\/wp-json\/wp\/v2\/types\/page"}],"author":[{"embeddable":true,"href":"https:\/\/associations.lunel.com\/billard-club-lunel\/wp-json\/wp\/v2\/users\/22"}],"replies":[{"embeddable":true,"href":"https:\/\/associations.lunel.com\/billard-club-lunel\/wp-json\/wp\/v2\/comments?post=853"}],"version-history":[{"count":0,"href":"https:\/\/associations.lunel.com\/billard-club-lunel\/wp-json\/wp\/v2\/pages\/853\/revisions"}],"wp:attachment":[{"href":"https:\/\/associations.lunel.com\/billard-club-lunel\/wp-json\/wp\/v2\/media?parent=853"}],"curies":[{"name":"wp","href":"https:\/\/api.w.org\/{rel}","templated":true}]}}