

{"id":615,"date":"2023-02-07T19:42:01","date_gmt":"2023-02-07T18:42:01","guid":{"rendered":"https:\/\/associations.lunel.com\/hippocampe\/?page_id=615"},"modified":"2023-11-03T20:07:30","modified_gmt":"2023-11-03T19:07:30","slug":"les-formations","status":"publish","type":"page","link":"https:\/\/associations.lunel.com\/hippocampe\/les-formations\/","title":{"rendered":"La plong\u00e9e sous-marine"},"content":{"rendered":"\n<figure class=\"wp-block-image size-full\"><img loading=\"lazy\" decoding=\"async\" width=\"1000\" height=\"695\" src=\"https:\/\/associations.lunel.com\/hippocampe\/wp-content\/uploads\/sites\/35\/2023\/11\/cursus_ffessm.png\" alt=\"\" class=\"wp-image-876\" srcset=\"https:\/\/associations.lunel.com\/hippocampe\/wp-content\/uploads\/sites\/35\/2023\/11\/cursus_ffessm.png 1000w, https:\/\/associations.lunel.com\/hippocampe\/wp-content\/uploads\/sites\/35\/2023\/11\/cursus_ffessm-300x209.png 300w, https:\/\/associations.lunel.com\/hippocampe\/wp-content\/uploads\/sites\/35\/2023\/11\/cursus_ffessm-768x534.png 768w\" sizes=\"auto, (max-width: 1000px) 100vw, 1000px\" \/><\/figure>\n\n\n\n<p>source: <a href=\"http:\/\/www.codep87.fr\/h2o\/index.php?option=com_content&amp;view=article&amp;id=197:vous-souhaitez-progresser-dans-vos-formations-le-codep-87-est-la-pour-ca&amp;catid=16&amp;Itemid=165\">codep87.fr<\/a><\/p>\n\n\n\n<h2 class=\"wp-block-heading\">Les formations<\/h2>\n\n\n\n<div class=\"wp-block-uagb-tabs uagb-block-29ce76dc uagb-tabs__wrap uagb-tabs__hstyle5-desktop uagb-tabs__vstyle6-tablet uagb-tabs__stack1-mobile\" data-tab-active=\"0\"><ul class=\"uagb-tabs__panel uagb-tabs__align-center\" role=\"tablist\"><li class=\"uagb-tab uagb-tabs__active\" role=\"none\"><a href=\"#uagb-tabs__tab0\" class=\"uagb-tabs-list uagb-tabs__icon-position-left\" data-tab=\"0\" role=\"tab\">Niveau 1<\/a><\/li><li class=\"uagb-tab \" role=\"none\"><a href=\"#uagb-tabs__tab1\" class=\"uagb-tabs-list uagb-tabs__icon-position-left\" data-tab=\"1\" role=\"tab\">Niveau 2<\/a><\/li><li class=\"uagb-tab \" role=\"none\"><a href=\"#uagb-tabs__tab2\" class=\"uagb-tabs-list uagb-tabs__icon-position-left\" data-tab=\"2\" role=\"tab\">Niveau 3<\/a><\/li><li class=\"uagb-tab \" role=\"none\"><a href=\"#uagb-tabs__tab3\" class=\"uagb-tabs-list uagb-tabs__icon-position-left\" data-tab=\"3\" role=\"tab\">Niveau 4<\/a><\/li><\/ul><div class=\"uagb-tabs__body-wrap\">\n<div class=\"wp-block-uagb-tabs-child uagb-tabs__body-container uagb-inner-tab-0\" aria-labelledby=\"uagb-tabs__tab0\">\n<p>Formation adulte en plong\u00e9e sous-marine : Niveau 1<\/p>\n\n\n\n<p>Pour en savoir plus sur les Formations F\u00e9d\u00e9rales plongeur Niveau&nbsp; 1, consultez le flyer de la FFESSM : <\/p>\n\n\n\n<p><a href=\"http:\/\/www.plongee-lunel.com\/wa_files\/flyer_20Niveau_201.pdf\" target=\"_blank\" rel=\"noreferrer noopener\">Niveau 1&nbsp; (encadr\u00e9 \u00e0 20 m)<\/a><\/p>\n<\/div>\n\n\n\n<div class=\"wp-block-uagb-tabs-child uagb-tabs__body-container uagb-inner-tab-1\" aria-labelledby=\"uagb-tabs__tab1\">\n<p>Formation adulte en plong\u00e9e sous-marine : Niveau 2<\/p>\n\n\n\n<p>Pour en savoir plus sur les Formations F\u00e9d\u00e9rales plongeur Niveau 2, consultez le flyer de la FFESSM :<\/p>\n\n\n\n<p><a href=\"http:\/\/www.plongee-lunel.com\/wa_files\/flyer_20Niveau_202.pdf\" target=\"_blank\" rel=\"noreferrer noopener\">Niveau 2&nbsp; (autonome \u00e0 20 m, encadr\u00e9 \u00e0 40 m)<\/a><\/p>\n<\/div>\n\n\n\n<div class=\"wp-block-uagb-tabs-child uagb-tabs__body-container uagb-inner-tab-2\" aria-labelledby=\"uagb-tabs__tab2\">\n<p>Formation adulte en plong\u00e9e sous-marine : Niveau 3<\/p>\n\n\n\n<p>Pour en savoir plus sur les Formations F\u00e9d\u00e9rales plongeur Niveau 2, consultez le flyer de la FFESSM :<\/p>\n\n\n\n<p><a href=\"http:\/\/www.plongee-lunel.com\/wa_files\/flyer_20Niveau_203.pdf\" target=\"_blank\" rel=\"noreferrer noopener\">Niveau 3&nbsp; (autonomie grande profondeur)<\/a><\/p>\n<\/div>\n\n\n\n<div class=\"wp-block-uagb-tabs-child uagb-tabs__body-container uagb-inner-tab-3\" aria-labelledby=\"uagb-tabs__tab3\">\n<p>Formation adulte en plong\u00e9e sous-marine : Niveau 4<\/p>\n\n\n\n<p><a href=\"\/\/bfdogplmndidlpjfhoijckpakkdjkkil\/pdf\/viewer.html?file=https%3A%2F%2Fplongee.ffessm.fr%2Fuploads%2Fmedia%2Fdocs%2F0001%2F02%2Fb4056146f401dedfc84fa88f9e89adb17ad9215d.pdf\" data-type=\"URL\" data-id=\"extension:\/\/bfdogplmndidlpjfhoijckpakkdjkkil\/pdf\/viewer.html?file=https%3A%2F%2Fplongee.ffessm.fr%2Fuploads%2Fmedia%2Fdocs%2F0001%2F02%2Fb4056146f401dedfc84fa88f9e89adb17ad9215d.pdf\" target=\"_blank\" rel=\"noreferrer noopener\">GUIDE DE PALANQUEE \u2013 Niveau 4 (GP-N4)<\/a><\/p>\n<\/div>\n<\/div><\/div>\n\n\n\n<h2 class=\"wp-block-heading\">Les formations Nitrox<\/h2>\n\n\n\n<div class=\"wp-block-uagb-container uagb-block-3b1441c9 alignfull uagb-is-root-container\"><div class=\"uagb-container-inner-blocks-wrap\">\n<div class=\"wp-block-uagb-tabs uagb-block-2300a846 uagb-tabs__wrap uagb-tabs__hstyle5-desktop uagb-tabs__vstyle6-tablet uagb-tabs__stack1-mobile\" data-tab-active=\"0\"><ul class=\"uagb-tabs__panel uagb-tabs__align-center\" role=\"tablist\"><li class=\"uagb-tab uagb-tabs__active\" role=\"none\"><a href=\"#uagb-tabs__tab0\" class=\"uagb-tabs-list uagb-tabs__icon-position-left\" data-tab=\"0\" role=\"tab\">Nitrox simple<\/a><\/li><li class=\"uagb-tab \" role=\"none\"><a href=\"#uagb-tabs__tab1\" class=\"uagb-tabs-list uagb-tabs__icon-position-left\" data-tab=\"1\" role=\"tab\">Nitrox confirm\u00e9<\/a><\/li><\/ul><div class=\"uagb-tabs__body-wrap\">\n<div class=\"wp-block-uagb-tabs-child uagb-tabs__body-container uagb-inner-tab-0\" aria-labelledby=\"uagb-tabs__tab0\">\n<p><em>Conditions d&rsquo;accessibilit\u00e9 :<\/em><\/p>\n\n\n\n<ul class=\"wp-block-list\">\n<li>Etre titulaire de la licence F.F.E.S.S.M. en cours de validit\u00e9<\/li>\n\n\n\n<li>Etre \u00e2g\u00e9 d\u2019au moins 14 ans \u00e0 la date de d\u00e9livrance<\/li>\n\n\n\n<li>Etre titulaire du niveau 1 FFESSM ou \u00e9quivalent<\/li>\n\n\n\n<li>Pr\u00e9senter le carnet de plong\u00e9e,<\/li>\n\n\n\n<li>Avoir effectu\u00e9 10 plong\u00e9es&nbsp; minimum dans la zone des 20 m\u00e8tres attest\u00e9es sur le carnet de plong\u00e9e ou par mention sur le passeport ou par fiche justificative d\u00fbment remplie.<\/li>\n\n\n\n<li>Pr\u00e9senter un certificat m\u00e9dical de non-contre indication \u00e0 la plong\u00e9e subaquatique de moins d\u2019un an d\u00e9livr\u00e9 par un m\u00e9decin f\u00e9d\u00e9ral, un m\u00e9decin sp\u00e9cialis\u00e9 tel que d\u00e9fini dans l\u2019annexe 1 du R\u00e8glement M\u00e9dical F\u00e9d\u00e9ral ou un m\u00e9decin du sport (CES, Capacit\u00e9 ou DU)<\/li>\n<\/ul>\n\n\n\n<div class=\"wp-block-uagb-restaurant-menu uagb-block-a8804079 uagb-rm__desk-column-2 uagb-rm__tablet-column-2 uagb-rm__mobile-column-1\">\n<div class=\"wp-block-uagb-restaurant-menu-child uagb-rest_menu__wrap\"><div class=\"uagb-rm__content\"><img decoding=\"async\" class=\"\" src=\"http:\/\/associations.lunel.com\/hippocampe\/wp-content\/uploads\/sites\/35\/2023\/02\/kisspng-computer-icons-scuba-diving-diving-cylinder-nitrox-scuba-tank-icon-png-5ab0ccde2ccd03.4372091015215362221835-300x298.png\" alt=\"\" width=\"100\" height=\"99\" loading=\"lazy\" \/><div class=\"uagb-rm-details\"><h4 class=\"uagb-rm__title\">Forfait Nitrox simple<\/h4><div class=\"uagb-rm__desc\">Inclus: 2 gonflages Nitrox et carte niveau<br><br>Non inclus: co\u00fbt des plong\u00e9es<\/div><\/div><span class=\"uagb-rm__price\"><strong>50 \u20ac<\/strong><\/span><\/div><div class=\"uagb-rm__separator\"><\/div><\/div>\n<\/div>\n<\/div>\n\n\n\n<div class=\"wp-block-uagb-tabs-child uagb-tabs__body-container uagb-inner-tab-1\" aria-labelledby=\"uagb-tabs__tab1\">\n<p>Meilleure \u00e9limination de l&rsquo;azote accumul\u00e9 lors des plong\u00e9es profondes (40m et +), gr\u00e2ce \u00e0 l&rsquo;utilisation en d\u00e9compression (bouteille pony).<\/p>\n\n\n\n<div class=\"wp-block-uagb-tabs-child uagb-tabs__body-container uagb-inner-tab-0\" aria-labelledby=\"uagb-tabs__tab0\">\n<p>Moins d&rsquo;azote accumul\u00e9 pendant la plong\u00e9e.<\/p>\n\n\n\n<p><em>Conditions d&rsquo;accessibilit\u00e9 :<\/em><\/p>\n\n\n\n<ul class=\"wp-block-list\">\n<li>Etre titulaire de la licence F.F.E.S.S.M. en cours de validit\u00e9<\/li>\n\n\n\n<li>Etre \u00e2g\u00e9 d\u2019au moins 14 ans \u00e0 la date de d\u00e9livrance<\/li>\n\n\n\n<li>Etre titulaire du niveau 1 FFESSM ou \u00e9quivalent<\/li>\n\n\n\n<li>Pr\u00e9senter le carnet de plong\u00e9e,<\/li>\n\n\n\n<li>Avoir effectu\u00e9 10 plong\u00e9es&nbsp; minimum dans la zone des 20 m\u00e8tres attest\u00e9es sur le carnet de plong\u00e9e ou par mention sur le passeport ou par fiche justificative d\u00fbment remplie.<\/li>\n\n\n\n<li>Pr\u00e9senter un certificat m\u00e9dical de non-contre indication \u00e0 la plong\u00e9e subaquatique de moins d\u2019un an d\u00e9livr\u00e9 par un m\u00e9decin f\u00e9d\u00e9ral, un m\u00e9decin sp\u00e9cialis\u00e9 tel que d\u00e9fini dans l\u2019annexe 1 du R\u00e8glement M\u00e9dical F\u00e9d\u00e9ral ou un m\u00e9decin du sport (CES, Capacit\u00e9 ou DU)<\/li>\n<\/ul>\n\n\n\n<div class=\"wp-block-uagb-restaurant-menu uagb-block-d65bf1a2 uagb-rm__desk-column-2 uagb-rm__tablet-column-2 uagb-rm__mobile-column-1\">\n<div class=\"wp-block-uagb-restaurant-menu-child uagb-rest_menu__wrap\"><div class=\"uagb-rm__content\"><img decoding=\"async\" class=\"\" src=\"http:\/\/associations.lunel.com\/hippocampe\/wp-content\/uploads\/sites\/35\/2023\/02\/kisspng-computer-icons-scuba-diving-diving-cylinder-nitrox-scuba-tank-icon-png-5ab0ccde2ccd03.4372091015215362221835-300x298.png\" alt=\"\" width=\"100\" height=\"99\" loading=\"lazy\" \/><div class=\"uagb-rm-details\"><h4 class=\"uagb-rm__title\">Forfait Nitrox simple<\/h4><div class=\"uagb-rm__desc\">Inclus: 2 gonflages Nitrox et carte niveau<br><br>Non inclus: co\u00fbt des plong\u00e9es<\/div><\/div><span class=\"uagb-rm__price\"><strong>50 \u20ac<\/strong><\/span><\/div><div class=\"uagb-rm__separator\"><\/div><\/div>\n<\/div>\n<\/div>\n\n\n\n<p><em>Conditions d&rsquo;accessibilit\u00e9 :<\/em><\/p>\n\n\n\n<ul class=\"wp-block-list\">\n<li>Etre titulaire de la licence FFESSM en cours de validit\u00e9<\/li>\n\n\n\n<li>Etre \u00e2g\u00e9 d\u2019au moins 16 ans \u00e0 la date de la d\u00e9livrance<\/li>\n\n\n\n<li>Etre titulaire du niveau 2 FFESSM ou \u00e9quivalence<\/li>\n\n\n\n<li>Etre titulaire de la qualification de PLONGEUR NITROX de la FFESSM ou d\u2019une qualification admise en \u00e9quivalence<\/li>\n\n\n\n<li>Pr\u00e9senter le carnet de plong\u00e9e<\/li>\n\n\n\n<li>Avoir effectu\u00e9 10 plong\u00e9es minimum \u00e0 l\u2019air dans la zone 30 \u00e0 40 m attest\u00e9es sur carnet de plong\u00e9e ou par mention sur passeport ou par fiche justificative d\u00fbment remplie<\/li>\n\n\n\n<li>Avoir effectu\u00e9 un minimum de 6 plong\u00e9es nitrox, dont 4 au moins pendant la formation, attest\u00e9es par Moniteur nitrox<\/li>\n\n\n\n<li>Pr\u00e9senter un certificat m\u00e9dical en cours de validit\u00e9<\/li>\n<\/ul>\n\n\n\n<div class=\"wp-block-uagb-restaurant-menu uagb-block-8b9ce8f6 uagb-rm__desk-column-2 uagb-rm__tablet-column-2 uagb-rm__mobile-column-1\">\n<div class=\"wp-block-uagb-restaurant-menu-child uagb-rest_menu__wrap\"><div class=\"uagb-rm__content\"><img decoding=\"async\" class=\"\" src=\"http:\/\/associations.lunel.com\/hippocampe\/wp-content\/uploads\/sites\/35\/2023\/02\/kisspng-computer-icons-scuba-diving-diving-cylinder-nitrox-scuba-tank-icon-png-5ab0ccde2ccd03.4372091015215362221835-300x298.png\" alt=\"\" width=\"100\" height=\"99\" loading=\"lazy\" \/><div class=\"uagb-rm-details\"><h4 class=\"uagb-rm__title\">Forfait Nitrox complexe<\/h4><div class=\"uagb-rm__desc\">Inclus: la formation<br><br>Non inclus: co\u00fbt des plong\u00e9es et gonflages Nitrox.<\/div><\/div><span class=\"uagb-rm__price\"><strong>50 \u20ac<\/strong><\/span><\/div><div class=\"uagb-rm__separator\"><\/div><\/div>\n<\/div>\n<\/div>\n<\/div><\/div>\n<\/div><\/div>\n","protected":false},"excerpt":{"rendered":"<p>source: codep87.fr Les formations Les formations Nitrox<\/p>\n","protected":false},"author":41,"featured_media":0,"parent":0,"menu_order":0,"comment_status":"closed","ping_status":"closed","template":"","meta":{"_uag_custom_page_level_css":"","footnotes":""},"class_list":["post-615","page","type-page","status-publish","hentry"],"uagb_featured_image_src":{"full":false,"thumbnail":false,"medium":false,"medium_large":false,"large":false,"1536x1536":false,"2048x2048":false,"post-thumbnail":false,"mesmerize-full-hd":false},"uagb_author_info":{"display_name":"hippocampe","author_link":"https:\/\/associations.lunel.com\/hippocampe\/author\/hippocampe\/"},"uagb_comment_info":0,"uagb_excerpt":"source: codep87.fr Les formations Les formations Nitrox","_links":{"self":[{"href":"https:\/\/associations.lunel.com\/hippocampe\/wp-json\/wp\/v2\/pages\/615","targetHints":{"allow":["GET"]}}],"collection":[{"href":"https:\/\/associations.lunel.com\/hippocampe\/wp-json\/wp\/v2\/pages"}],"about":[{"href":"https:\/\/associations.lunel.com\/hippocampe\/wp-json\/wp\/v2\/types\/page"}],"author":[{"embeddable":true,"href":"https:\/\/associations.lunel.com\/hippocampe\/wp-json\/wp\/v2\/users\/41"}],"replies":[{"embeddable":true,"href":"https:\/\/associations.lunel.com\/hippocampe\/wp-json\/wp\/v2\/comments?post=615"}],"version-history":[{"count":6,"href":"https:\/\/associations.lunel.com\/hippocampe\/wp-json\/wp\/v2\/pages\/615\/revisions"}],"predecessor-version":[{"id":879,"href":"https:\/\/associations.lunel.com\/hippocampe\/wp-json\/wp\/v2\/pages\/615\/revisions\/879"}],"wp:attachment":[{"href":"https:\/\/associations.lunel.com\/hippocampe\/wp-json\/wp\/v2\/media?parent=615"}],"curies":[{"name":"wp","href":"https:\/\/api.w.org\/{rel}","templated":true}]}}