

{"id":620,"date":"2023-02-07T20:17:22","date_gmt":"2023-02-07T19:17:22","guid":{"rendered":"https:\/\/associations.lunel.com\/hippocampe\/?page_id=620"},"modified":"2025-12-17T06:44:54","modified_gmt":"2025-12-17T05:44:54","slug":"inscription","status":"publish","type":"page","link":"https:\/\/associations.lunel.com\/hippocampe\/inscription\/","title":{"rendered":"INSCRIPTIONS"},"content":{"rendered":"<div class=\"wp-block-image\">\n<figure class=\"aligncenter size-full\"><img loading=\"lazy\" decoding=\"async\" width=\"600\" height=\"340\" src=\"https:\/\/associations.lunel.com\/hippocampe\/wp-content\/uploads\/sites\/35\/2023\/03\/image_2023-03-18_114017.png\" alt=\"\" class=\"wp-image-707\" srcset=\"https:\/\/associations.lunel.com\/hippocampe\/wp-content\/uploads\/sites\/35\/2023\/03\/image_2023-03-18_114017.png 600w, https:\/\/associations.lunel.com\/hippocampe\/wp-content\/uploads\/sites\/35\/2023\/03\/image_2023-03-18_114017-300x170.png 300w\" sizes=\"auto, (max-width: 600px) 100vw, 600px\" \/><\/figure>\n<\/div>\n\n\n<div class=\"wp-block-uagb-container uagb-block-8031e3fb alignfull uagb-is-root-container\"><div class=\"uagb-container-inner-blocks-wrap\">\n<div class=\"wp-block-uagb-container uagb-block-ee49fd5e\">\n<h2 class=\"wp-block-heading\">Les tarifs<\/h2>\n\n\n\n<p>\uf0f0 Adh\u00e9sion pleine&nbsp;: 195\u20ac<br>\uf0f0 Famille&nbsp;(adh\u00e9rent, moniteurs, bureau) \u00e0 partir du 2\u00e8me membre d\u2019une famille : 150\u20ac&nbsp;<br>\uf0f0 Bureau&nbsp;: 100\u20ac&nbsp;<br>\uf0f0 Moniteurs : 150\u20ac avec prise en charge de l\u2019assurance Loisir 2 par le club<br>\uf0f0 Carte autonome Niveau 3 uniquement&nbsp; (sans acc\u00e8s piscine et formations payantes) 120\u20ac<br>\uf0f0 Adh\u00e9sion piscine annuelle (sans activit\u00e9 plong\u00e9e) avec une licence FFESSM 100\u20ac<\/p>\n\n\n\n<h2 class=\"wp-block-heading\">Le tarif des formations<\/h2>\n\n\n\n<p>\uf0f0 Formations N1, N2, N3 et Nitrox confirm\u00e9 : 70\u20ac<br>\uf0f0 Formation nitrox : 50\u20ac<br>\uf0f0&nbsp;RIFA : 30\u20ac<br>\uf0f0 Formation apn\u00e9e : 30\u20ac<br>\uf0f0 Formation enfant moins de 16 ans : Gratuit<\/p>\n<\/div>\n<\/div><\/div>\n\n\n\n<div class=\"wp-block-uagb-container uagb-block-c3d70eb0 alignfull uagb-is-root-container\"><div class=\"uagb-container-inner-blocks-wrap\">\n<h2 class=\"wp-block-heading\">Comment s&rsquo;inscrire ?<\/h2>\n\n\n\n<p>Les inscriptions se feront sur VP DIVE cette ann\u00e9e. Pour les nouveaux adh\u00e9rents, merci de nous contacter pour en savoir plus.<\/p>\n<\/div><\/div>\n\n\n\n<div class=\"wp-block-uagb-container uagb-block-d936f2e5 alignfull uagb-is-root-container\"><div class=\"uagb-container-inner-blocks-wrap\">\n<h2 class=\"wp-block-heading\">Le r\u00e8glement interne<\/h2>\n\n\n\n<div data-wp-interactive=\"core\/file\" class=\"wp-block-file\"><object data-wp-bind--hidden=\"!state.hasPdfPreview\" hidden class=\"wp-block-file__embed\" data=\"https:\/\/associations.lunel.com\/hippocampe\/wp-content\/uploads\/sites\/35\/2025\/12\/Reglement-interne-version-Decembre-2025.pdf\" type=\"application\/pdf\" style=\"width:100%;height:600px\" aria-label=\"Contenu embarqu\u00e9 R\u00e8glement interne - version D\u00e9cembre 2025.\"><\/object><a id=\"wp-block-file--media-add4b0ca-616c-4469-8d28-77ceaae3016d\" href=\"https:\/\/associations.lunel.com\/hippocampe\/wp-content\/uploads\/sites\/35\/2025\/12\/Reglement-interne-version-Decembre-2025.pdf\">R\u00e8glement interne &#8211; version D\u00e9cembre 2025<\/a><a href=\"https:\/\/associations.lunel.com\/hippocampe\/wp-content\/uploads\/sites\/35\/2025\/12\/Reglement-interne-version-Decembre-2025.pdf\" class=\"wp-block-file__button wp-element-button\" download aria-describedby=\"wp-block-file--media-add4b0ca-616c-4469-8d28-77ceaae3016d\">T\u00e9l\u00e9charger<\/a><\/div>\n<\/div><\/div>\n\n\n\n<h2 class=\"wp-block-heading\">Les statuts du club<\/h2>\n\n\n\n<div data-wp-interactive=\"core\/file\" class=\"wp-block-file\"><object data-wp-bind--hidden=\"!state.hasPdfPreview\" hidden class=\"wp-block-file__embed\" data=\"https:\/\/associations.lunel.com\/hippocampe\/wp-content\/uploads\/sites\/35\/2025\/12\/Statuts-Hippocampe-version-Decembre-2025.pdf\" type=\"application\/pdf\" style=\"width:100%;height:600px\" aria-label=\"Contenu embarqu\u00e9 Statuts Hippocampe - version D\u00e9cembre 2025.\"><\/object><a id=\"wp-block-file--media-0f209c00-e382-4def-ad3a-d98c8020b183\" href=\"https:\/\/associations.lunel.com\/hippocampe\/wp-content\/uploads\/sites\/35\/2025\/12\/Statuts-Hippocampe-version-Decembre-2025.pdf\">Statuts Hippocampe &#8211; version D\u00e9cembre 2025<\/a><a href=\"https:\/\/associations.lunel.com\/hippocampe\/wp-content\/uploads\/sites\/35\/2025\/12\/Statuts-Hippocampe-version-Decembre-2025.pdf\" class=\"wp-block-file__button wp-element-button\" download aria-describedby=\"wp-block-file--media-0f209c00-e382-4def-ad3a-d98c8020b183\">T\u00e9l\u00e9charger<\/a><\/div>\n","protected":false},"excerpt":{"rendered":"<p>Les tarifs \uf0f0 Adh\u00e9sion pleine&nbsp;: 195\u20ac\uf0f0 Famille&nbsp;(adh\u00e9rent, moniteurs, bureau) \u00e0 partir du 2\u00e8me membre d\u2019une famille : 150\u20ac&nbsp;\uf0f0 Bureau&nbsp;: 100\u20ac&nbsp;\uf0f0 Moniteurs : 150\u20ac avec prise en charge de l\u2019assurance Loisir 2 par le club\uf0f0 Carte autonome Niveau 3 uniquement&nbsp; (sans acc\u00e8s piscine et formations payantes) 120\u20ac\uf0f0 Adh\u00e9sion piscine annuelle (sans activit\u00e9 plong\u00e9e) avec une licence&hellip; <br \/> <a class=\"read-more\" href=\"https:\/\/associations.lunel.com\/hippocampe\/inscription\/\">Lire la suite<\/a><\/p>\n","protected":false},"author":41,"featured_media":0,"parent":0,"menu_order":0,"comment_status":"closed","ping_status":"closed","template":"","meta":{"_uag_custom_page_level_css":"","footnotes":""},"class_list":["post-620","page","type-page","status-publish","hentry"],"uagb_featured_image_src":{"full":false,"thumbnail":false,"medium":false,"medium_large":false,"large":false,"1536x1536":false,"2048x2048":false,"post-thumbnail":false,"mesmerize-full-hd":false},"uagb_author_info":{"display_name":"hippocampe","author_link":"https:\/\/associations.lunel.com\/hippocampe\/author\/hippocampe\/"},"uagb_comment_info":0,"uagb_excerpt":"Les tarifs \uf0f0 Adh\u00e9sion pleine&nbsp;: 195\u20ac\uf0f0 Famille&nbsp;(adh\u00e9rent, moniteurs, bureau) \u00e0 partir du 2\u00e8me membre d\u2019une famille : 150\u20ac&nbsp;\uf0f0 Bureau&nbsp;: 100\u20ac&nbsp;\uf0f0 Moniteurs : 150\u20ac avec prise en charge de l\u2019assurance Loisir 2 par le club\uf0f0 Carte autonome Niveau 3 uniquement&nbsp; (sans acc\u00e8s piscine et formations payantes) 120\u20ac\uf0f0 Adh\u00e9sion piscine annuelle (sans activit\u00e9 plong\u00e9e) avec une licence&hellip;\u2026","_links":{"self":[{"href":"https:\/\/associations.lunel.com\/hippocampe\/wp-json\/wp\/v2\/pages\/620","targetHints":{"allow":["GET"]}}],"collection":[{"href":"https:\/\/associations.lunel.com\/hippocampe\/wp-json\/wp\/v2\/pages"}],"about":[{"href":"https:\/\/associations.lunel.com\/hippocampe\/wp-json\/wp\/v2\/types\/page"}],"author":[{"embeddable":true,"href":"https:\/\/associations.lunel.com\/hippocampe\/wp-json\/wp\/v2\/users\/41"}],"replies":[{"embeddable":true,"href":"https:\/\/associations.lunel.com\/hippocampe\/wp-json\/wp\/v2\/comments?post=620"}],"version-history":[{"count":7,"href":"https:\/\/associations.lunel.com\/hippocampe\/wp-json\/wp\/v2\/pages\/620\/revisions"}],"predecessor-version":[{"id":957,"href":"https:\/\/associations.lunel.com\/hippocampe\/wp-json\/wp\/v2\/pages\/620\/revisions\/957"}],"wp:attachment":[{"href":"https:\/\/associations.lunel.com\/hippocampe\/wp-json\/wp\/v2\/media?parent=620"}],"curies":[{"name":"wp","href":"https:\/\/api.w.org\/{rel}","templated":true}]}}