

{"id":8,"date":"2018-02-26T08:51:24","date_gmt":"2018-02-26T08:51:24","guid":{"rendered":"http:\/\/10.44.205.152\/free-1\/mesmerize\/"},"modified":"2025-12-17T06:48:28","modified_gmt":"2025-12-17T05:48:28","slug":"mesmerize","status":"publish","type":"page","link":"https:\/\/associations.lunel.com\/hippocampe\/","title":{"rendered":"Front Page"},"content":{"rendered":"<div data-label=\"Content\" data-id=\"content--1\" data-export-id=\"content-12\" data-category=\"content\" class=\"content-12 content-section content-section-spacing\" id=\"content-1\"><div class=\"gridContainer\"> <div class=\"row text-center\"><div class=\"section-title-col\" data-type=\"column\"> <h2 class=\"\">LE CLUB L\u2019HIPPOCAMPE&nbsp;<\/h2> <p class=\"\">L\u2019HIPPOCAMPE CLUB DE PLONGEE SOUS-MARINE<br>FFESSM N\u00b0 08.34.0228 \n<br>Agr\u00e9ment Jeunesse et Sport n\u00b0 S-135-92<br>Si\u00e8ge social : Piscine Aqualuna \u2013 Rue Louis M\u00e9dard 34400 LUNEL \n<br>Club associatif loi 1901<\/p><\/div> <\/div> <div class=\"row center-xs middle-xs\"> <div class=\"col-sm-9\" data-type=\"column\"> <a class=\"link\" href=\"https:\/\/www.youtube.com\/watch?v=heD6jlAtZm0\" target=\"_self\" data-cp-link=\"1\" rel=\"noopener\">Lien YouTube \u00ab&nbsp;Pr\u00e9sentation du Club&nbsp;\u00bb<\/a><a class=\"link\" href=\"#\" target=\"_self\" data-cp-link=\"1\" rel=\"noopener\">                 <\/a><a class=\"link\" href=\"#\" target=\"_self\" data-cp-link=\"1\" rel=\"noopener\">_____<\/a><a class=\"link\" href=\"https:\/\/www.youtube.com\/watch?v=AfTprUNFrMI\" target=\"_self\" data-cp-link=\"1\" rel=\"noopener\">Lien YouTube \u00ab&nbsp;Les hippos \u00e0 la piscine&nbsp;\u00bb<\/a><p class=\"\"><br>Le Club met \u00e0 votre disposition le mat\u00e9riel n\u00e9cessaire \u00e0 la plong\u00e9e en mer et en piscine : Blocs, d\u00e9tendeurs, gilets stabilisateurs adultes et enfants. Pr\u00eat gratuit pour toutes les sorties organis\u00e9es par le club. \n<br><br>Suite \u00e0 la fermeture de la piscine Aqualuna, le Club dispose d\u2019un acc\u00e8s \u00e0 la piscine Aqua Camargue du Grau du Roi&nbsp; : Jeudi soir de 20h \u00e0 22h\n<br><br>1 cr\u00e9neau piscine par semaine inclus dans la cotisation compl\u00e8te pour les entrainements nage, formations plong\u00e9e, apn\u00e9e, PSP, Adultes et enfants.<\/p><a class=\"link\" href=\"#\" target=\"_self\" data-cp-link=\"1\" rel=\"noopener\">  <\/a><\/div> <\/div><\/div> <\/div><div data-label=\"Activites\" data-id=\"features-13-card-bordered\" data-export-id=\"features-13-card-bordered\" data-category=\"features\" class=\"features-13 content-section content-section-spacing\" id=\"activites\" style=\"background-color: #f5fafd\">\n    <div class=\"gridContainer\">\n    <div class=\"row text-center\">\n    <div class=\"section-title-col\" data-type=\"column\">\n    <h2 class=\"\">NOS ACTIVIT\u00c9S<\/h2>\n    <p class=\"lead\">Vous pourrez vous former et pratiquer la plong\u00e9e bouteille, l\u2019apn\u00e9e, la plong\u00e9e sportive en piscine, d\u00e9couvrir la biologie marine et m\u00eame l\u2019encadrement \u00e0 ces activit\u00e9s sous marines.&nbsp;<\/p>\n    \n    <\/div>\n    <\/div>\n    <div class=\"row spaced-cols content-center-sm\" data-type=\"row\">\n    <div class=\"col-sm-4\">\n    <div class=\"card bordered y-move\" data-type=\"column\">\n    \n    \n    <img decoding=\"async\" class=\"custom-image\" src=\"http:\/\/associations.lunel.com\/hippocampe\/wp-content\/uploads\/sites\/35\/2023\/11\/cropped-Capture-decran-2023-11-02-174816.png\" title=\"cropped-Capture-decran-2023-11-02-174816.png\" alt=\"\"><h4 class=\"\">Plong\u00e9e sous Marine<\/h4>\n    <p class=\"\">Formation en piscine et en mer \u00e0 tous les brevets f\u00e9d\u00e9raux FFESSM du niveau 1 au niveau 3 et aux brevets d\u2019encadrement.<\/p>\n    <a class=\"button small y-move color2\" href=\"https:\/\/associations.lunel.com\/hippocampe\/blog-actualites\/les-formations\" target=\"_self\" data-cp-link=\"1\" rel=\"noopener\"> D\u00c9COUVRIR <\/a>\n    \n    <\/div>\n    <\/div>\n    <div class=\"col-sm-4\">\n    <div class=\"card bordered y-move\" data-type=\"column\">\n    \n    \n    <img decoding=\"async\" class=\"custom-image\" src=\"http:\/\/associations.lunel.com\/hippocampe\/wp-content\/uploads\/sites\/35\/2023\/11\/cropped-Capture-decran-2023-11-02-174749.png\" title=\"cropped-Capture-decran-2023-11-02-174749.png\" alt=\"\"><h4 class=\"\">Apn\u00e9e&nbsp;<\/h4>\n    <p class=\"\">Entrainement apn\u00e9e en piscine, sorties en fosse et sorties en mer avec notre partenaire CPMC \u00e0 Carnon \u00e0 partir du niveau \u00ab&nbsp;apn\u00e9iste en eau libre&nbsp;\u00bb<\/p>\n    <a class=\"button small y-move color2\" href=\"https:\/\/associations.lunel.com\/hippocampe\/apnee\" target=\"_self\" data-cp-link=\"1\" rel=\"noopener\"> D\u00c9COUVRIR <\/a>\n    \n    <\/div>\n    <\/div>\n    <div class=\"col-sm-4\">\n    <div class=\"card bordered y-move\" data-type=\"column\">\n    \n    \n    <img decoding=\"async\" class=\"custom-image\" src=\"http:\/\/associations.lunel.com\/hippocampe\/wp-content\/uploads\/sites\/35\/2023\/11\/cropped-Capture-decran-2023-11-02-174833.png\" title=\"cropped-Capture-decran-2023-11-02-174833.png\" alt=\"\"><h4 class=\"\">Plong\u00e9e Sportive en Piscine<\/h4>\n    <p class=\"\">Discipline qui m\u00e9lange plong\u00e9e bouteille et sport en comp\u00e9tition avec des \u00e9preuves ludiques, individuelles et en \u00e9quipe, chronom\u00e9tr\u00e9es et avec un \u00e9quipement de plongeur.<\/p>\n    <a class=\"button small y-move color2\" href=\"https:\/\/associations.lunel.com\/hippocampe\/plongee-sportive-en-piscine\" target=\"_self\" data-cp-link=\"1\" rel=\"noopener\"> D\u00c9COUVRIR <\/a>\n    \n    <\/div>\n    <\/div>\n    <\/div>\n    <\/div>\n    <\/div><div data-label=\"Quelques chiffres\" data-id=\"counters--1\" data-export-id=\"counters-2\" data-category=\"counters\" class=\"counters-2 content-section content-section-spacing\" id=\"quelques-chiffres\"><div class=\"gridContainer\"> <div class=\"row text-center\"><div class=\"section-title-col\" data-type=\"column\"> <h2 class=\"\">Quelques chiffres<\/h2> <\/div> <\/div> <div class=\"row\" data-type=\"row\"> <div class=\"col-xs-12 col-sm-4 text-center space-bottom\"> <i class=\"fa icon color1 fa-users\"><\/i> <h3 class=\"font-400\" data-min=\"0\" data-max=\"73\" data-duration=\"2000\" data-prefix=\"\" data-suffix=\"\" data-countup=\"true\"><\/h3> <h5 class=\"upper color2\">ADHERENTS<\/h5><\/div> <div class=\"col-xs-12 col-sm-4 text-center space-bottom\"><i class=\"fa icon color1 fa-graduation-cap\"><\/i> <h3 class=\"font-400\" data-min=\"0\" data-max=\"15\" data-duration=\"2000\" data-prefix=\"\" data-suffix=\"\" data-countup=\"true\"><\/h3> <h5 class=\"upper color2\">MONITEURS<\/h5><\/div> <div class=\"col-xs-12 col-sm-4 text-center space-bottom\"><i class=\"fa fa-trophy icon color1\"><\/i> <h3 class=\"font-400\" data-min=\"0\" data-max=\"14\" data-duration=\"2000\" data-prefix=\"\" data-suffix=\"\" data-countup=\"true\"><\/h3> <h5 class=\"upper color2\">RECOMPENSES<\/h5><\/div> <\/div><\/div> <\/div><div data-label=\"Equipe\" data-id=\"team-5\" data-export-id=\"team-5\" data-category=\"team\" class=\"team-5 content-section content-section-spacing\" id=\"equipe\" style=\"background-color: #ffffff\">\n    <div class=\"gridContainer\">\n    <div class=\"row text-center\">\n    <div class=\"section-title-col\" data-type=\"column\">\n    <h2 class=\"\">Le Bureau du club<\/h2>\n    \n    \n    <img decoding=\"async\" class=\"custom-image\" src=\"http:\/\/associations.lunel.com\/hippocampe\/wp-content\/uploads\/sites\/35\/2025\/12\/cropped-bureau-2025.png\" title=\"cropped-bureau-2025.png\" alt=\"\"><h1 class=\"\"><br>Les Moniteurs<\/h1><img decoding=\"async\" class=\"custom-image\" src=\"http:\/\/associations.lunel.com\/hippocampe\/wp-content\/uploads\/sites\/35\/2025\/12\/cropped-Capture-decran-2025-12-17-063828.png\" title=\"cropped-Capture-decran-2025-12-17-063828.png\" alt=\"\"><\/div>\n    <\/div>\n    <div class=\"row spaced-cols content-center-sm\" data-type=\"row\">\n    \n    \n    \n    <div class=\"col-xs-12 col-sm-6 col-md-3 col-padding\">\n    <div class=\"row \">\n    <div data-type=\"column\" class=\"col-xs-12 col-sm-12\">\n    \n    \n    \n    \n    \n    \n    \n    <\/div>\n    <\/div>\n    <\/div>\n    <\/div>\n    <\/div>\n    <\/div><div data-label=\"Partenaires\" data-id=\"clients--1\" data-export-id=\"clients-4\" data-category=\"clients\" class=\"clients-4 content-section content-section-spacing-small\" id=\"partenaires\"><div class=\"gridContainer\"> <div class=\"row\"><div data-type=\"column\" class=\"section-title-col\"> <h2 class=\"font-700\">Nos partenaires<\/h2> <\/div> <\/div> <div data-type=\"row\" class=\"row spaced-cols middle-xs center-xs space-bottom padding-lr\">  <div class=\"col-xs-6 col-sm-2\"> <img decoding=\"async\" src=\"http:\/\/associations.lunel.com\/hippocampe\/wp-content\/uploads\/sites\/35\/2023\/02\/cropped-image_2023-02-07_232319.png\" class=\"\" title=\"cropped-image_2023-02-07_232319.png\" alt=\"\"><img decoding=\"async\" class=\"custom-image\" src=\"http:\/\/associations.lunel.com\/hippocampe\/wp-content\/uploads\/sites\/35\/2023\/12\/cropped-Capture-decran-2023-12-11-111232.png\" title=\"cropped-Capture-decran-2023-12-11-111232.png\" alt=\"\"><\/div> <div class=\"col-xs-6 col-sm-2\"> <img decoding=\"async\" src=\"http:\/\/associations.lunel.com\/hippocampe\/wp-content\/uploads\/sites\/35\/2023\/02\/cropped-image_2023-02-07_232429.png\" class=\"\" title=\"cropped-image_2023-02-07_232429.png\" alt=\"\"><img decoding=\"async\" class=\"custom-image\" src=\"http:\/\/associations.lunel.com\/hippocampe\/wp-content\/uploads\/sites\/35\/2023\/02\/cropped-image_2023-02-07_232555-1.png\" title=\"cropped-image_2023-02-07_232555-1.png\" alt=\"\"><\/div>  <div class=\"col-xs-6 col-sm-2\"> <img decoding=\"async\" src=\"http:\/\/associations.lunel.com\/hippocampe\/wp-content\/uploads\/sites\/35\/2023\/02\/cropped-image_2023-02-07_232656.png\" class=\"\" title=\"cropped-image_2023-02-07_232656.png\" alt=\"\"><img decoding=\"async\" class=\"custom-image\" src=\"http:\/\/associations.lunel.com\/hippocampe\/wp-content\/uploads\/sites\/35\/2023\/02\/cropped-image_2023-02-07_232800-1.png\" title=\"cropped-image_2023-02-07_232800-1.png\" alt=\"\"><\/div> <div class=\"col-xs-6 col-sm-2\"> <img decoding=\"async\" src=\"http:\/\/associations.lunel.com\/hippocampe\/wp-content\/uploads\/sites\/35\/2023\/02\/cropped-image_2023-02-07_232148.png\" class=\"\" title=\"cropped-image_2023-02-07_232148.png\" alt=\"\"><\/div> <\/div><\/div> <\/div>","protected":false},"excerpt":{"rendered":"<p>LE CLUB L\u2019HIPPOCAMPE&nbsp; L\u2019HIPPOCAMPE CLUB DE PLONGEE SOUS-MARINEFFESSM N\u00b0 08.34.0228 Agr\u00e9ment Jeunesse et Sport n\u00b0 S-135-92Si\u00e8ge social : Piscine Aqualuna \u2013 Rue Louis M\u00e9dard 34400 LUNEL Club associatif loi 1901 Lien YouTube \u00ab&nbsp;Pr\u00e9sentation du Club&nbsp;\u00bb _____Lien YouTube \u00ab&nbsp;Les hippos \u00e0 la piscine&nbsp;\u00bbLe Club met \u00e0 votre disposition le mat\u00e9riel n\u00e9cessaire \u00e0 la plong\u00e9e en mer&hellip; <br \/> <a class=\"read-more\" href=\"https:\/\/associations.lunel.com\/hippocampe\/\">Lire la suite<\/a><\/p>\n","protected":false},"author":1,"featured_media":0,"parent":0,"menu_order":0,"comment_status":"closed","ping_status":"closed","template":"page-templates\/homepage.php","meta":{"_uag_custom_page_level_css":"","footnotes":""},"class_list":["post-8","page","type-page","status-publish","hentry"],"uagb_featured_image_src":{"full":false,"thumbnail":false,"medium":false,"medium_large":false,"large":false,"1536x1536":false,"2048x2048":false,"post-thumbnail":false,"mesmerize-full-hd":false},"uagb_author_info":{"display_name":"admin","author_link":"https:\/\/associations.lunel.com\/hippocampe\/author\/admin\/"},"uagb_comment_info":0,"uagb_excerpt":"LE CLUB L\u2019HIPPOCAMPE&nbsp; L\u2019HIPPOCAMPE CLUB DE PLONGEE SOUS-MARINEFFESSM N\u00b0 08.34.0228 Agr\u00e9ment Jeunesse et Sport n\u00b0 S-135-92Si\u00e8ge social : Piscine Aqualuna \u2013 Rue Louis M\u00e9dard 34400 LUNEL Club associatif loi 1901 Lien YouTube \u00ab&nbsp;Pr\u00e9sentation du Club&nbsp;\u00bb _____Lien YouTube \u00ab&nbsp;Les hippos \u00e0 la piscine&nbsp;\u00bbLe Club met \u00e0 votre disposition le mat\u00e9riel n\u00e9cessaire \u00e0 la plong\u00e9e en mer&hellip;\u2026","_links":{"self":[{"href":"https:\/\/associations.lunel.com\/hippocampe\/wp-json\/wp\/v2\/pages\/8","targetHints":{"allow":["GET"]}}],"collection":[{"href":"https:\/\/associations.lunel.com\/hippocampe\/wp-json\/wp\/v2\/pages"}],"about":[{"href":"https:\/\/associations.lunel.com\/hippocampe\/wp-json\/wp\/v2\/types\/page"}],"author":[{"embeddable":true,"href":"https:\/\/associations.lunel.com\/hippocampe\/wp-json\/wp\/v2\/users\/1"}],"replies":[{"embeddable":true,"href":"https:\/\/associations.lunel.com\/hippocampe\/wp-json\/wp\/v2\/comments?post=8"}],"version-history":[{"count":19,"href":"https:\/\/associations.lunel.com\/hippocampe\/wp-json\/wp\/v2\/pages\/8\/revisions"}],"predecessor-version":[{"id":960,"href":"https:\/\/associations.lunel.com\/hippocampe\/wp-json\/wp\/v2\/pages\/8\/revisions\/960"}],"wp:attachment":[{"href":"https:\/\/associations.lunel.com\/hippocampe\/wp-json\/wp\/v2\/media?parent=8"}],"curies":[{"name":"wp","href":"https:\/\/api.w.org\/{rel}","templated":true}]}}