

{"id":8,"date":"2018-02-26T08:51:24","date_gmt":"2018-02-26T07:51:24","guid":{"rendered":"http:\/\/10.44.205.152\/free-1\/mesmerize\/"},"modified":"2026-04-03T11:36:57","modified_gmt":"2026-04-03T09:36:57","slug":"mesmerize","status":"publish","type":"page","link":"https:\/\/associations.lunel.com\/oral-lunel\/","title":{"rendered":"ACCUEIL"},"content":{"rendered":"<div id=\"activites\" class=\"features-13 content-section content-section-spacing\" style=\"background-image: none\" data-label=\"Activites\" data-id=\"features-13-card-bordered\" data-export-id=\"features-13-card-bordered\" data-category=\"features\">\n<div class=\"gridContainer\">\n<div class=\"row text-center\">\n<div class=\"section-title-col\" data-type=\"column\">\n<h2 class=\"\">NOS ACTIVIT\u00c9S 2025 \/ 2026<\/h2>\n<img decoding=\"async\" class=\"custom-image\" src=\"#\" \/>\n\n<\/div>\n<\/div>\n<div class=\"row spaced-cols content-center-sm center-sm\" data-type=\"row\">\n<div class=\"col-sm-4\">\n<div class=\"card bordered y-move\" data-type=\"column\">\n<h4 class=\"\" style=\"margin-right: 0px;margin-left: 0px\">Inscriptions \u00e0 ORAL<\/h4>\n<\/div>\n<\/div>\n<\/div>\n<\/div>\n<\/div>\n<div id=\"rejoindre\" class=\"cta-blue-section content-section content-section-spacing-medium bg-color1 white-text\" data-label=\"Rejoindre\" data-id=\"cta-blue-section\" data-export-id=\"cta-blue-section\" data-category=\"cta\">\n<div class=\"gridContainer\">\n<div class=\"row middle-xs\">\n<div class=\"col-sm-8 space-bottom-xs\" data-type=\"column\">\n<h2 class=\"\">Rejoignez-nous<\/h2>\n<img decoding=\"async\" class=\"custom-image\" title=\"activit\u00e9s oral 2025-2026\" src=\"http:\/\/associations.lunel.com\/oral-lunel\/wp-content\/uploads\/sites\/17\/2025\/09\/cropped-activites-oral-2025-2026-2.png\" alt=\"\" \/><img decoding=\"async\" class=\"custom-image\" title=\"activit\u00e9 oral 2 2025-2026\" src=\"http:\/\/associations.lunel.com\/oral-lunel\/wp-content\/uploads\/sites\/17\/2025\/09\/cropped-activite-oral-2-2025-2026-4.png\" alt=\"\" \/>\n\n<\/div>\n<div class=\"col-sm-4 end-sm\" data-type=\"column\"><img decoding=\"async\" class=\"custom-image\" src=\"#\" \/><\/div>\n<\/div>\n<\/div>\n<\/div>\n<div id=\"en-bref\" class=\"counters-2 content-section content-section-spacing\" data-label=\"En Bref\" data-id=\"counters--1\" data-export-id=\"counters-2\" data-category=\"counters\">\n<div class=\"gridContainer\">\n<div class=\"row text-center\">\n<div class=\"section-title-col\" data-type=\"column\">\n<h2 class=\"\">EN BREF<\/h2>\n<\/div>\n<\/div>\n<div class=\"row\" data-type=\"row\">\n<div class=\"col-xs-12 col-sm-4 text-center space-bottom\"><i class=\"fa icon color1 fa-users\"><\/i>\n<h3 class=\"font-400\" data-min=\"0\" data-max=\"580\" data-duration=\"2000\" data-prefix=\"\" data-suffix=\"+\" data-countup=\"true\"><\/h3>\n<h4 class=\"\"><\/h4>\n<h4 class=\"\">Adh\u00e9rents au 1er D\u00e9cembre 2025<\/h4>\n<\/div>\n<div class=\"col-xs-12 col-sm-4 text-center space-bottom\"><i class=\"fa icon color1 fa-font\"><\/i>\n<h3 class=\"font-400\" data-min=\"10000\" data-max=\"26+\" data-duration=\"2000\" data-prefix=\"\" data-suffix=\"+\" data-countup=\"true\"><\/h3>\n<h5 class=\"upper color2\">ACTIVITES<\/h5>\n<\/div>\n<div class=\"col-xs-12 col-sm-4 text-center space-bottom\"><i class=\"fa icon color1 fa-male\"><\/i>\n<h3 class=\"font-400\" data-min=\"0\" data-max=\"36\" data-duration=\"2000\" data-prefix=\"\" data-suffix=\"+\" data-countup=\"true\"><\/h3>\n<h5 class=\"upper color2\">BENEVOLES<\/h5>\n<\/div>\n<\/div>\n<\/div>\n<\/div>\n<div id=\"equipe\" class=\"team-5 content-section content-section-spacing\" style=\"background-color: #ffffff\" data-label=\"Equipe\" data-id=\"team-5\" data-export-id=\"team-5\" data-category=\"team\">\n<div class=\"gridContainer\">\n<div class=\"row text-center\">\n<div class=\"section-title-col\" data-type=\"column\">\n<h2 class=\"\">NOTRE \u00c9QUIPE<\/h2>\n<h4 class=\"\">Membres du bureau<\/h4>\n<\/div>\n<\/div>\n<div class=\"row spaced-cols content-center-sm center-sm\" data-type=\"row\">\n<div class=\"col-xs-12 col-sm-6 col-md-3 col-padding\">\n<div class=\"row \">\n<div class=\"col-xs-12 col-sm-12\" data-type=\"column\">\n\n<\/div>\n<\/div>\n<\/div>\n<div class=\"col-xs-12 col-sm-6 col-md-3 col-padding\">\n<div class=\"row \">\n<div class=\"col-xs-12 col-sm-12\" data-type=\"column\">\n\n<img decoding=\"async\" class=\"round face\" title=\"cropped-cropped-JUIN-MG-2025-1.jpg\" src=\"http:\/\/associations.lunel.com\/oral-lunel\/wp-content\/uploads\/sites\/17\/2025\/06\/cropped-cropped-JUIN-MG-2025-1.jpg\" alt=\"\" \/>\n<h4 class=\"end font-500\">Marie Gourc<\/h4>\n<p class=\"italic\">Pr\u00e9sidente par int\u00e9rim<\/p>\n\n<div class=\"social-icons-group\" data-type=\"group\"><\/div>\n<\/div>\n<\/div>\n<\/div>\n<div class=\"col-xs-12 col-sm-6 col-md-3 col-padding\">\n<div class=\"row \">\n<div class=\"col-xs-12 col-sm-12\" data-type=\"column\">\n\n<img decoding=\"async\" class=\"round face\" title=\"JUIN PV 2025\" src=\"http:\/\/associations.lunel.com\/oral-lunel\/wp-content\/uploads\/sites\/17\/2025\/06\/cropped-JUIN-PV-2025-1.jpg\" alt=\"\" \/>\n<h4 class=\"end font-500\">Pierre VILALTA<\/h4>\n<p class=\"italic\">Tr\u00e9sorier<\/p>\n\n<div class=\"social-icons-group\" data-type=\"group\"><\/div>\n<\/div>\n<\/div>\n<\/div>\n<div class=\"col-xs-12 col-sm-6 col-md-3 col-padding\">\n<div class=\"row \">\n<div class=\"col-xs-12 col-sm-12\" data-type=\"column\">\n\n<img decoding=\"async\" class=\"round face\" title=\"cropped-JUIN-DL-2025-1.jpg\" src=\"http:\/\/associations.lunel.com\/oral-lunel\/wp-content\/uploads\/sites\/17\/2025\/06\/cropped-JUIN-DL-2025-1.jpg\" alt=\"\" \/>\n<h4 class=\"end font-500\">Danielle Licen<\/h4>\n<p class=\"italic\">Secr\u00e9taire<\/p>\n\n<div class=\"social-icons-group\" data-type=\"group\"><\/div>\n<p class=\"lead\"><\/p>\n\n<\/div>\n<\/div>\n<\/div>\n<div class=\"col-xs-12 col-sm-6 col-md-3 col-padding\">\n<div class=\"row \">\n<div class=\"col-xs-12 col-sm-12\" data-type=\"column\">\n\n<img decoding=\"async\" class=\"round face\" title=\"JUIN SG 2025\" src=\"http:\/\/associations.lunel.com\/oral-lunel\/wp-content\/uploads\/sites\/17\/2025\/06\/cropped-JUIN-SG-2025-1-1.jpg\" alt=\"\" \/>\n<h4 class=\"end font-500\">Serge CHAPELAIN<\/h4>\n<p class=\"italic\">Tr\u00e9sorier adjoint<\/p>\n\n<div class=\"social-icons-group\" data-type=\"group\"><\/div>\n<\/div>\n<\/div>\n<\/div>\n<div class=\"col-xs-12 col-sm-6 col-md-3 col-padding\">\n<div class=\"row \">\n<div class=\"col-xs-12 col-sm-12\" data-type=\"column\">\n\n<img decoding=\"async\" class=\"round face\" title=\"cropped-juin-FP-2025.jpg\" src=\"http:\/\/associations.lunel.com\/oral-lunel\/wp-content\/uploads\/sites\/17\/2025\/06\/cropped-juin-FP-2025.jpg\" alt=\"\" \/>\n<h4 class=\"end font-500\">Fran\u00e7oise PONSONNET<\/h4>\n<p class=\"italic\">Secr\u00e9taire adjointe<\/p>\n\n<div class=\"social-icons-group\" data-type=\"group\"><\/div>\n<\/div>\n<\/div>\n<\/div>\n<div class=\"col-xs-12 col-sm-6 col-md-3 col-padding\">\n<div class=\"row \">\n<div class=\"col-xs-12 col-sm-12\" data-type=\"column\">\n\n<img decoding=\"async\" class=\"round face\" title=\"JUIN CH 2025\" src=\"http:\/\/associations.lunel.com\/oral-lunel\/wp-content\/uploads\/sites\/17\/2025\/06\/cropped-JUIN-CH-2025-1.jpg\" alt=\"\" \/>\n<h4 class=\"end font-500\">Christine HAMEL<\/h4>\n<p class=\"italic\">Conseill\u00e8re technique<\/p>\n\n<div class=\"social-icons-group\" data-type=\"group\"><\/div>\n<\/div>\n<\/div>\n<\/div>\n<div class=\"col-xs-12 col-sm-6 col-md-3 col-padding\">\n<div class=\"row \">\n<div class=\"col-xs-12 col-sm-12\" data-type=\"column\">\n\n<img decoding=\"async\" class=\"round face\" title=\"cropped-GILLES-FALCONE-1.png\" src=\"http:\/\/associations.lunel.com\/oral-lunel\/wp-content\/uploads\/sites\/17\/2025\/12\/cropped-GILLES-FALCONE-1.png\" alt=\"\" \/>\n<h4 class=\"end font-500\">Gilles FALCONE<\/h4>\n<p class=\"italic\">Conseiller technique<\/p>\n\n<div class=\"social-icons-group\" data-type=\"group\"><\/div>\n<\/div>\n<\/div>\n<\/div>\n<\/div>\n<\/div>\n<\/div>","protected":false},"excerpt":{"rendered":"<p>NOS ACTIVIT\u00c9S 2025 \/ 2026 Inscriptions \u00e0 ORAL Rejoignez-nous EN BREF Adh\u00e9rents au 1er D\u00e9cembre 2025 ACTIVITES BENEVOLES NOTRE \u00c9QUIPE Membres du bureau Marie Gourc Pr\u00e9sidente par int\u00e9rim Pierre VILALTA Tr\u00e9sorier Danielle Licen Secr\u00e9taire Serge CHAPELAIN Tr\u00e9sorier adjoint Fran\u00e7oise PONSONNET Secr\u00e9taire adjointe Christine HAMEL Conseill\u00e8re technique Gilles FALCONE Conseiller technique<\/p>\n","protected":false},"author":1,"featured_media":0,"parent":0,"menu_order":0,"comment_status":"closed","ping_status":"closed","template":"page-templates\/homepage.php","meta":{"_uag_custom_page_level_css":"","footnotes":""},"class_list":["post-8","page","type-page","status-publish","hentry"],"uagb_featured_image_src":{"full":false,"thumbnail":false,"medium":false,"medium_large":false,"large":false,"1536x1536":false,"2048x2048":false,"post-thumbnail":false,"mesmerize-full-hd":false},"uagb_author_info":{"display_name":"admin","author_link":"https:\/\/associations.lunel.com\/oral-lunel\/author\/admin\/"},"uagb_comment_info":0,"uagb_excerpt":"NOS ACTIVIT\u00c9S 2025 \/ 2026 Inscriptions \u00e0 ORAL Rejoignez-nous EN BREF Adh\u00e9rents au 1er D\u00e9cembre 2025 ACTIVITES BENEVOLES NOTRE \u00c9QUIPE Membres du bureau Marie Gourc Pr\u00e9sidente par int\u00e9rim Pierre VILALTA Tr\u00e9sorier Danielle Licen Secr\u00e9taire Serge CHAPELAIN Tr\u00e9sorier adjoint Fran\u00e7oise PONSONNET Secr\u00e9taire adjointe Christine HAMEL Conseill\u00e8re technique Gilles FALCONE Conseiller technique","_links":{"self":[{"href":"https:\/\/associations.lunel.com\/oral-lunel\/wp-json\/wp\/v2\/pages\/8","targetHints":{"allow":["GET"]}}],"collection":[{"href":"https:\/\/associations.lunel.com\/oral-lunel\/wp-json\/wp\/v2\/pages"}],"about":[{"href":"https:\/\/associations.lunel.com\/oral-lunel\/wp-json\/wp\/v2\/types\/page"}],"author":[{"embeddable":true,"href":"https:\/\/associations.lunel.com\/oral-lunel\/wp-json\/wp\/v2\/users\/1"}],"replies":[{"embeddable":true,"href":"https:\/\/associations.lunel.com\/oral-lunel\/wp-json\/wp\/v2\/comments?post=8"}],"version-history":[{"count":45,"href":"https:\/\/associations.lunel.com\/oral-lunel\/wp-json\/wp\/v2\/pages\/8\/revisions"}],"predecessor-version":[{"id":6626,"href":"https:\/\/associations.lunel.com\/oral-lunel\/wp-json\/wp\/v2\/pages\/8\/revisions\/6626"}],"wp:attachment":[{"href":"https:\/\/associations.lunel.com\/oral-lunel\/wp-json\/wp\/v2\/media?parent=8"}],"curies":[{"name":"wp","href":"https:\/\/api.w.org\/{rel}","templated":true}]}}