

{"id":8,"date":"2018-02-26T08:51:24","date_gmt":"2018-02-26T08:51:24","guid":{"rendered":"http:\/\/10.44.205.152\/free-1\/mesmerize\/"},"modified":"2023-04-13T09:20:52","modified_gmt":"2023-04-13T07:20:52","slug":"mesmerize","status":"publish","type":"page","link":"https:\/\/associations.lunel.com\/pescagym\/","title":{"rendered":"pescagym-lunel.com"},"content":{"rendered":"<div  data-label=\"Activites\" data-id=\"features-13-card-bordered\" data-export-id=\"features-13-card-bordered\" data-category=\"features\" class=\"features-13 content-section content-section-spacing\" id=\"activites\" style=\"background-color: #f5fafd;\">\n    <div  class=\"gridContainer\">\n    <div  class=\"row text-center\">\n    <div  class=\"section-title-col\" data-type=\"column\">\n    <h2  class=\"\">NOS ACTIVIT\u00c9S<\/h2>\n    <p  class=\"lead\">Pescagym propose des cours diff\u00e9rents de 3\/4 h \u00e0 1h30 chaque jour&nbsp; (10 \u00e0 12h hebdomadaires selon les saisons), anim\u00e9s par 5 animateurs dipl\u00f4m\u00e9s, salari\u00e9s ou prestataires. Gym, renforcement musculaire, body-sculpt, Cardio, Pilates, gym douce, Qi Gong ou encore des cours \u00ab Sp\u00e9cial Abdominaux \u00bb sont au programme! Les cours sont mixtes et accueillent tout public \u00e0 partir de 16 ans. Les cours ont pour but de vous divertir mais pas seulement : On recherche avant tout un bien-\u00eatre, \u00e0 optimiser la condition physique ainsi que le capital sant\u00e9. Selon les cours, les bienfaits seront d\u2019autant plus localis\u00e9s sur certaines partie du corps. Pour la tenue vestimentaire, il suffit d\u2019avoir une tenue de sport classique confortable, une serviette pour l\u2019hygi\u00e8ne, et des chaussures de sport r\u00e9serv\u00e9es \u00e0 la pratique du sport en salle.<br >Une bouteille d\u2019eau pour bien s\u2019hydrater tout au long des cours sera fortement conseill\u00e9e.<\/p>\n    \n    <\/div>\n    <\/div>\n    <div  class=\"row spaced-cols content-center-sm\" data-type=\"row\">\n    \n    \n    \n    <div  class=\"col-sm-4\">\n    <div  class=\"card bordered y-move\" data-type=\"column\">\n    \n    \n    \n    \n    \n    \n    <\/div>\n    <\/div><\/div>\n    <\/div>\n    <\/div><div  data-label=\"Mise en avant\" data-id=\"about-images-right-section\" data-export-id=\"about-images-right-section\" data-category=\"about\" class=\"about-images-right-section content-section content-section-spacing\" id=\"mise-en-avant\"> <div  class=\"gridContainer\"> <div  class=\"row middle-sm text-center\"> <div  class=\"col-sm-5 content-left-sm\" data-type=\"column\">  <img  decoding=\"async\" class=\"custom-image\" src=\"http:\/\/associations.lunel.com\/pescagym\/wp-content\/uploads\/sites\/36\/2022\/07\/cropped-COURS_DOJO1-scaled-1.jpg\" title=\"COURS_DOJO1\" alt=\"\"><h2  class=\"\">Des cours d\u20191h \u00e0 1h 30 vari\u00e9s avec du mat\u00e9riel\n<br >en salle ou en ext\u00e9rieur.<\/h2> <p  class=\"\">votre article<\/p>  <\/div> <div  class=\"col-sm-7\"> <div  class=\"image-group-side-3-img\"> <a data-cp-link=\"1\" href=\"#\" class=\"top-img-anchor\" target=\"_self\" rel=\"noopener\"><img  decoding=\"async\" class=\"topimg shadow-large\" src=\"http:\/\/associations.lunel.com\/pescagym\/wp-content\/uploads\/sites\/4\/2021\/06\/cropped-DSC_0080-scaled-1.jpg\" title=\"cropped-photo.jpg\" alt=\"\"><\/a> <img  decoding=\"async\" class=\"rightimg shadow-large\" src=\"http:\/\/associations.lunel.com\/pescagym\/wp-content\/uploads\/sites\/36\/2022\/07\/cropped-QI-GONG-rotated-1.jpg\" title=\"QI GONG\" alt=\"\"> <div  class=\"leftimg\"> <img  decoding=\"async\" class=\"shadow-large\" src=\"http:\/\/associations.lunel.com\/pescagym\/wp-content\/uploads\/sites\/4\/2021\/06\/cropped-DSC_0006-scaled-1.jpg\" title=\"cropped-DSC_0006-scaled-1.jpg\" alt=\"\"> <\/div> <\/div> <\/div> <\/div> <\/div> <\/div><div  data-label=\"Rejoindre\" data-id=\"cta-blue-section\" data-export-id=\"cta-blue-section\" data-category=\"cta\" class=\"cta-blue-section content-section content-section-spacing-medium bg-color1 white-text\" id=\"rejoindre\">\n    <div  class=\"gridContainer\">\n    <div  class=\"row middle-xs\">\n    <div  class=\"col-sm-8 space-bottom-xs\" data-type=\"column\">\n    <h2  class=\"\">Rejoignez-nous ! sur l\u2019ancien site<\/h2>\n    <\/div>\n    <div  class=\"col-sm-4 end-sm\" data-type=\"column\"><a class=\"button color2\" href=\"http:\/\/pescagym-lunel.com\" target=\"_blank\" data-cp-link=\"1\" rel=\"noopener noreferrer\"> ancien_site <\/a><\/div>\n    <\/div>\n    <\/div>\n    <\/div><div  data-label=\"En Bref\" data-id=\"counters--1\" data-export-id=\"counters-2\" data-category=\"counters\" class=\"counters-2 content-section content-section-spacing\" id=\"en-bref\"><div  class=\"gridContainer\"> <div  class=\"row text-center\"><div  class=\"section-title-col\" data-type=\"column\"> <h2  class=\"\">EN BREF<\/h2> <p  class=\"lead\">A completer<br >&nbsp;et \u00e0 personnaliser<\/p><\/div> <\/div> <div  class=\"row\" data-type=\"row\"> <div  class=\"col-xs-12 col-sm-4 text-center space-bottom\"> <i  class=\"fa icon color1 fa-users\"><\/i> <h3  class=\"font-400\" data-min=\"0\" data-max=\"90\" data-duration=\"2000\" data-prefix=\"\" data-suffix=\"\" data-countup=\"true\"><\/h3> <h5  class=\"upper color2\">ADHERENTS<\/h5><\/div> <div  class=\"col-xs-12 col-sm-4 text-center space-bottom\"><i  class=\"fa fa-smile-o icon color1\"><\/i> <h3  class=\"font-400\" data-min=\"0\" data-max=\"5\" data-duration=\"2000\" data-prefix=\"\" data-suffix=\"\" data-countup=\"true\"><\/h3> <h5  class=\"upper color2\">animateurs<\/h5><\/div> <div  class=\"col-xs-12 col-sm-4 text-center space-bottom\"><i  class=\"fa fa-trophy icon color1\"><\/i> <h3  class=\"font-400\" data-min=\"0\" data-max=\"11\" data-duration=\"2000\" data-prefix=\"\" data-suffix=\"h\" data-countup=\"true\"><\/h3> <h5  class=\"upper color2\">de cours varies<\/h5><\/div> <\/div><\/div> <\/div><div  data-label=\"Equipe\" data-id=\"team-5\" data-export-id=\"team-5\" data-category=\"team\" class=\"team-5 content-section content-section-spacing\" id=\"equipe\" style=\"background-color: #ffffff;\">\n    <div  class=\"gridContainer\">\n    <div  class=\"row text-center\">\n    <div  class=\"section-title-col\" data-type=\"column\">\n    <h2  class=\"\">NOTRE \u00c9QUIPE<\/h2>\n    <p  class=\"lead\">Presentez vous<\/p>\n    \n    <\/div>\n    <\/div>\n    <div  class=\"row spaced-cols content-center-sm\" data-type=\"row\">\n    <div  class=\"col-xs-12 col-sm-6 col-padding col-md-4 \">\n    <div  class=\"row \">\n    <div  data-type=\"column\" class=\"col-xs-12 col-sm-12\">\n    \n    <a data-cp-link=\"1\" href=\"#\" class=\"\" target=\"_self\" rel=\"noopener\"><img  decoding=\"async\" class=\"round face\" src=\"http:\/\/associations.lunel.com\/pescagym\/wp-content\/uploads\/sites\/36\/2022\/07\/cropped-cropped-josette.jpg\"><\/a>\n    <h4  class=\"end font-500\">Josette BONNET<\/h4>\n    <p  class=\"italic\">Pr\u00e9sidente<\/p>\n    <p  class=\"\">Pr\u00e9sentation<\/p>\n    \n    <div  class=\"social-icons-group\" data-type=\"group\"><a  href=\"#\"><i  class=\"gray fa icon fa-facebook-square small\"><\/i><\/a> <a  href=\"#\"><i  class=\"gray fa icon fa-twitter-square small\"><\/i><\/a> <a  href=\"#\"><i  class=\"gray fa icon fa-linkedin-square small\"><\/i><\/a> <a  href=\"#\"><i  class=\"gray fa icon fa-google-plus-square small\"><\/i><\/a><\/div>\n    <\/div>\n    <\/div>\n    <\/div>\n    \n    <div  class=\"col-xs-12 col-sm-6 col-padding col-md-4 \">\n    <div  class=\"row \">\n    <div  data-type=\"column\" class=\"col-xs-12 col-sm-12\">\n    \n    <a data-cp-link=\"1\" href=\"#\" class=\"\" target=\"_self\" rel=\"noopener\"><img  decoding=\"async\" class=\"round face\" src=\"http:\/\/associations.lunel.com\/pescagym\/wp-content\/uploads\/sites\/36\/2022\/07\/cropped-Daisy.jpg\"><\/a>\n    <h4  class=\"end font-500\">Daisy Flavigny<\/h4>\n    <p  class=\"italic\">Tr\u00e9sori\u00e8re<\/p>\n    \n    \n    <div  class=\"social-icons-group\" data-type=\"group\"><a  href=\"#\"><i  class=\"gray fa icon fa-facebook-square small\"><\/i><\/a> <a  href=\"#\"><i  class=\"gray fa icon fa-twitter-square small\"><\/i><\/a> <a  href=\"#\"><i  class=\"gray fa icon fa-linkedin-square small\"><\/i><\/a> <a  href=\"#\"><i  class=\"gray fa icon fa-google-plus-square small\"><\/i><\/a><\/div>\n    <\/div>\n    <\/div>\n    <\/div>\n    <div  class=\"col-xs-12 col-sm-6 col-padding col-md-4 \">\n    <div  class=\"row \">\n    <div  data-type=\"column\" class=\"col-xs-12 col-sm-12\">\n    \n    <a data-cp-link=\"1\" href=\"#\" class=\"\" target=\"_self\" rel=\"noopener\"><img  decoding=\"async\" class=\"round face\" src=\"http:\/\/associations.lunel.com\/pescagym\/wp-content\/uploads\/sites\/36\/2022\/07\/cropped-Agnes.jpg\"><\/a>\n    <h4  class=\"end font-500\">Agn\u00e8s Dhainaut<\/h4>\n    <p  class=\"italic\">Secr\u00e9taire<\/p>\n    \n    \n    <div  class=\"social-icons-group\" data-type=\"group\"><a  href=\"#\"><i  class=\"gray fa icon fa-facebook-square small\"><\/i><\/a> <a  href=\"#\"><i  class=\"gray fa icon fa-twitter-square small\"><\/i><\/a> <a  href=\"#\"><i  class=\"gray fa icon fa-linkedin-square small\"><\/i><\/a> <a  href=\"#\"><i  class=\"gray fa icon fa-google-plus-square small\"><\/i><\/a><\/div>\n    <\/div>\n    <\/div>\n    <\/div>\n    <\/div>\n    <\/div>\n    <\/div><div  data-label=\"Content\" data-id=\"content--1\" data-export-id=\"content-8\" data-category=\"content\" class=\"content-8 content-section content-section-spacing\" id=\"content-1\" style=\"background-color: rgb(245, 250, 253);\"><div  class=\"gridContainer\"> <div  class=\"row middle-sm\"><div  class=\"col-sm-6 space-bottom-xs space-top-xs content-center-sm\" data-type=\"column\"> <\/div> <div  class=\"col-sm-6 content-center-sm\" data-type=\"column\"><h2  class=\"\">NOTRE ACTUALIT\u00c9<\/h2> <p  class=\"\">Romain, animateur Pescagym,  a propos\u00e9 des cours d\u2019\u00e9t\u00e9 en ext\u00e9rieur aux Petits Pins pour garder la forme!! Les cours rencontrent un vif succ\u00e8s depuis 2017 et les mardis matin de juillet 2022 ont \u00e9t\u00e9 encore une fois pl\u00e9biscit\u00e9s par les habitu\u00e9es de Pescagym.<br ><br >Fran\u00e7oise, animatrice QI GONG, propose \u00e9galement des cours de Qi Gong le mercredi matin de 9h \u00e0 10h30 13 et 27 juillet 2022 et \u00e7a continue en ao\u00fbt : 24 et 31 ao\u00fbt 2022.<br ><br >5\u20ac le cours d\u20191h30 par personne \u2013 ouvert \u00e0 tous (adh\u00e9rents et non adh\u00e9rents Pescagym)<br >La reprise en salle est pr\u00e9vue le mardi 6 septembre \u00e0 10h salle Marcou.Romain, animateur Pescagym,  a propos\u00e9 des cours d\u2019\u00e9t\u00e9 en ext\u00e9rieur aux Petits Pins pour garder la forme!! Les cours rencontrent un vif succ\u00e8s depuis 2017 et les mardis matin de juillet 2022 ont \u00e9t\u00e9 encore une fois pl\u00e9biscit\u00e9s par les habitu\u00e9es de Pescagym.<br ><br >Fran\u00e7oise, animatrice QI GONG, propose \u00e9galement des cours de Qi Gong le mercredi matin de 9h \u00e0 10h30 13 et 27 juillet 2022 et \u00e7a continue en ao\u00fbt : 24 et 31 ao\u00fbt 2022.<br ><br >5\u20ac le cours d\u20191h30 par personne \u2013 ouvert \u00e0 tous (adh\u00e9rents et non adh\u00e9rents Pescagym)<br >La reprise en salle est pr\u00e9vue le mardi 6 septembre \u00e0 10h salle Marcou.<\/p> <\/div> <\/div><\/div> <\/div><div  data-label=\"Contact\" data-id=\"contact-1\" data-export-id=\"contact-1\" data-category=\"contact\" class=\"contact-1 content-section content-section-spacing white-text\" data-parallax-depth=\"20\" id=\"contact-1\" style=\"background-color: #ffffff; background-image: url('http:\/\/associations.lunel.com\/necara\/wp-content\/uploads\/sites\/3\/2018\/02\/contact-bg.jpg'); background-size: cover; background-position: center top;\">\n    <div  class=\"\">\n    <div  class=\"row text-center\">\n    <div  class=\"section-title-col\" data-type=\"column\">\n    <h2  class=\"\">NOUS CONTACTER<\/h2>\n    <p  class=\"lead\"><\/p>\n    \n    <\/div>\n    <\/div>\n    <div  class=\"row text-center\">\n    <div  class=\"col-xs-12 col-sm-8 col-sm-offset-2 contact-form-wrapper inline-info\">\n    <div  class=\"card large-padding\">\n    <div  class=\"\" data-content-shortcode=\"mesmerize_contact_form shortcode=&quot;contact-form-7 id=&amp;amp;quot;4&amp;amp;quot; title=&amp;amp;quot;Contact form 1&amp;amp;quot;&quot;\" data-editable=\"true\">\n<div class=\"wpcf7 no-js\" id=\"wpcf7-f9-o1\" lang=\"en-US\" dir=\"ltr\" data-wpcf7-id=\"9\">\n<div class=\"screen-reader-response\"><p role=\"status\" aria-live=\"polite\" aria-atomic=\"true\"><\/p> <ul><\/ul><\/div>\n<form action=\"\/pescagym\/wp-json\/wp\/v2\/pages\/8#wpcf7-f9-o1\" method=\"post\" class=\"wpcf7-form init\" aria-label=\"Contact form\" novalidate=\"novalidate\" data-status=\"init\">\n<fieldset class=\"hidden-fields-container\"><input type=\"hidden\" name=\"_wpcf7\" value=\"9\" \/><input type=\"hidden\" name=\"_wpcf7_version\" value=\"6.1.5\" \/><input type=\"hidden\" name=\"_wpcf7_locale\" value=\"en_US\" \/><input type=\"hidden\" name=\"_wpcf7_unit_tag\" value=\"wpcf7-f9-o1\" \/><input type=\"hidden\" name=\"_wpcf7_container_post\" value=\"0\" \/><input type=\"hidden\" name=\"_wpcf7_posted_data_hash\" value=\"\" \/>\n<\/fieldset>\n<p><label> Votre nom (requis)<br \/>\n<span class=\"wpcf7-form-control-wrap\" data-name=\"your-name\"><input size=\"40\" maxlength=\"400\" class=\"wpcf7-form-control wpcf7-text wpcf7-validates-as-required\" aria-required=\"true\" aria-invalid=\"false\" value=\"\" type=\"text\" name=\"your-name\" \/><\/span> <\/label>\n<\/p>\n<p><label> Votre Email (requis)<br \/>\n<span class=\"wpcf7-form-control-wrap\" data-name=\"your-email\"><input size=\"40\" maxlength=\"400\" class=\"wpcf7-form-control wpcf7-email wpcf7-validates-as-required wpcf7-text wpcf7-validates-as-email\" aria-required=\"true\" aria-invalid=\"false\" value=\"\" type=\"email\" name=\"your-email\" \/><\/span> <\/label>\n<\/p>\n<p><label> Objet<br \/>\n<span class=\"wpcf7-form-control-wrap\" data-name=\"your-subject\"><input size=\"40\" maxlength=\"400\" class=\"wpcf7-form-control wpcf7-text\" aria-invalid=\"false\" value=\"\" type=\"text\" name=\"your-subject\" \/><\/span> <\/label>\n<\/p>\n<p><label> votre Message<br \/>\n<span class=\"wpcf7-form-control-wrap\" data-name=\"your-message\"><textarea cols=\"40\" rows=\"10\" maxlength=\"2000\" class=\"wpcf7-form-control wpcf7-textarea\" aria-invalid=\"false\" name=\"your-message\"><\/textarea><\/span> <\/label>\n<\/p>\n<p><input class=\"wpcf7-form-control wpcf7-submit has-spinner\" type=\"submit\" value=\"Envoyer\" \/>\n<\/p><div class=\"wpcf7-response-output\" aria-hidden=\"true\"><\/div>\n<\/form>\n<\/div>\n<\/div>\n    <\/div>\n    <\/div>\n    <\/div>\n    <\/div>\n    <\/div>","protected":false},"excerpt":{"rendered":"<p>NOS ACTIVIT\u00c9S Pescagym propose des cours diff\u00e9rents de 3\/4 h \u00e0 1h30 chaque jour&nbsp; (10 \u00e0 12h hebdomadaires selon les saisons), anim\u00e9s par 5 animateurs dipl\u00f4m\u00e9s, salari\u00e9s ou prestataires. Gym, renforcement musculaire, body-sculpt, Cardio, Pilates, gym douce, Qi Gong ou encore des cours \u00ab Sp\u00e9cial Abdominaux \u00bb sont au programme! Les cours sont mixtes et&hellip; <br \/> <a class=\"read-more\" href=\"https:\/\/associations.lunel.com\/pescagym\/\">Lire la suite<\/a><\/p>\n","protected":false},"author":1,"featured_media":0,"parent":0,"menu_order":0,"comment_status":"closed","ping_status":"closed","template":"page-templates\/homepage.php","meta":{"_uag_custom_page_level_css":"","footnotes":""},"class_list":["post-8","page","type-page","status-publish","hentry"],"uagb_featured_image_src":{"full":false,"thumbnail":false,"medium":false,"medium_large":false,"large":false,"1536x1536":false,"2048x2048":false,"post-thumbnail":false,"mesmerize-full-hd":false},"uagb_author_info":{"display_name":"admin","author_link":"https:\/\/associations.lunel.com\/pescagym\/author\/admin\/"},"uagb_comment_info":0,"uagb_excerpt":"NOS ACTIVIT\u00c9S Pescagym propose des cours diff\u00e9rents de 3\/4 h \u00e0 1h30 chaque jour&nbsp; (10 \u00e0 12h hebdomadaires selon les saisons), anim\u00e9s par 5 animateurs dipl\u00f4m\u00e9s, salari\u00e9s ou prestataires. Gym, renforcement musculaire, body-sculpt, Cardio, Pilates, gym douce, Qi Gong ou encore des cours \u00ab Sp\u00e9cial Abdominaux \u00bb sont au programme! Les cours sont mixtes et&hellip;\u2026","_links":{"self":[{"href":"https:\/\/associations.lunel.com\/pescagym\/wp-json\/wp\/v2\/pages\/8","targetHints":{"allow":["GET"]}}],"collection":[{"href":"https:\/\/associations.lunel.com\/pescagym\/wp-json\/wp\/v2\/pages"}],"about":[{"href":"https:\/\/associations.lunel.com\/pescagym\/wp-json\/wp\/v2\/types\/page"}],"author":[{"embeddable":true,"href":"https:\/\/associations.lunel.com\/pescagym\/wp-json\/wp\/v2\/users\/1"}],"replies":[{"embeddable":true,"href":"https:\/\/associations.lunel.com\/pescagym\/wp-json\/wp\/v2\/comments?post=8"}],"version-history":[{"count":0,"href":"https:\/\/associations.lunel.com\/pescagym\/wp-json\/wp\/v2\/pages\/8\/revisions"}],"wp:attachment":[{"href":"https:\/\/associations.lunel.com\/pescagym\/wp-json\/wp\/v2\/media?parent=8"}],"curies":[{"name":"wp","href":"https:\/\/api.w.org\/{rel}","templated":true}]}}